{"id":9190,"date":"2023-02-02T18:26:19","date_gmt":"2023-02-02T18:26:19","guid":{"rendered":"https:\/\/s4agro.pt\/congresso\/?page_id=9190"},"modified":"2023-02-02T18:27:36","modified_gmt":"2023-02-02T18:27:36","slug":"hortee-co","status":"publish","type":"page","link":"https:\/\/s4agro.pt\/congresso\/hortee-co\/","title":{"rendered":"Hortee"},"content":{"rendered":"\t\t<div data-elementor-type=\"wp-page\" data-elementor-id=\"9190\" class=\"elementor elementor-9190\">\n\t\t\t\t\t\t<section class=\"elementor-section elementor-top-section elementor-element elementor-element-01669ca elementor-section-boxed elementor-section-height-default elementor-section-height-default\" data-id=\"01669ca\" data-element_type=\"section\" data-e-type=\"section\">\n\t\t\t\t\t\t<div class=\"elementor-container elementor-column-gap-default\">\n\t\t\t\t\t<div class=\"elementor-column elementor-col-100 elementor-top-column elementor-element elementor-element-2b93bb5\" data-id=\"2b93bb5\" data-element_type=\"column\" data-e-type=\"column\">\n\t\t\t<div class=\"elementor-widget-wrap elementor-element-populated\">\n\t\t\t\t\t\t<div class=\"elementor-element elementor-element-755141a elementor-widget elementor-widget-spacer\" data-id=\"755141a\" data-element_type=\"widget\" data-e-type=\"widget\" data-widget_type=\"spacer.default\">\n\t\t\t\t<div class=\"elementor-widget-container\">\n\t\t\t\t\t\t\t<div class=\"elementor-spacer\">\n\t\t\t<div class=\"elementor-spacer-inner\"><\/div>\n\t\t<\/div>\n\t\t\t\t\t\t<\/div>\n\t\t\t\t<\/div>\n\t\t\t\t\t<\/div>\n\t\t<\/div>\n\t\t\t\t\t<\/div>\n\t\t<\/section>\n\t\t\t\t<section class=\"elementor-section elementor-top-section elementor-element elementor-element-c7cc926 elementor-section-boxed elementor-section-height-default elementor-section-height-default\" data-id=\"c7cc926\" data-element_type=\"section\" data-e-type=\"section\">\n\t\t\t\t\t\t<div class=\"elementor-container elementor-column-gap-default\">\n\t\t\t\t\t<div class=\"elementor-column elementor-col-100 elementor-top-column elementor-element elementor-element-8452be6\" data-id=\"8452be6\" data-element_type=\"column\" data-e-type=\"column\">\n\t\t\t<div class=\"elementor-widget-wrap elementor-element-populated\">\n\t\t\t\t\t\t<div class=\"elementor-element elementor-element-fce1d21 elementor-widget elementor-widget-image\" data-id=\"fce1d21\" data-element_type=\"widget\" data-e-type=\"widget\" data-widget_type=\"image.default\">\n\t\t\t\t<div class=\"elementor-widget-container\">\n\t\t\t\t\t\t\t\t\t\t\t\t\t\t\t<img fetchpriority=\"high\" decoding=\"async\" width=\"1024\" height=\"1024\" src=\"https:\/\/s4agro.pt\/congresso\/wp-content\/uploads\/sites\/6\/2023\/02\/hortee-logo.svg\" class=\"attachment-large size-large wp-image-9178\" alt=\"\" srcset=\"https:\/\/s4agro.pt\/congresso\/wp-content\/uploads\/sites\/6\/\/2023\/02\/hortee-logo.svg 150w, https:\/\/s4agro.pt\/congresso\/wp-content\/uploads\/sites\/6\/\/2023\/02\/hortee-logo.svg 1024w\" sizes=\"(max-width: 1024px) 100vw, 1024px\" \/>\t\t\t\t\t\t\t\t\t\t\t\t\t\t\t<\/div>\n\t\t\t\t<\/div>\n\t\t\t\t<div class=\"elementor-element elementor-element-fdbb762 elementor-widget elementor-widget-spacer\" data-id=\"fdbb762\" data-element_type=\"widget\" data-e-type=\"widget\" data-widget_type=\"spacer.default\">\n\t\t\t\t<div class=\"elementor-widget-container\">\n\t\t\t\t\t\t\t<div class=\"elementor-spacer\">\n\t\t\t<div class=\"elementor-spacer-inner\"><\/div>\n\t\t<\/div>\n\t\t\t\t\t\t<\/div>\n\t\t\t\t<\/div>\n\t\t\t\t<div class=\"elementor-element elementor-element-d9023b4 elementor-widget elementor-widget-text-editor\" data-id=\"d9023b4\" data-element_type=\"widget\" data-e-type=\"widget\" data-widget_type=\"text-editor.default\">\n\t\t\t\t<div class=\"elementor-widget-container\">\n\t\t\t\t\t\t\t\t\t<p><strong>Hortee<\/strong>,Hortee, digitaliza mercados locais de alimentos frescos, tornando a produ\u00e7\u00e3o e consumo locais competitivos e inclusivos, diminuindo a perda de alimentos, e a pegada de carbono da alimenta\u00e7\u00e3o na regi\u00e3o, tornando os sistemas alimentares circulares acess\u00edveis a qualquer cidade.<\/p><p>O marketplace Hortee serve tr\u00eas tipos de utilizadores que, ao influenciarem a cadeia agroalimentar de formas diferentes, est\u00e3o ligados numa s\u00f3 plataforma digital, permitindo a f\u00e1cil transmiss\u00e3o de informa\u00e7\u00e3o e aumento de efici\u00eancia nas rela\u00e7\u00f5es. A Hortee serve munic\u00edpios, produtores agr\u00edcolas de frutas e vegetais e consumidores com consci\u00eancia ambiental. Contribui para a cria\u00e7\u00e3o, dinamiza\u00e7\u00e3o e gest\u00e3o de mercados de frescos, reporte ambiental e de medi\u00e7\u00e3o de impacto econ\u00f3mico-social, promo\u00e7\u00e3o de boas pr\u00e1ticas de consumo alimentar e de cadeias curtas de alimentos. A Hortee inclui pontos de troca locais, aumentando a confian\u00e7a e satisfa\u00e7\u00e3o dos utilizadores, contribuindo para um ambiente, economia e sociedade melhores.<\/p><p><strong>Website: <\/strong><a href=\"https:\/\/hortee.co\">https:\/\/hortee.co<\/a><\/p><p><b>Telefone: <\/b>+351 935 30 3618 \u00abChamada para a rede fixa nacional\u00bb<\/p>\t\t\t\t\t\t\t\t<\/div>\n\t\t\t\t<\/div>\n\t\t\t\t<div class=\"elementor-element elementor-element-ea72475 elementor-widget elementor-widget-spacer\" data-id=\"ea72475\" data-element_type=\"widget\" data-e-type=\"widget\" data-widget_type=\"spacer.default\">\n\t\t\t\t<div class=\"elementor-widget-container\">\n\t\t\t\t\t\t\t<div class=\"elementor-spacer\">\n\t\t\t<div class=\"elementor-spacer-inner\"><\/div>\n\t\t<\/div>\n\t\t\t\t\t\t<\/div>\n\t\t\t\t<\/div>\n\t\t\t\t\t<\/div>\n\t\t<\/div>\n\t\t\t\t\t<\/div>\n\t\t<\/section>\n\t\t\t\t<section class=\"elementor-section elementor-top-section elementor-element elementor-element-5bdbf77 elementor-section-full_width elementor-section-height-default elementor-section-height-default\" data-id=\"5bdbf77\" data-element_type=\"section\" data-e-type=\"section\" data-settings=\"{&quot;background_background&quot;:&quot;classic&quot;,&quot;sticky&quot;:&quot;bottom&quot;,&quot;sticky_on&quot;:[&quot;desktop&quot;,&quot;tablet&quot;,&quot;mobile&quot;],&quot;sticky_offset&quot;:0,&quot;sticky_effects_offset&quot;:0}\">\n\t\t\t\t\t\t<div class=\"elementor-container elementor-column-gap-default\">\n\t\t\t\t\t<div class=\"elementor-column elementor-col-100 elementor-top-column elementor-element elementor-element-ad07434\" data-id=\"ad07434\" data-element_type=\"column\" data-e-type=\"column\">\n\t\t\t<div class=\"elementor-widget-wrap elementor-element-populated\">\n\t\t\t\t\t\t<div class=\"elementor-element elementor-element-7dfcb31 elementor-widget elementor-widget-image\" data-id=\"7dfcb31\" data-element_type=\"widget\" data-e-type=\"widget\" data-widget_type=\"image.default\">\n\t\t\t\t<div class=\"elementor-widget-container\">\n\t\t\t\t\t\t\t\t\t\t\t\t\t\t\t<img decoding=\"async\" src=\"https:\/\/s4agro.pt\/congresso\/wp-content\/uploads\/sites\/6\/elementor\/thumbs\/BARRA-COMPLETA-q1kuwqlf3tsb3qxd9hvrn3wm2mn3b4bqfbwqnmgawa.png\" title=\"BARRA COMPLETA\" alt=\"BARRA COMPLETA\" loading=\"lazy\" \/>\t\t\t\t\t\t\t\t\t\t\t\t\t\t\t<\/div>\n\t\t\t\t<\/div>\n\t\t\t\t\t<\/div>\n\t\t<\/div>\n\t\t\t\t\t<\/div>\n\t\t<\/section>\n\t\t\t\t<\/div>\n\t\t","protected":false},"excerpt":{"rendered":"<p>Hortee,Hortee, digitaliza mercados locais de alimentos frescos, tornando a produ\u00e7\u00e3o e consumo locais competitivos e inclusivos, diminuindo a perda de alimentos, e a pegada de carbono da alimenta\u00e7\u00e3o na regi\u00e3o, tornando os sistemas alimentares circulares acess\u00edveis a qualquer cidade. O marketplace Hortee serve tr\u00eas tipos de utilizadores que, ao influenciarem a cadeia agroalimentar de formas&#8230;<\/p>\n","protected":false},"author":1,"featured_media":0,"parent":0,"menu_order":0,"comment_status":"closed","ping_status":"closed","template":"elementor_header_footer","meta":{"footnotes":""},"class_list":["post-9190","page","type-page","status-publish","hentry"],"aioseo_notices":[],"_links":{"self":[{"href":"https:\/\/s4agro.pt\/congresso\/wp-json\/wp\/v2\/pages\/9190","targetHints":{"allow":["GET"]}}],"collection":[{"href":"https:\/\/s4agro.pt\/congresso\/wp-json\/wp\/v2\/pages"}],"about":[{"href":"https:\/\/s4agro.pt\/congresso\/wp-json\/wp\/v2\/types\/page"}],"author":[{"embeddable":true,"href":"https:\/\/s4agro.pt\/congresso\/wp-json\/wp\/v2\/users\/1"}],"replies":[{"embeddable":true,"href":"https:\/\/s4agro.pt\/congresso\/wp-json\/wp\/v2\/comments?post=9190"}],"version-history":[{"count":4,"href":"https:\/\/s4agro.pt\/congresso\/wp-json\/wp\/v2\/pages\/9190\/revisions"}],"predecessor-version":[{"id":9194,"href":"https:\/\/s4agro.pt\/congresso\/wp-json\/wp\/v2\/pages\/9190\/revisions\/9194"}],"wp:attachment":[{"href":"https:\/\/s4agro.pt\/congresso\/wp-json\/wp\/v2\/media?parent=9190"}],"curies":[{"name":"wp","href":"https:\/\/api.w.org\/{rel}","templated":true}]}}