{"id":9084,"date":"2023-02-01T18:58:47","date_gmt":"2023-02-01T18:58:47","guid":{"rendered":"https:\/\/s4agro.pt\/congresso\/?page_id=9084"},"modified":"2023-02-02T17:54:17","modified_gmt":"2023-02-02T17:54:17","slug":"green-flavours","status":"publish","type":"page","link":"https:\/\/s4agro.pt\/congresso\/green-flavours\/","title":{"rendered":"Green Flavours"},"content":{"rendered":"\t\t<div data-elementor-type=\"wp-page\" data-elementor-id=\"9084\" class=\"elementor elementor-9084\">\n\t\t\t\t\t\t<section class=\"elementor-section elementor-top-section elementor-element elementor-element-01669ca elementor-section-boxed elementor-section-height-default elementor-section-height-default\" data-id=\"01669ca\" data-element_type=\"section\" data-e-type=\"section\">\n\t\t\t\t\t\t<div class=\"elementor-container elementor-column-gap-default\">\n\t\t\t\t\t<div class=\"elementor-column elementor-col-100 elementor-top-column elementor-element elementor-element-2b93bb5\" data-id=\"2b93bb5\" data-element_type=\"column\" data-e-type=\"column\">\n\t\t\t<div class=\"elementor-widget-wrap elementor-element-populated\">\n\t\t\t\t\t\t<div class=\"elementor-element elementor-element-755141a elementor-widget elementor-widget-spacer\" data-id=\"755141a\" data-element_type=\"widget\" data-e-type=\"widget\" data-widget_type=\"spacer.default\">\n\t\t\t\t<div class=\"elementor-widget-container\">\n\t\t\t\t\t\t\t<div class=\"elementor-spacer\">\n\t\t\t<div class=\"elementor-spacer-inner\"><\/div>\n\t\t<\/div>\n\t\t\t\t\t\t<\/div>\n\t\t\t\t<\/div>\n\t\t\t\t\t<\/div>\n\t\t<\/div>\n\t\t\t\t\t<\/div>\n\t\t<\/section>\n\t\t\t\t<section class=\"elementor-section elementor-top-section elementor-element elementor-element-c7cc926 elementor-section-boxed elementor-section-height-default elementor-section-height-default\" data-id=\"c7cc926\" data-element_type=\"section\" data-e-type=\"section\">\n\t\t\t\t\t\t<div class=\"elementor-container elementor-column-gap-default\">\n\t\t\t\t\t<div class=\"elementor-column elementor-col-100 elementor-top-column elementor-element elementor-element-8452be6\" data-id=\"8452be6\" data-element_type=\"column\" data-e-type=\"column\">\n\t\t\t<div class=\"elementor-widget-wrap elementor-element-populated\">\n\t\t\t\t\t\t<div class=\"elementor-element elementor-element-fce1d21 elementor-widget elementor-widget-image\" data-id=\"fce1d21\" data-element_type=\"widget\" data-e-type=\"widget\" data-widget_type=\"image.default\">\n\t\t\t\t<div class=\"elementor-widget-container\">\n\t\t\t\t\t\t\t\t\t\t\t\t\t\t\t<img fetchpriority=\"high\" decoding=\"async\" width=\"565\" height=\"214\" src=\"https:\/\/s4agro.pt\/congresso\/wp-content\/uploads\/sites\/6\/2023\/02\/greenFlavoursLOGO.png\" class=\"attachment-large size-large wp-image-9075\" alt=\"\" \/>\t\t\t\t\t\t\t\t\t\t\t\t\t\t\t<\/div>\n\t\t\t\t<\/div>\n\t\t\t\t<div class=\"elementor-element elementor-element-d9023b4 elementor-widget elementor-widget-text-editor\" data-id=\"d9023b4\" data-element_type=\"widget\" data-e-type=\"widget\" data-widget_type=\"text-editor.default\">\n\t\t\t\t<div class=\"elementor-widget-container\">\n\t\t\t\t\t\t\t\t\t<p><strong>Green Flavours<\/strong> \u00e9 uma empresa agr\u00edcola com cerca de 3 hectares que produz e comercializa Kiwi, pequenos frutos (framboesa, morango, mirtilos e amoras, cerejas, ma\u00e7\u00e3s) em modo biol\u00f3gico e de forma sustent\u00e1vel, situada no Troviscal, em Oliveira do Bairro .<\/p><p>Com uma equipa pluridisciplinar aproveitamos de forma sustent\u00e1vel a nossa fruta mais &#8220;feia&#8221; e transformados em deliciosas compotas de kiwi e framboesa, em desidratados de kiwi, framboesa e amora.<\/p><p>A preocupa\u00e7\u00e3o com o meio ambiente e sustentabilidade agr\u00edcola levou-nos a produzir em modo biol\u00f3gico, este sistema de produ\u00e7\u00e3o visa produzir alimentos de elevada qualidade, saud\u00e1veis, ao mesmo tempo promove pr\u00e1ticas sustent\u00e1veis e de impacto positivo no ecossistema agr\u00edcola.<\/p><p>Assim, atrav\u00e9s do uso adequado de m\u00e9todos preventivos e culturais, tais como as rota\u00e7\u00f5es, os adubos verdes, a compostagem, as consolida\u00e7\u00f5es e a instala\u00e7\u00e3o de sebes vivas, entre outros, fomenta a melhoria da fertilidade do solo e a biodiversidade. Estamos certificados em Modo de Produ\u00e7\u00e3o Biol\u00f3gico e HACCP.<\/p><p>A seguran\u00e7a alimentar e a qualidade dos nossos produtos s\u00e3o outros aspetos fundamentais da filosofia da nossa empresa, visando sempre e em \u00faltima inst\u00e2ncia a satisfa\u00e7\u00e3o dos nossos clientes e do consumidor final.<\/p><p>Tendo uma preocupa\u00e7\u00e3o com o meio ambiente e a sustentabilidade do mesmo, temos adotado a economia circular como sistema econ\u00f3mico da nossa empresa.<\/p><p>Na procura por solu\u00e7\u00f5es mais circulares e inovadoras, a Green Flavours colabora desde 2021 com a Fhlud Technologies para a cria\u00e7\u00e3o da plataforma Hortee, uma solu\u00e7\u00e3o para a otimiza\u00e7\u00e3o e digitaliza\u00e7\u00e3o das cadeias agroalimentares.<\/p><p><strong>Website: <\/strong><a href=\"https:\/\/ggreenflavours.wixsite.com\/website\">https:\/\/ggreenflavours.wixsite.com\/website<\/a><\/p><p><strong>Telefone<\/strong> &#8211; 925419160 \u00abChamada para a rede fixa nacional\u00bb<\/p>\t\t\t\t\t\t\t\t<\/div>\n\t\t\t\t<\/div>\n\t\t\t\t<div class=\"elementor-element elementor-element-ea72475 elementor-widget elementor-widget-spacer\" data-id=\"ea72475\" data-element_type=\"widget\" data-e-type=\"widget\" data-widget_type=\"spacer.default\">\n\t\t\t\t<div class=\"elementor-widget-container\">\n\t\t\t\t\t\t\t<div class=\"elementor-spacer\">\n\t\t\t<div class=\"elementor-spacer-inner\"><\/div>\n\t\t<\/div>\n\t\t\t\t\t\t<\/div>\n\t\t\t\t<\/div>\n\t\t\t\t\t<\/div>\n\t\t<\/div>\n\t\t\t\t\t<\/div>\n\t\t<\/section>\n\t\t\t\t<section class=\"elementor-section elementor-top-section elementor-element elementor-element-2fd5652 elementor-section-full_width elementor-section-height-default elementor-section-height-default\" data-id=\"2fd5652\" data-element_type=\"section\" data-e-type=\"section\" data-settings=\"{&quot;background_background&quot;:&quot;classic&quot;,&quot;sticky&quot;:&quot;bottom&quot;,&quot;sticky_on&quot;:[&quot;desktop&quot;,&quot;tablet&quot;,&quot;mobile&quot;],&quot;sticky_offset&quot;:0,&quot;sticky_effects_offset&quot;:0}\">\n\t\t\t\t\t\t<div class=\"elementor-container elementor-column-gap-default\">\n\t\t\t\t\t<div class=\"elementor-column elementor-col-100 elementor-top-column elementor-element elementor-element-c9aa551\" data-id=\"c9aa551\" data-element_type=\"column\" data-e-type=\"column\">\n\t\t\t<div class=\"elementor-widget-wrap elementor-element-populated\">\n\t\t\t\t\t\t<div class=\"elementor-element elementor-element-cc105e5 elementor-widget elementor-widget-image\" data-id=\"cc105e5\" data-element_type=\"widget\" data-e-type=\"widget\" data-widget_type=\"image.default\">\n\t\t\t\t<div class=\"elementor-widget-container\">\n\t\t\t\t\t\t\t\t\t\t\t\t\t\t\t<img decoding=\"async\" src=\"https:\/\/s4agro.pt\/congresso\/wp-content\/uploads\/sites\/6\/elementor\/thumbs\/BARRA-COMPLETA-q1kuwqlf3tsb3qxd9hvrn3wm2mn3b4bqfbwqnmgawa.png\" title=\"BARRA COMPLETA\" alt=\"BARRA COMPLETA\" loading=\"lazy\" \/>\t\t\t\t\t\t\t\t\t\t\t\t\t\t\t<\/div>\n\t\t\t\t<\/div>\n\t\t\t\t\t<\/div>\n\t\t<\/div>\n\t\t\t\t\t<\/div>\n\t\t<\/section>\n\t\t\t\t<\/div>\n\t\t","protected":false},"excerpt":{"rendered":"<p>Green Flavours \u00e9 uma empresa agr\u00edcola com cerca de 3 hectares que produz e comercializa Kiwi, pequenos frutos (framboesa, morango, mirtilos e amoras, cerejas, ma\u00e7\u00e3s) em modo biol\u00f3gico e de forma sustent\u00e1vel, situada no Troviscal, em Oliveira do Bairro . Com uma equipa pluridisciplinar aproveitamos de forma sustent\u00e1vel a nossa fruta mais &#8220;feia&#8221; e transformados&#8230;<\/p>\n","protected":false},"author":1,"featured_media":0,"parent":0,"menu_order":0,"comment_status":"closed","ping_status":"closed","template":"elementor_header_footer","meta":{"footnotes":""},"class_list":["post-9084","page","type-page","status-publish","hentry"],"aioseo_notices":[],"_links":{"self":[{"href":"https:\/\/s4agro.pt\/congresso\/wp-json\/wp\/v2\/pages\/9084","targetHints":{"allow":["GET"]}}],"collection":[{"href":"https:\/\/s4agro.pt\/congresso\/wp-json\/wp\/v2\/pages"}],"about":[{"href":"https:\/\/s4agro.pt\/congresso\/wp-json\/wp\/v2\/types\/page"}],"author":[{"embeddable":true,"href":"https:\/\/s4agro.pt\/congresso\/wp-json\/wp\/v2\/users\/1"}],"replies":[{"embeddable":true,"href":"https:\/\/s4agro.pt\/congresso\/wp-json\/wp\/v2\/comments?post=9084"}],"version-history":[{"count":13,"href":"https:\/\/s4agro.pt\/congresso\/wp-json\/wp\/v2\/pages\/9084\/revisions"}],"predecessor-version":[{"id":9144,"href":"https:\/\/s4agro.pt\/congresso\/wp-json\/wp\/v2\/pages\/9084\/revisions\/9144"}],"wp:attachment":[{"href":"https:\/\/s4agro.pt\/congresso\/wp-json\/wp\/v2\/media?parent=9084"}],"curies":[{"name":"wp","href":"https:\/\/api.w.org\/{rel}","templated":true}]}}