{"id":9034,"date":"2023-02-01T18:37:36","date_gmt":"2023-02-01T18:37:36","guid":{"rendered":"https:\/\/s4agro.pt\/congresso\/?page_id=9034"},"modified":"2023-02-02T17:54:16","modified_gmt":"2023-02-02T17:54:16","slug":"aromaticas-vivas","status":"publish","type":"page","link":"https:\/\/s4agro.pt\/congresso\/aromaticas-vivas\/","title":{"rendered":"Arom\u00e1ticas Vivas"},"content":{"rendered":"\t\t<div data-elementor-type=\"wp-page\" data-elementor-id=\"9034\" class=\"elementor elementor-9034\">\n\t\t\t\t\t\t<section class=\"elementor-section elementor-top-section elementor-element elementor-element-01669ca elementor-section-boxed elementor-section-height-default elementor-section-height-default\" data-id=\"01669ca\" data-element_type=\"section\" data-e-type=\"section\">\n\t\t\t\t\t\t<div class=\"elementor-container elementor-column-gap-default\">\n\t\t\t\t\t<div class=\"elementor-column elementor-col-100 elementor-top-column elementor-element elementor-element-2b93bb5\" data-id=\"2b93bb5\" data-element_type=\"column\" data-e-type=\"column\">\n\t\t\t<div class=\"elementor-widget-wrap elementor-element-populated\">\n\t\t\t\t\t\t<div class=\"elementor-element elementor-element-755141a elementor-widget elementor-widget-spacer\" data-id=\"755141a\" data-element_type=\"widget\" data-e-type=\"widget\" data-widget_type=\"spacer.default\">\n\t\t\t\t<div class=\"elementor-widget-container\">\n\t\t\t\t\t\t\t<div class=\"elementor-spacer\">\n\t\t\t<div class=\"elementor-spacer-inner\"><\/div>\n\t\t<\/div>\n\t\t\t\t\t\t<\/div>\n\t\t\t\t<\/div>\n\t\t\t\t\t<\/div>\n\t\t<\/div>\n\t\t\t\t\t<\/div>\n\t\t<\/section>\n\t\t\t\t<section class=\"elementor-section elementor-top-section elementor-element elementor-element-c7cc926 elementor-section-boxed elementor-section-height-default elementor-section-height-default\" data-id=\"c7cc926\" data-element_type=\"section\" data-e-type=\"section\">\n\t\t\t\t\t\t<div class=\"elementor-container elementor-column-gap-default\">\n\t\t\t\t\t<div class=\"elementor-column elementor-col-100 elementor-top-column elementor-element elementor-element-8452be6\" data-id=\"8452be6\" data-element_type=\"column\" data-e-type=\"column\">\n\t\t\t<div class=\"elementor-widget-wrap elementor-element-populated\">\n\t\t\t\t\t\t<div class=\"elementor-element elementor-element-fce1d21 elementor-widget elementor-widget-image\" data-id=\"fce1d21\" data-element_type=\"widget\" data-e-type=\"widget\" data-widget_type=\"image.default\">\n\t\t\t\t<div class=\"elementor-widget-container\">\n\t\t\t\t\t\t\t\t\t\t\t\t\t\t\t<img fetchpriority=\"high\" decoding=\"async\" width=\"450\" height=\"225\" src=\"https:\/\/s4agro.pt\/congresso\/wp-content\/uploads\/sites\/6\/2023\/02\/AV_LOGO_DETAILS.png\" class=\"attachment-large size-large wp-image-9037\" alt=\"\" \/>\t\t\t\t\t\t\t\t\t\t\t\t\t\t\t<\/div>\n\t\t\t\t<\/div>\n\t\t\t\t<div class=\"elementor-element elementor-element-d9023b4 elementor-widget elementor-widget-text-editor\" data-id=\"d9023b4\" data-element_type=\"widget\" data-e-type=\"widget\" data-widget_type=\"text-editor.default\">\n\t\t\t\t<div class=\"elementor-widget-container\">\n\t\t\t\t\t\t\t\t\t<p style=\"font-weight: 400;\">A\u00a0<strong>Arom\u00e1ticas Vivas<\/strong>\u00a0foi fundada em 2009 com o objetivo de ser, em Portugal, a maior e mais inovadora produtora de ervas arom\u00e1ticas frescas. Conta, atualmente, com uma \u00e1rea de produ\u00e7\u00e3o superior a 40.000 m2, produzindo e comercializando uma variada gama de ervas arom\u00e1ticas em vaso e cortadas ao longo de todo o ano.\u00a0Em 2019 iniciou a produ\u00e7\u00e3o de 2 gamas novas de produtos, as flores comest\u00edveis e os\u00a0<em>microgreens<\/em>.<\/p><p style=\"font-weight: 400;\">\u00a0<\/p><p style=\"font-weight: 400;\">N\u00e3o utiliza herbicidas nem pesticidas qu\u00edmicos. Usa t\u00e9cnicas e pr\u00e1ticas inovadoras para que n\u00e3o seja necess\u00e1rio utilizar qualquer produto que possa ser nefasto para o consumidor e para o ambiente. Possuindo, at\u00e9, a sua pr\u00f3pria unidade de produ\u00e7\u00e3o de insetos e outros auxiliares para a produ\u00e7\u00e3o agr\u00edcola, que contribuem para o controlo de pragas e doen\u00e7as. Os certificados de Modo de Produ\u00e7\u00e3o Biol\u00f3gico em vasos e de Global Gap s\u00e3o uma garantia das melhores boas pr\u00e1ticas agr\u00edcolas para o consumidor e para a sustentabilidade ambiental.<\/p><p style=\"font-weight: 400;\">\u00a0<\/p><p style=\"font-weight: 400;\"><strong>Website:<\/strong>\u00a0<a href=\"http:\/\/www.aromaticasvivas.com\/\" data-saferedirecturl=\"https:\/\/www.google.com\/url?q=http:\/\/www.aromaticasvivas.com&amp;source=gmail&amp;ust=1675362528497000&amp;usg=AOvVaw0k8kQa8iGmrpUF_brnmdXW\">www.aromaticasvivas.com<\/a><\/p><p style=\"font-weight: 400;\"><strong>Telefone<\/strong>\u00a0<a href=\"tel:+351258836766\">+(351) 258 836 766<\/a>\u00a0\u00abChamada para a rede fixa nacional\u00bb<\/p><p style=\"font-weight: 400;\"><strong>Email:<\/strong>\u00a0<a href=\"mailto:geral@aromaticasvivas.com\">geral@aromaticasvivas.com<\/a><\/p>\t\t\t\t\t\t\t\t<\/div>\n\t\t\t\t<\/div>\n\t\t\t\t<div class=\"elementor-element elementor-element-ea72475 elementor-widget elementor-widget-spacer\" data-id=\"ea72475\" data-element_type=\"widget\" data-e-type=\"widget\" data-widget_type=\"spacer.default\">\n\t\t\t\t<div class=\"elementor-widget-container\">\n\t\t\t\t\t\t\t<div class=\"elementor-spacer\">\n\t\t\t<div class=\"elementor-spacer-inner\"><\/div>\n\t\t<\/div>\n\t\t\t\t\t\t<\/div>\n\t\t\t\t<\/div>\n\t\t\t\t\t<\/div>\n\t\t<\/div>\n\t\t\t\t\t<\/div>\n\t\t<\/section>\n\t\t\t\t<section class=\"elementor-section elementor-top-section elementor-element elementor-element-3d2dd01 elementor-section-full_width elementor-section-height-default elementor-section-height-default\" data-id=\"3d2dd01\" data-element_type=\"section\" data-e-type=\"section\" data-settings=\"{&quot;background_background&quot;:&quot;classic&quot;,&quot;sticky&quot;:&quot;bottom&quot;,&quot;sticky_on&quot;:[&quot;desktop&quot;,&quot;tablet&quot;,&quot;mobile&quot;],&quot;sticky_offset&quot;:0,&quot;sticky_effects_offset&quot;:0}\">\n\t\t\t\t\t\t<div class=\"elementor-container elementor-column-gap-default\">\n\t\t\t\t\t<div class=\"elementor-column elementor-col-100 elementor-top-column elementor-element elementor-element-6e06737\" data-id=\"6e06737\" data-element_type=\"column\" data-e-type=\"column\">\n\t\t\t<div class=\"elementor-widget-wrap elementor-element-populated\">\n\t\t\t\t\t\t<div class=\"elementor-element elementor-element-ec552d7 elementor-widget elementor-widget-image\" data-id=\"ec552d7\" data-element_type=\"widget\" data-e-type=\"widget\" data-widget_type=\"image.default\">\n\t\t\t\t<div class=\"elementor-widget-container\">\n\t\t\t\t\t\t\t\t\t\t\t\t\t\t\t<img decoding=\"async\" src=\"https:\/\/s4agro.pt\/congresso\/wp-content\/uploads\/sites\/6\/elementor\/thumbs\/BARRA-COMPLETA-q1kuwqlf3tsb3qxd9hvrn3wm2mn3b4bqfbwqnmgawa.png\" title=\"BARRA COMPLETA\" alt=\"BARRA COMPLETA\" loading=\"lazy\" \/>\t\t\t\t\t\t\t\t\t\t\t\t\t\t\t<\/div>\n\t\t\t\t<\/div>\n\t\t\t\t\t<\/div>\n\t\t<\/div>\n\t\t\t\t\t<\/div>\n\t\t<\/section>\n\t\t\t\t<\/div>\n\t\t","protected":false},"excerpt":{"rendered":"<p>A\u00a0Arom\u00e1ticas Vivas\u00a0foi fundada em 2009 com o objetivo de ser, em Portugal, a maior e mais inovadora produtora de ervas arom\u00e1ticas frescas. Conta, atualmente, com uma \u00e1rea de produ\u00e7\u00e3o superior a 40.000 m2, produzindo e comercializando uma variada gama de ervas arom\u00e1ticas em vaso e cortadas ao longo de todo o ano.\u00a0Em 2019 iniciou a&#8230;<\/p>\n","protected":false},"author":1,"featured_media":0,"parent":0,"menu_order":0,"comment_status":"closed","ping_status":"closed","template":"elementor_header_footer","meta":{"footnotes":""},"class_list":["post-9034","page","type-page","status-publish","hentry"],"aioseo_notices":[],"_links":{"self":[{"href":"https:\/\/s4agro.pt\/congresso\/wp-json\/wp\/v2\/pages\/9034","targetHints":{"allow":["GET"]}}],"collection":[{"href":"https:\/\/s4agro.pt\/congresso\/wp-json\/wp\/v2\/pages"}],"about":[{"href":"https:\/\/s4agro.pt\/congresso\/wp-json\/wp\/v2\/types\/page"}],"author":[{"embeddable":true,"href":"https:\/\/s4agro.pt\/congresso\/wp-json\/wp\/v2\/users\/1"}],"replies":[{"embeddable":true,"href":"https:\/\/s4agro.pt\/congresso\/wp-json\/wp\/v2\/comments?post=9034"}],"version-history":[{"count":10,"href":"https:\/\/s4agro.pt\/congresso\/wp-json\/wp\/v2\/pages\/9034\/revisions"}],"predecessor-version":[{"id":9142,"href":"https:\/\/s4agro.pt\/congresso\/wp-json\/wp\/v2\/pages\/9034\/revisions\/9142"}],"wp:attachment":[{"href":"https:\/\/s4agro.pt\/congresso\/wp-json\/wp\/v2\/media?parent=9034"}],"curies":[{"name":"wp","href":"https:\/\/api.w.org\/{rel}","templated":true}]}}