{"id":8575,"date":"2023-01-14T17:19:43","date_gmt":"2023-01-14T17:19:43","guid":{"rendered":"https:\/\/s4agro.pt\/congresso\/?page_id=8575"},"modified":"2023-02-18T17:39:59","modified_gmt":"2023-02-18T17:39:59","slug":"orador-patricia-coelho","status":"publish","type":"page","link":"https:\/\/s4agro.pt\/congresso\/orador-patricia-coelho\/","title":{"rendered":"Patr\u00edcia Coelho"},"content":{"rendered":"\t\t<div data-elementor-type=\"wp-page\" data-elementor-id=\"8575\" class=\"elementor elementor-8575\">\n\t\t\t\t\t\t<section class=\"elementor-section elementor-top-section elementor-element elementor-element-e7c58c8 elementor-section-full_width elementor-section-content-middle elementor-section-stretched elementor-reverse-mobile elementor-section-height-default elementor-section-height-default\" data-id=\"e7c58c8\" data-element_type=\"section\" data-e-type=\"section\" data-settings=\"{&quot;stretch_section&quot;:&quot;section-stretched&quot;,&quot;background_background&quot;:&quot;classic&quot;}\">\n\t\t\t\t\t\t<div class=\"elementor-container elementor-column-gap-default\">\n\t\t\t\t\t<div class=\"elementor-column elementor-col-66 elementor-top-column elementor-element elementor-element-ab26842\" data-id=\"ab26842\" data-element_type=\"column\" data-e-type=\"column\">\n\t\t\t<div class=\"elementor-widget-wrap elementor-element-populated\">\n\t\t\t\t\t\t<div class=\"elementor-element elementor-element-41ffcef elementor-widget elementor-widget-heading\" data-id=\"41ffcef\" data-element_type=\"widget\" data-e-type=\"widget\" data-widget_type=\"heading.default\">\n\t\t\t\t<div class=\"elementor-widget-container\">\n\t\t\t\t\t<h2 class=\"elementor-heading-title elementor-size-default\">Patr\u00edcia Coelho<\/h2>\t\t\t\t<\/div>\n\t\t\t\t<\/div>\n\t\t\t\t<div class=\"elementor-element elementor-element-b2e4d43 elementor-widget elementor-widget-heading\" data-id=\"b2e4d43\" data-element_type=\"widget\" data-e-type=\"widget\" data-widget_type=\"heading.default\">\n\t\t\t\t<div class=\"elementor-widget-container\">\n\t\t\t\t\t<h4 class=\"elementor-heading-title elementor-size-default\">Inovcluster<\/h4>\t\t\t\t<\/div>\n\t\t\t\t<\/div>\n\t\t\t\t<div class=\"elementor-element elementor-element-c924833 elementor-widget elementor-widget-text-editor\" data-id=\"c924833\" data-element_type=\"widget\" data-e-type=\"widget\" data-widget_type=\"text-editor.default\">\n\t\t\t\t<div class=\"elementor-widget-container\">\n\t\t\t\t\t\t\t\t\t<p style=\"font-weight: 400;\">Concluiu o(a) Mestrado em Interven\u00e7\u00e3o Socio Organizacional na Sa\u00fade em 2008\/11\/05 pelo(a) Universidade de \u00c9vora, Licenciatura em Cardiopneumologia em 2003\/09 pelo(a) Instituto Polit\u00e9cnico de Coimbra Escola Superior de Tecnologia da Sa\u00fade de Coimbra, Bacharelato em Cardiopneumologia em 1998\/07 pelo(a) Instituto Polit\u00e9cnico de Coimbra Escola Superior de Tecnologia da Sa\u00fade de Coimbra e Doctor em Biomedicina em 2013\/12\/13 pelo(a) Universidad de Extremadura &#8211; Campus Badajoz.<\/p><p style=\"font-weight: 400;\">\u00c9 Professor Adjunto no(a) Instituto Polit\u00e9cnico de Castelo Branco Escola Superior de Sa\u00fade Dr Lopes Dias, Subdirector de Unidade Org\u00e2nica no(a) Instituto Polit\u00e9cnico de Castelo Branco, Dirigente de laborat\u00f3rio, instituto, museu, centro ou observat\u00f3rio no(a) Instituto Polit\u00e9cnico de Castelo Branco e Coordena\u00e7\u00e3o ou dire\u00e7\u00e3o de centro de investiga\u00e7\u00e3o, departamento ou equivalente no(a) Instituto Polit\u00e9cnico de Castelo Branco.<\/p><p style=\"font-weight: 400;\">Publicou 20 artigos em revistas especializadas.<\/p><p style=\"font-weight: 400;\">Participa e\/ou participou como Investigador respons\u00e1vel em 1 projeto(s). Nas suas atividades profissionais interagiu com 20 colaborador(es) em coautorias de trabalhos cient\u00edficos.<\/p><p style=\"font-weight: 400;\">No seu curr\u00edculo Ci\u00eancia Vitae os termos mais frequentes na contextualiza\u00e7\u00e3o da produ\u00e7\u00e3o cient\u00edfica, tecnol\u00f3gica e art\u00edstico-cultural s\u00e3o: Press\u00e3o arterial; Hipotens\u00e3o ortost\u00e1tica; Fatores de risco; Adultos; Blood pressure; Orthostatic hypotension; Adults; Risk factors; S. aureus; MRSA; Nasal carrier; Hipertens\u00e3o; Crian\u00e7a; Adolescente; Pr\u00e9-Hipertens\u00e3o; Hypertension; Prehypertension; Adolescent; Children; Music; Heart rate; Emotions; Heart Rate; Pr\u00e9-hipertens\u00e3o; Arteries; Athletes; Doppler; Lower limb; ultrasonography; Velocities; Job; Venous insufficiency; Sedentary; Prevalence; Body mass index; Obesity; Arterial hypertension; Drogas il\u00edcitas; Eletrocardiograma; Consumidores de drogas; Street drugs; electrocardiogram; Drug users; Ultrasound; Velocity; Insufici\u00eancia Renal Cr\u00f4nica; Di\u00e1lise Renal; Mortalidade; Arritmias Card\u00edacas; Bioempreendedorismo; Ensino dist\u00e2ncia; Ensino presencial; Agile lean development; Electrocardiogram; Seattle criteria; Hipertens\u00e3o arterial; Beira Baixa; Beira Baixa region; Preval\u00eancia; Doen\u00e7as cardiovasculares; Cardiovascular diseases; .<\/p><p style=\"font-weight: 400;\">\u00c9 atualmente Vereadora da C\u00e2mara Municipal de Castelo Branco e Presidente da InovCluster.<\/p>\t\t\t\t\t\t\t\t<\/div>\n\t\t\t\t<\/div>\n\t\t\t\t\t<\/div>\n\t\t<\/div>\n\t\t\t\t<div class=\"elementor-column elementor-col-33 elementor-top-column elementor-element elementor-element-3aef48c\" data-id=\"3aef48c\" data-element_type=\"column\" data-e-type=\"column\">\n\t\t\t<div class=\"elementor-widget-wrap elementor-element-populated\">\n\t\t\t\t\t\t<div class=\"elementor-element elementor-element-a9f2f92 elementor-widget elementor-widget-image\" data-id=\"a9f2f92\" data-element_type=\"widget\" data-e-type=\"widget\" data-widget_type=\"image.default\">\n\t\t\t\t<div class=\"elementor-widget-container\">\n\t\t\t\t\t\t\t\t\t\t\t\t\t\t\t<img fetchpriority=\"high\" decoding=\"async\" width=\"512\" height=\"512\" src=\"https:\/\/s4agro.pt\/congresso\/wp-content\/uploads\/sites\/6\/2023\/01\/patricia_coelho.jpg\" class=\"attachment-large size-large wp-image-8932\" alt=\"\" srcset=\"https:\/\/s4agro.pt\/congresso\/wp-content\/uploads\/sites\/6\/2023\/01\/patricia_coelho.jpg 512w, https:\/\/s4agro.pt\/congresso\/wp-content\/uploads\/sites\/6\/2023\/01\/patricia_coelho-150x150.jpg 150w\" sizes=\"(max-width: 512px) 100vw, 512px\" \/>\t\t\t\t\t\t\t\t\t\t\t\t\t\t\t<\/div>\n\t\t\t\t<\/div>\n\t\t\t\t\t<\/div>\n\t\t<\/div>\n\t\t\t\t\t<\/div>\n\t\t<\/section>\n\t\t\t\t<section class=\"elementor-section elementor-top-section elementor-element elementor-element-2605c28 elementor-section-boxed elementor-section-height-default elementor-section-height-default\" data-id=\"2605c28\" data-element_type=\"section\" data-e-type=\"section\" data-settings=\"{&quot;background_background&quot;:&quot;classic&quot;}\">\n\t\t\t\t\t\t<div class=\"elementor-container elementor-column-gap-default\">\n\t\t\t\t\t<div class=\"elementor-column elementor-col-100 elementor-top-column elementor-element elementor-element-802b8fe\" data-id=\"802b8fe\" data-element_type=\"column\" data-e-type=\"column\" data-settings=\"{&quot;background_background&quot;:&quot;classic&quot;}\">\n\t\t\t<div class=\"elementor-widget-wrap elementor-element-populated\">\n\t\t\t\t\t\t<div class=\"elementor-element elementor-element-299e9b0 elementor-widget elementor-widget-heading\" data-id=\"299e9b0\" data-element_type=\"widget\" data-e-type=\"widget\" data-widget_type=\"heading.default\">\n\t\t\t\t<div class=\"elementor-widget-container\">\n\t\t\t\t\t<h2 class=\"elementor-heading-title elementor-size-default\">Sess\u00f5es:<\/h2>\t\t\t\t<\/div>\n\t\t\t\t<\/div>\n\t\t\t\t<div class=\"elementor-element elementor-element-f2f8be5 elementor-widget elementor-widget-heading\" data-id=\"f2f8be5\" data-element_type=\"widget\" data-e-type=\"widget\" data-widget_type=\"heading.default\">\n\t\t\t\t<div class=\"elementor-widget-container\">\n\t\t\t\t\t<h4 class=\"elementor-heading-title elementor-size-default\">02 de Mar\u00e7o  - 5\u00aa feira<\/h4>\t\t\t\t<\/div>\n\t\t\t\t<\/div>\n\t\t\t\t<div class=\"elementor-element elementor-element-5ee2e7f elementor-widget elementor-widget-text-editor\" data-id=\"5ee2e7f\" data-element_type=\"widget\" data-e-type=\"widget\" data-widget_type=\"text-editor.default\">\n\t\t\t\t<div class=\"elementor-widget-container\">\n\t\t\t\t\t\t\t\t\t<h5 style=\"margin: 0;\">Cerim\u00f3nia de abertura<\/h5><div><h5 style=\"margin-right: 0px; margin-bottom: 0px; margin-left: 0px;\"><span style=\"font-weight: 400;\">09:30h<\/span> &#8211; Audit\u00f3rio Principal<\/h5><\/div>\t\t\t\t\t\t\t\t<\/div>\n\t\t\t\t<\/div>\n\t\t\t\t\t<\/div>\n\t\t<\/div>\n\t\t\t\t\t<\/div>\n\t\t<\/section>\n\t\t\t\t<section class=\"elementor-section elementor-top-section elementor-element elementor-element-41925a9 elementor-section-full_width elementor-section-stretched elementor-section-height-default elementor-section-height-default\" data-id=\"41925a9\" data-element_type=\"section\" data-e-type=\"section\" data-settings=\"{&quot;background_background&quot;:&quot;classic&quot;,&quot;sticky&quot;:&quot;bottom&quot;,&quot;stretch_section&quot;:&quot;section-stretched&quot;,&quot;sticky_on&quot;:[&quot;desktop&quot;,&quot;tablet&quot;,&quot;mobile&quot;],&quot;sticky_offset&quot;:0,&quot;sticky_effects_offset&quot;:0}\">\n\t\t\t\t\t\t<div class=\"elementor-container elementor-column-gap-default\">\n\t\t\t\t\t<div class=\"elementor-column elementor-col-100 elementor-top-column elementor-element elementor-element-6ec69f8\" data-id=\"6ec69f8\" data-element_type=\"column\" data-e-type=\"column\">\n\t\t\t<div class=\"elementor-widget-wrap elementor-element-populated\">\n\t\t\t\t\t\t<div class=\"elementor-element elementor-element-13995c7 elementor-widget elementor-widget-image\" data-id=\"13995c7\" data-element_type=\"widget\" data-e-type=\"widget\" data-widget_type=\"image.default\">\n\t\t\t\t<div class=\"elementor-widget-container\">\n\t\t\t\t\t\t\t\t\t\t\t\t\t\t\t<img decoding=\"async\" src=\"https:\/\/s4agro.pt\/congresso\/wp-content\/uploads\/sites\/6\/elementor\/thumbs\/BARRA-COMPLETA-q1kuwqlf3tsb3qxd9hvrn3wm2mn3b4bqfbwqnmgawa.png\" title=\"BARRA COMPLETA\" alt=\"BARRA COMPLETA\" loading=\"lazy\" \/>\t\t\t\t\t\t\t\t\t\t\t\t\t\t\t<\/div>\n\t\t\t\t<\/div>\n\t\t\t\t\t<\/div>\n\t\t<\/div>\n\t\t\t\t\t<\/div>\n\t\t<\/section>\n\t\t\t\t<\/div>\n\t\t","protected":false},"excerpt":{"rendered":"<p>Patr\u00edcia Coelho Inovcluster Concluiu o(a) Mestrado em Interven\u00e7\u00e3o Socio Organizacional na Sa\u00fade em 2008\/11\/05 pelo(a) Universidade de \u00c9vora, Licenciatura em Cardiopneumologia em 2003\/09 pelo(a) Instituto Polit\u00e9cnico de Coimbra Escola Superior de Tecnologia da Sa\u00fade de Coimbra, Bacharelato em Cardiopneumologia em 1998\/07 pelo(a) Instituto Polit\u00e9cnico de Coimbra Escola Superior de Tecnologia da Sa\u00fade de Coimbra e&#8230;<\/p>\n","protected":false},"author":1,"featured_media":0,"parent":0,"menu_order":0,"comment_status":"closed","ping_status":"closed","template":"elementor_header_footer","meta":{"footnotes":""},"class_list":["post-8575","page","type-page","status-publish","hentry"],"aioseo_notices":[],"_links":{"self":[{"href":"https:\/\/s4agro.pt\/congresso\/wp-json\/wp\/v2\/pages\/8575","targetHints":{"allow":["GET"]}}],"collection":[{"href":"https:\/\/s4agro.pt\/congresso\/wp-json\/wp\/v2\/pages"}],"about":[{"href":"https:\/\/s4agro.pt\/congresso\/wp-json\/wp\/v2\/types\/page"}],"author":[{"embeddable":true,"href":"https:\/\/s4agro.pt\/congresso\/wp-json\/wp\/v2\/users\/1"}],"replies":[{"embeddable":true,"href":"https:\/\/s4agro.pt\/congresso\/wp-json\/wp\/v2\/comments?post=8575"}],"version-history":[{"count":13,"href":"https:\/\/s4agro.pt\/congresso\/wp-json\/wp\/v2\/pages\/8575\/revisions"}],"predecessor-version":[{"id":9663,"href":"https:\/\/s4agro.pt\/congresso\/wp-json\/wp\/v2\/pages\/8575\/revisions\/9663"}],"wp:attachment":[{"href":"https:\/\/s4agro.pt\/congresso\/wp-json\/wp\/v2\/media?parent=8575"}],"curies":[{"name":"wp","href":"https:\/\/api.w.org\/{rel}","templated":true}]}}