{"id":8379,"date":"2023-01-12T11:25:22","date_gmt":"2023-01-12T11:25:22","guid":{"rendered":"https:\/\/s4agro.pt\/congresso\/?page_id=8379"},"modified":"2023-02-18T20:45:53","modified_gmt":"2023-02-18T20:45:53","slug":"orador-vasco-lagarto","status":"publish","type":"page","link":"https:\/\/s4agro.pt\/congresso\/orador-vasco-lagarto\/","title":{"rendered":"Vasco Lagarto"},"content":{"rendered":"\t\t<div data-elementor-type=\"wp-page\" data-elementor-id=\"8379\" class=\"elementor elementor-8379\">\n\t\t\t\t\t\t<section class=\"elementor-section elementor-top-section elementor-element elementor-element-e7c58c8 elementor-section-full_width elementor-section-content-middle elementor-section-stretched elementor-reverse-mobile elementor-section-height-default elementor-section-height-default\" data-id=\"e7c58c8\" data-element_type=\"section\" data-e-type=\"section\" data-settings=\"{&quot;stretch_section&quot;:&quot;section-stretched&quot;,&quot;background_background&quot;:&quot;classic&quot;}\">\n\t\t\t\t\t\t<div class=\"elementor-container elementor-column-gap-default\">\n\t\t\t\t\t<div class=\"elementor-column elementor-col-66 elementor-top-column elementor-element elementor-element-ab26842\" data-id=\"ab26842\" data-element_type=\"column\" data-e-type=\"column\">\n\t\t\t<div class=\"elementor-widget-wrap elementor-element-populated\">\n\t\t\t\t\t\t<div class=\"elementor-element elementor-element-41ffcef elementor-widget elementor-widget-heading\" data-id=\"41ffcef\" data-element_type=\"widget\" data-e-type=\"widget\" data-widget_type=\"heading.default\">\n\t\t\t\t<div class=\"elementor-widget-container\">\n\t\t\t\t\t<h2 class=\"elementor-heading-title elementor-size-default\">Vasco Lagarto<\/h2>\t\t\t\t<\/div>\n\t\t\t\t<\/div>\n\t\t\t\t<div class=\"elementor-element elementor-element-b2e4d43 elementor-widget elementor-widget-heading\" data-id=\"b2e4d43\" data-element_type=\"widget\" data-e-type=\"widget\" data-widget_type=\"heading.default\">\n\t\t\t\t<div class=\"elementor-widget-container\">\n\t\t\t\t\t<h4 class=\"elementor-heading-title elementor-size-default\">Diretor Operacional do\u00a0TICE.PT<\/h4>\t\t\t\t<\/div>\n\t\t\t\t<\/div>\n\t\t\t\t<div class=\"elementor-element elementor-element-c924833 elementor-widget elementor-widget-text-editor\" data-id=\"c924833\" data-element_type=\"widget\" data-e-type=\"widget\" data-widget_type=\"text-editor.default\">\n\t\t\t\t<div class=\"elementor-widget-container\">\n\t\t\t\t\t\t\t\t\t<p>\u00c9 licenciado em Engenharia Eletr\u00f3nica pela Faculdade de Engenharia da Universidade do Porto e possui o estatuto de Master of Science em Sistemas de Telecomunica\u00e7\u00f5es, pela Universidade de Essex, em Inglaterra.<\/p><p>Iniciou a sua atividade profissional no Centro de Estudos de Telecomunica\u00e7\u00f5es da Portugal Telecom (atual AlticeLabs), sendo respons\u00e1vel pelo desenvolvimento de equipamentos de telecomunica\u00e7\u00f5es utilizados na digitaliza\u00e7\u00e3o da rede nacional, assim como de alguns equipamentos de transmiss\u00e3o \u00f3tica.<\/p><p>Entre 1974 e 1979, lecionou v\u00e1rias disciplinas na \u00e1rea das telecomunica\u00e7\u00f5es, enquanto docente na Universidade de Aveiro. Possui uma vasta experi\u00eancia no setor das tice e na coordena\u00e7\u00e3o de projetos nacionais e internacionais.<\/p>\t\t\t\t\t\t\t\t<\/div>\n\t\t\t\t<\/div>\n\t\t\t\t\t<\/div>\n\t\t<\/div>\n\t\t\t\t<div class=\"elementor-column elementor-col-33 elementor-top-column elementor-element elementor-element-3aef48c\" data-id=\"3aef48c\" data-element_type=\"column\" data-e-type=\"column\">\n\t\t\t<div class=\"elementor-widget-wrap elementor-element-populated\">\n\t\t\t\t\t\t<div class=\"elementor-element elementor-element-a9f2f92 elementor-widget elementor-widget-image\" data-id=\"a9f2f92\" data-element_type=\"widget\" data-e-type=\"widget\" data-widget_type=\"image.default\">\n\t\t\t\t<div class=\"elementor-widget-container\">\n\t\t\t\t\t\t\t\t\t\t\t\t\t\t\t<img fetchpriority=\"high\" decoding=\"async\" width=\"400\" height=\"367\" src=\"https:\/\/s4agro.pt\/congresso\/wp-content\/uploads\/sites\/6\/2023\/01\/vasco.png\" class=\"attachment-large size-large wp-image-8339\" alt=\"\" \/>\t\t\t\t\t\t\t\t\t\t\t\t\t\t\t<\/div>\n\t\t\t\t<\/div>\n\t\t\t\t\t<\/div>\n\t\t<\/div>\n\t\t\t\t\t<\/div>\n\t\t<\/section>\n\t\t\t\t<section class=\"elementor-section elementor-top-section elementor-element elementor-element-2605c28 elementor-section-boxed elementor-section-height-default elementor-section-height-default\" data-id=\"2605c28\" data-element_type=\"section\" data-e-type=\"section\" data-settings=\"{&quot;background_background&quot;:&quot;classic&quot;}\">\n\t\t\t\t\t\t<div class=\"elementor-container elementor-column-gap-default\">\n\t\t\t\t\t<div class=\"elementor-column elementor-col-100 elementor-top-column elementor-element elementor-element-802b8fe\" data-id=\"802b8fe\" data-element_type=\"column\" data-e-type=\"column\" data-settings=\"{&quot;background_background&quot;:&quot;classic&quot;}\">\n\t\t\t<div class=\"elementor-widget-wrap elementor-element-populated\">\n\t\t\t\t\t\t<div class=\"elementor-element elementor-element-299e9b0 elementor-widget elementor-widget-heading\" data-id=\"299e9b0\" data-element_type=\"widget\" data-e-type=\"widget\" data-widget_type=\"heading.default\">\n\t\t\t\t<div class=\"elementor-widget-container\">\n\t\t\t\t\t<h2 class=\"elementor-heading-title elementor-size-default\">Sess\u00f5es:<\/h2>\t\t\t\t<\/div>\n\t\t\t\t<\/div>\n\t\t\t\t<div class=\"elementor-element elementor-element-f2f8be5 elementor-widget elementor-widget-heading\" data-id=\"f2f8be5\" data-element_type=\"widget\" data-e-type=\"widget\" data-widget_type=\"heading.default\">\n\t\t\t\t<div class=\"elementor-widget-container\">\n\t\t\t\t\t<h4 class=\"elementor-heading-title elementor-size-default\">03 de Mar\u00e7o  - 6\u00aa feira<\/h4>\t\t\t\t<\/div>\n\t\t\t\t<\/div>\n\t\t\t\t<div class=\"elementor-element elementor-element-5ee2e7f elementor-widget elementor-widget-text-editor\" data-id=\"5ee2e7f\" data-element_type=\"widget\" data-e-type=\"widget\" data-widget_type=\"text-editor.default\">\n\t\t\t\t<div class=\"elementor-widget-container\">\n\t\t\t\t\t\t\t\t\t<h5 style=\"margin: 0;\">Mesa Redonda: A import\u00e2ncia da Ciberseguran\u00e7a para as empresas<\/h5><h6 style=\"font-weight: 500; color: #000000;\"><span style=\"font-weight: 400;\">11:20h<\/span><span style=\"color: #001e56; font-size: 18px; font-weight: 600;\"> &#8211; Audit\u00f3rio Principal<\/span><\/h6>\t\t\t\t\t\t\t\t<\/div>\n\t\t\t\t<\/div>\n\t\t\t\t\t<\/div>\n\t\t<\/div>\n\t\t\t\t\t<\/div>\n\t\t<\/section>\n\t\t\t\t<section class=\"elementor-section elementor-top-section elementor-element elementor-element-41925a9 elementor-section-full_width elementor-section-stretched elementor-section-height-default elementor-section-height-default\" data-id=\"41925a9\" data-element_type=\"section\" data-e-type=\"section\" data-settings=\"{&quot;background_background&quot;:&quot;classic&quot;,&quot;sticky&quot;:&quot;bottom&quot;,&quot;stretch_section&quot;:&quot;section-stretched&quot;,&quot;sticky_on&quot;:[&quot;desktop&quot;,&quot;tablet&quot;,&quot;mobile&quot;],&quot;sticky_offset&quot;:0,&quot;sticky_effects_offset&quot;:0}\">\n\t\t\t\t\t\t<div class=\"elementor-container elementor-column-gap-default\">\n\t\t\t\t\t<div class=\"elementor-column elementor-col-100 elementor-top-column elementor-element elementor-element-6ec69f8\" data-id=\"6ec69f8\" data-element_type=\"column\" data-e-type=\"column\">\n\t\t\t<div class=\"elementor-widget-wrap elementor-element-populated\">\n\t\t\t\t\t\t<div class=\"elementor-element elementor-element-13995c7 elementor-widget elementor-widget-image\" data-id=\"13995c7\" data-element_type=\"widget\" data-e-type=\"widget\" data-widget_type=\"image.default\">\n\t\t\t\t<div class=\"elementor-widget-container\">\n\t\t\t\t\t\t\t\t\t\t\t\t\t\t\t<img decoding=\"async\" src=\"https:\/\/s4agro.pt\/congresso\/wp-content\/uploads\/sites\/6\/elementor\/thumbs\/BARRA-COMPLETA-q1kuwqlf3tsb3qxd9hvrn3wm2mn3b4bqfbwqnmgawa.png\" title=\"BARRA COMPLETA\" alt=\"BARRA COMPLETA\" loading=\"lazy\" \/>\t\t\t\t\t\t\t\t\t\t\t\t\t\t\t<\/div>\n\t\t\t\t<\/div>\n\t\t\t\t\t<\/div>\n\t\t<\/div>\n\t\t\t\t\t<\/div>\n\t\t<\/section>\n\t\t\t\t<\/div>\n\t\t","protected":false},"excerpt":{"rendered":"<p>Vasco Lagarto Diretor Operacional do\u00a0TICE.PT \u00c9 licenciado em Engenharia Eletr\u00f3nica pela Faculdade de Engenharia da Universidade do Porto e possui o estatuto de Master of Science em Sistemas de Telecomunica\u00e7\u00f5es, pela Universidade de Essex, em Inglaterra. Iniciou a sua atividade profissional no Centro de Estudos de Telecomunica\u00e7\u00f5es da Portugal Telecom (atual AlticeLabs), sendo respons\u00e1vel pelo&#8230;<\/p>\n","protected":false},"author":1,"featured_media":0,"parent":0,"menu_order":0,"comment_status":"closed","ping_status":"closed","template":"","meta":{"footnotes":""},"class_list":["post-8379","page","type-page","status-publish","hentry"],"aioseo_notices":[],"_links":{"self":[{"href":"https:\/\/s4agro.pt\/congresso\/wp-json\/wp\/v2\/pages\/8379","targetHints":{"allow":["GET"]}}],"collection":[{"href":"https:\/\/s4agro.pt\/congresso\/wp-json\/wp\/v2\/pages"}],"about":[{"href":"https:\/\/s4agro.pt\/congresso\/wp-json\/wp\/v2\/types\/page"}],"author":[{"embeddable":true,"href":"https:\/\/s4agro.pt\/congresso\/wp-json\/wp\/v2\/users\/1"}],"replies":[{"embeddable":true,"href":"https:\/\/s4agro.pt\/congresso\/wp-json\/wp\/v2\/comments?post=8379"}],"version-history":[{"count":36,"href":"https:\/\/s4agro.pt\/congresso\/wp-json\/wp\/v2\/pages\/8379\/revisions"}],"predecessor-version":[{"id":9820,"href":"https:\/\/s4agro.pt\/congresso\/wp-json\/wp\/v2\/pages\/8379\/revisions\/9820"}],"wp:attachment":[{"href":"https:\/\/s4agro.pt\/congresso\/wp-json\/wp\/v2\/media?parent=8379"}],"curies":[{"name":"wp","href":"https:\/\/api.w.org\/{rel}","templated":true}]}}