{"id":7352,"date":"2022-09-29T10:21:12","date_gmt":"2022-09-29T10:21:12","guid":{"rendered":"https:\/\/s4agro.pt\/congresso\/?page_id=7352"},"modified":"2023-01-06T15:08:36","modified_gmt":"2023-01-06T15:08:36","slug":"castelo-branco-en","status":"publish","type":"page","link":"https:\/\/s4agro.pt\/congresso\/en\/castelo-branco-en\/","title":{"rendered":"Castelo Branco"},"content":{"rendered":"\t\t<div data-elementor-type=\"wp-page\" data-elementor-id=\"7352\" class=\"elementor elementor-7352\">\n\t\t\t\t\t\t<section class=\"elementor-section elementor-top-section elementor-element elementor-element-0f1bc93 elementor-section-boxed elementor-section-height-default elementor-section-height-default\" data-id=\"0f1bc93\" data-element_type=\"section\" data-e-type=\"section\">\n\t\t\t\t\t\t<div class=\"elementor-container elementor-column-gap-default\">\n\t\t\t\t\t<div class=\"elementor-column elementor-col-100 elementor-top-column elementor-element elementor-element-7dab8da\" data-id=\"7dab8da\" data-element_type=\"column\" data-e-type=\"column\">\n\t\t\t<div class=\"elementor-widget-wrap elementor-element-populated\">\n\t\t\t\t\t\t<section class=\"elementor-section elementor-inner-section elementor-element elementor-element-071f746 elementor-section-boxed elementor-section-height-default elementor-section-height-default\" data-id=\"071f746\" data-element_type=\"section\" data-e-type=\"section\">\n\t\t\t\t\t\t<div class=\"elementor-container elementor-column-gap-default\">\n\t\t\t\t\t<div class=\"elementor-column elementor-col-50 elementor-inner-column elementor-element elementor-element-0127f12\" data-id=\"0127f12\" data-element_type=\"column\" data-e-type=\"column\">\n\t\t\t<div class=\"elementor-widget-wrap elementor-element-populated\">\n\t\t\t\t\t\t<div class=\"elementor-element elementor-element-fc92518 elementor-widget elementor-widget-heading\" data-id=\"fc92518\" data-element_type=\"widget\" data-e-type=\"widget\" data-widget_type=\"heading.default\">\n\t\t\t\t<div class=\"elementor-widget-container\">\n\t\t\t\t\t<h2 class=\"elementor-heading-title elementor-size-default\">Congress Venue<\/h2>\t\t\t\t<\/div>\n\t\t\t\t<\/div>\n\t\t\t\t<div class=\"elementor-element elementor-element-68406c6 elementor-widget elementor-widget-text-editor\" data-id=\"68406c6\" data-element_type=\"widget\" data-e-type=\"widget\" data-widget_type=\"text-editor.default\">\n\t\t\t\t<div class=\"elementor-widget-container\">\n\t\t\t\t\t\t\t\t\t<p>The S4agro International Congress will take place at <strong>Cine-Teatro Avenida in Castelo Branco &#8211; Portugal<\/strong> and will be organized by <a href=\"http:\/\/www.inovcluster.pt\/\" target=\"_blank\" rel=\"noopener\">InovCluster &#8211; Cluster Agro-industrial do Centro<\/a>, and hosted by the <a href=\"https:\/\/www.cm-castelobranco.pt\/\" target=\"_blank\" rel=\"noopener\">Castelo Branco City Council<\/a>.<\/p>\t\t\t\t\t\t\t\t<\/div>\n\t\t\t\t<\/div>\n\t\t\t\t<div class=\"elementor-element elementor-element-4aebd2e elementor-widget elementor-widget-text-editor\" data-id=\"4aebd2e\" data-element_type=\"widget\" data-e-type=\"widget\" data-widget_type=\"text-editor.default\">\n\t\t\t\t<div class=\"elementor-widget-container\">\n\t\t\t\t\t\t\t\t\t<h3>Contacts<\/h3><p><strong>Telephone contact:<\/strong> 272 349 560<\/p><p><strong>Website:<\/strong> www.culturavibra.com<\/p><p><strong>Opening:<\/strong> Setembro de 2000<\/p><p><strong>Intervention\/Activity Areas: <\/strong>Cinema, music, dance, theater, conferences<\/p><p><strong>Capacity:<\/strong> 700 seats<\/p>\t\t\t\t\t\t\t\t<\/div>\n\t\t\t\t<\/div>\n\t\t\t\t\t<\/div>\n\t\t<\/div>\n\t\t\t\t<div class=\"elementor-column elementor-col-50 elementor-inner-column elementor-element elementor-element-0a3db10\" data-id=\"0a3db10\" data-element_type=\"column\" data-e-type=\"column\">\n\t\t\t<div class=\"elementor-widget-wrap elementor-element-populated\">\n\t\t\t\t\t\t<div class=\"elementor-element elementor-element-56ed256 elementor-arrows-position-inside elementor-widget elementor-widget-image-carousel\" data-id=\"56ed256\" data-element_type=\"widget\" data-e-type=\"widget\" data-settings=\"{&quot;slides_to_show&quot;:&quot;1&quot;,&quot;navigation&quot;:&quot;arrows&quot;,&quot;autoplay_speed&quot;:2000,&quot;autoplay&quot;:&quot;yes&quot;,&quot;pause_on_hover&quot;:&quot;yes&quot;,&quot;pause_on_interaction&quot;:&quot;yes&quot;,&quot;infinite&quot;:&quot;yes&quot;,&quot;effect&quot;:&quot;slide&quot;,&quot;speed&quot;:500}\" data-widget_type=\"image-carousel.default\">\n\t\t\t\t<div class=\"elementor-widget-container\">\n\t\t\t\t\t\t\t<div class=\"elementor-image-carousel-wrapper swiper\" role=\"region\" aria-roledescription=\"carousel\" aria-label=\"Carrossel de imagens\" dir=\"ltr\">\n\t\t\t<div class=\"elementor-image-carousel swiper-wrapper\" aria-live=\"off\">\n\t\t\t\t\t\t\t\t<div class=\"swiper-slide\" role=\"group\" aria-roledescription=\"slide\" aria-label=\"1 of 4\"><figure class=\"swiper-slide-inner\"><img decoding=\"async\" class=\"swiper-slide-image\" src=\"https:\/\/s4agro.pt\/congresso\/wp-content\/uploads\/sites\/6\/2022\/09\/cine-teatroCB-450x450.png\" alt=\"cine-teatroCB\" \/><\/figure><\/div><div class=\"swiper-slide\" role=\"group\" aria-roledescription=\"slide\" aria-label=\"2 of 4\"><figure class=\"swiper-slide-inner\"><img decoding=\"async\" class=\"swiper-slide-image\" src=\"https:\/\/s4agro.pt\/congresso\/wp-content\/uploads\/sites\/6\/2022\/09\/cinceTeatroCB.Hall_-450x450.png\" alt=\"cinceTeatroCB.Hall\" \/><\/figure><\/div><div class=\"swiper-slide\" role=\"group\" aria-roledescription=\"slide\" aria-label=\"3 of 4\"><figure class=\"swiper-slide-inner\"><img decoding=\"async\" class=\"swiper-slide-image\" src=\"https:\/\/s4agro.pt\/congresso\/wp-content\/uploads\/sites\/6\/2022\/09\/cine-teatroCB.chairs-450x450.png\" alt=\"cine-teatroCB.chairs\" \/><\/figure><\/div><div class=\"swiper-slide\" role=\"group\" aria-roledescription=\"slide\" aria-label=\"4 of 4\"><figure class=\"swiper-slide-inner\"><img decoding=\"async\" class=\"swiper-slide-image\" src=\"https:\/\/s4agro.pt\/congresso\/wp-content\/uploads\/sites\/6\/2022\/09\/cine-teatroCB2-450x450.png\" alt=\"cine-teatroCB2\" \/><\/figure><\/div>\t\t\t<\/div>\n\t\t\t\t\t\t\t\t\t\t\t\t<div class=\"elementor-swiper-button elementor-swiper-button-prev\" role=\"button\" tabindex=\"0\">\n\t\t\t\t\t\t<i aria-hidden=\"true\" class=\"eicon-chevron-left\"><\/i>\t\t\t\t\t<\/div>\n\t\t\t\t\t<div class=\"elementor-swiper-button elementor-swiper-button-next\" role=\"button\" tabindex=\"0\">\n\t\t\t\t\t\t<i aria-hidden=\"true\" class=\"eicon-chevron-right\"><\/i>\t\t\t\t\t<\/div>\n\t\t\t\t\n\t\t\t\t\t\t\t\t\t<\/div>\n\t\t\t\t\t\t<\/div>\n\t\t\t\t<\/div>\n\t\t\t\t\t<\/div>\n\t\t<\/div>\n\t\t\t\t\t<\/div>\n\t\t<\/section>\n\t\t\t\t\t<\/div>\n\t\t<\/div>\n\t\t\t\t\t<\/div>\n\t\t<\/section>\n\t\t\t\t<section class=\"elementor-section elementor-top-section elementor-element elementor-element-9f8a142 elementor-section-boxed elementor-section-height-default elementor-section-height-default\" data-id=\"9f8a142\" data-element_type=\"section\" data-e-type=\"section\">\n\t\t\t\t\t\t<div class=\"elementor-container elementor-column-gap-default\">\n\t\t\t\t\t<div class=\"elementor-column elementor-col-100 elementor-top-column elementor-element elementor-element-d086561\" data-id=\"d086561\" data-element_type=\"column\" data-e-type=\"column\">\n\t\t\t<div class=\"elementor-widget-wrap elementor-element-populated\">\n\t\t\t\t\t\t<div class=\"elementor-element elementor-element-6094fa5 elementor-widget elementor-widget-google_maps\" data-id=\"6094fa5\" data-element_type=\"widget\" data-e-type=\"widget\" data-widget_type=\"google_maps.default\">\n\t\t\t\t<div class=\"elementor-widget-container\">\n\t\t\t\t\t\t\t<div class=\"elementor-custom-embed\">\n\t\t\t<iframe loading=\"lazy\"\n\t\t\t\t\tsrc=\"https:\/\/maps.google.com\/maps?q=cine-teatro%20avenida%2C%20Castelo%20Branco%2C%20Portugal&#038;t=m&#038;z=15&#038;output=embed&#038;iwloc=near\"\n\t\t\t\t\ttitle=\"cine-teatro avenida, Castelo Branco, Portugal\"\n\t\t\t\t\taria-label=\"cine-teatro avenida, Castelo Branco, Portugal\"\n\t\t\t><\/iframe>\n\t\t<\/div>\n\t\t\t\t\t\t<\/div>\n\t\t\t\t<\/div>\n\t\t\t\t<div data-ep-wrapper-link=\"{&quot;url&quot;:&quot;https:\\\/\\\/castelobranco360.cm-castelobranco.pt\\\/&quot;,&quot;is_external&quot;:&quot;on&quot;,&quot;nofollow&quot;:&quot;&quot;,&quot;custom_attributes&quot;:&quot;&quot;}\" style=\"cursor: pointer\" class=\"bdt-element-link elementor-element elementor-element-f56ff28 elementor-absolute elementor-widget__width-initial elementor-invisible elementor-widget elementor-widget-rt-address-box\" data-id=\"f56ff28\" data-element_type=\"widget\" data-e-type=\"widget\" data-settings=\"{&quot;_position&quot;:&quot;absolute&quot;,&quot;_animation&quot;:&quot;fadeInUp&quot;,&quot;_animation_delay&quot;:300}\" data-widget_type=\"rt-address-box.default\">\n\t\t\t\t<div class=\"elementor-widget-container\">\n\t\t\t\t\t\n<div class=\"address-box box-v1 common-box\">\n    <div class=\"content-box\">\n                <div class=\"sub-title\">CASTELO BRANCO<\/div>\n                <h2 class=\"title\">Cine-Teatro Avenida<\/h2>\n                <div class=\"list-info\">\n            <ul>\n                                <li>\n                    Address                    <p>Av. General Humberto Delgado 99,\n6000-81 Castelo Branco<\/p>\n                <\/li>\n                                <li>\n                    Contact                    <p>(+351) 272 349 560<\/p>\n                <\/li>\n                                <li>\n                    Start Virtual Map                    <p><\/p>\n                <\/li>\n                            <\/ul>\n        <\/div>\n            <\/div>\n<\/div>\t\t\t\t<\/div>\n\t\t\t\t<\/div>\n\t\t\t\t\t<\/div>\n\t\t<\/div>\n\t\t\t\t\t<\/div>\n\t\t<\/section>\n\t\t\t\t<section class=\"elementor-section elementor-top-section elementor-element elementor-element-f086d46 elementor-section-content-middle elementor-section-boxed elementor-section-height-default elementor-section-height-default\" data-id=\"f086d46\" data-element_type=\"section\" data-e-type=\"section\">\n\t\t\t\t\t\t<div class=\"elementor-container elementor-column-gap-default\">\n\t\t\t\t\t<div class=\"elementor-column elementor-col-50 elementor-top-column elementor-element elementor-element-61d843b\" data-id=\"61d843b\" data-element_type=\"column\" data-e-type=\"column\">\n\t\t\t<div class=\"elementor-widget-wrap elementor-element-populated\">\n\t\t\t\t\t\t<div class=\"elementor-element elementor-element-0014294 elementor-widget elementor-widget-heading\" data-id=\"0014294\" data-element_type=\"widget\" data-e-type=\"widget\" data-widget_type=\"heading.default\">\n\t\t\t\t<div class=\"elementor-widget-container\">\n\t\t\t\t\t<h2 class=\"elementor-heading-title elementor-size-default\">Castelo Branco City\n<\/h2>\t\t\t\t<\/div>\n\t\t\t\t<\/div>\n\t\t\t\t<div class=\"elementor-element elementor-element-03f690b elementor-widget elementor-widget-text-editor\" data-id=\"03f690b\" data-element_type=\"widget\" data-e-type=\"widget\" data-widget_type=\"text-editor.default\">\n\t\t\t\t<div class=\"elementor-widget-container\">\n\t\t\t\t\t\t\t\t\t<p>Castelo Branco is a Portuguese city, capital of the Castelo Branco district, located in the Centro region (Beiras Region) of Portugal, in the Beira Interior Sul sub-region and in the former province of Beira Baixa, with about 34,000 inhabitants in its urban perimeter.<\/p><p>It is the seat of the third largest Portuguese municipality, with an area of \u200b\u200b1,438.19 km\u00b2 and 56,109 inhabitants (albicastrenses) (2011), subdivided into 19 parishes. The municipality is limited to the north by the municipality of Fund\u00e3o, to the east by Idanha-a-Nova, to the south by Spain, to the southwest by Vila Velha de R\u00f3d\u00e3o and to the west by Proen\u00e7a-a-Nova and Oleiros. It is located in the interior of Portugal, approximately 50 km from the border with Spain and about 100 km from the city of Guarda and 80 km from the city of Portalegre, the nearest district capitals.<\/p>\t\t\t\t\t\t\t\t<\/div>\n\t\t\t\t<\/div>\n\t\t\t\t<section class=\"elementor-section elementor-inner-section elementor-element elementor-element-726bda8 elementor-section-boxed elementor-section-height-default elementor-section-height-default\" data-id=\"726bda8\" data-element_type=\"section\" data-e-type=\"section\">\n\t\t\t\t\t\t<div class=\"elementor-container elementor-column-gap-default\">\n\t\t\t\t\t<div class=\"elementor-column elementor-col-50 elementor-inner-column elementor-element elementor-element-9e508a4\" data-id=\"9e508a4\" data-element_type=\"column\" data-e-type=\"column\">\n\t\t\t<div class=\"elementor-widget-wrap elementor-element-populated\">\n\t\t\t\t\t\t<div class=\"elementor-element elementor-element-5fcbbbd elementor-align-center elementor-widget elementor-widget-elementskit-button\" data-id=\"5fcbbbd\" data-element_type=\"widget\" data-e-type=\"widget\" data-widget_type=\"elementskit-button.default\">\n\t\t\t\t<div class=\"elementor-widget-container\">\n\t\t\t\t\t<div class=\"ekit-wid-con\" >\t\t<div class=\"ekit-btn-wraper\">\n\t\t\t\t\t\t\t<a href=\"https:\/\/www.cm-castelobranco.pt\/visitante\/descanse-no-nosso-concelho\/\" target=\"_blank\" class=\"elementskit-btn  whitespace--normal\" id=\"\">\n\t\t\t\t\t<i class=\"fas fa-hotel\"><\/i>Where to sleep\t\t\t\t<\/a>\n\t\t\t\t\t<\/div>\n        <\/div>\t\t\t\t<\/div>\n\t\t\t\t<\/div>\n\t\t\t\t\t<\/div>\n\t\t<\/div>\n\t\t\t\t<div class=\"elementor-column elementor-col-50 elementor-inner-column elementor-element elementor-element-e6279a4\" data-id=\"e6279a4\" data-element_type=\"column\" data-e-type=\"column\">\n\t\t\t<div class=\"elementor-widget-wrap elementor-element-populated\">\n\t\t\t\t\t\t<div class=\"elementor-element elementor-element-7d17246 elementor-align-center elementor-widget elementor-widget-elementskit-button\" data-id=\"7d17246\" data-element_type=\"widget\" data-e-type=\"widget\" data-widget_type=\"elementskit-button.default\">\n\t\t\t\t<div class=\"elementor-widget-container\">\n\t\t\t\t\t<div class=\"ekit-wid-con\" >\t\t<div class=\"ekit-btn-wraper\">\n\t\t\t\t\t\t\t<a href=\"https:\/\/www.cm-castelobranco.pt\/visitante\/a-beira-na-mesa\/\" target=\"_blank\" class=\"elementskit-btn  whitespace--normal\" id=\"\">\n\t\t\t\t\t<i class=\"fas fa-pizza-slice\"><\/i>Where to eat\t\t\t\t<\/a>\n\t\t\t\t\t<\/div>\n        <\/div>\t\t\t\t<\/div>\n\t\t\t\t<\/div>\n\t\t\t\t\t<\/div>\n\t\t<\/div>\n\t\t\t\t\t<\/div>\n\t\t<\/section>\n\t\t\t\t\t<\/div>\n\t\t<\/div>\n\t\t\t\t<div class=\"elementor-column elementor-col-50 elementor-top-column elementor-element elementor-element-e051571\" data-id=\"e051571\" data-element_type=\"column\" data-e-type=\"column\">\n\t\t\t<div class=\"elementor-widget-wrap elementor-element-populated\">\n\t\t\t\t\t\t<div class=\"elementor-element elementor-element-18cef12 elementor-widget elementor-widget-image\" data-id=\"18cef12\" data-element_type=\"widget\" data-e-type=\"widget\" data-widget_type=\"image.default\">\n\t\t\t\t<div class=\"elementor-widget-container\">\n\t\t\t\t\t\t\t\t\t\t\t\t\t\t\t<img fetchpriority=\"high\" decoding=\"async\" width=\"1024\" height=\"673\" src=\"https:\/\/s4agro.pt\/congresso\/wp-content\/uploads\/sites\/6\/2022\/09\/277004952_4906045669517896_8141787389184178070_n-1024x673.jpg\" class=\"attachment-large size-large wp-image-6942\" alt=\"\" srcset=\"https:\/\/s4agro.pt\/congresso\/wp-content\/uploads\/sites\/6\/2022\/09\/277004952_4906045669517896_8141787389184178070_n-1024x673.jpg 1024w, https:\/\/s4agro.pt\/congresso\/wp-content\/uploads\/sites\/6\/2022\/09\/277004952_4906045669517896_8141787389184178070_n-700x460.jpg 700w, https:\/\/s4agro.pt\/congresso\/wp-content\/uploads\/sites\/6\/2022\/09\/277004952_4906045669517896_8141787389184178070_n-768x505.jpg 768w, https:\/\/s4agro.pt\/congresso\/wp-content\/uploads\/sites\/6\/2022\/09\/277004952_4906045669517896_8141787389184178070_n-600x395.jpg 600w, https:\/\/s4agro.pt\/congresso\/wp-content\/uploads\/sites\/6\/2022\/09\/277004952_4906045669517896_8141787389184178070_n.jpg 1399w\" sizes=\"(max-width: 1024px) 100vw, 1024px\" \/>\t\t\t\t\t\t\t\t\t\t\t\t\t\t\t<\/div>\n\t\t\t\t<\/div>\n\t\t\t\t\t<\/div>\n\t\t<\/div>\n\t\t\t\t\t<\/div>\n\t\t<\/section>\n\t\t\t\t<section class=\"elementor-section elementor-top-section elementor-element elementor-element-8e9d4eb elementor-section-boxed elementor-section-height-default elementor-section-height-default\" data-id=\"8e9d4eb\" data-element_type=\"section\" data-e-type=\"section\">\n\t\t\t\t\t\t<div class=\"elementor-container elementor-column-gap-default\">\n\t\t\t\t\t<div class=\"elementor-column elementor-col-100 elementor-top-column elementor-element elementor-element-3a58f33\" data-id=\"3a58f33\" data-element_type=\"column\" data-e-type=\"column\">\n\t\t\t<div class=\"elementor-widget-wrap elementor-element-populated\">\n\t\t\t\t\t\t<div class=\"elementor-element elementor-element-d0c7991 elementor-widget elementor-widget-text-editor\" data-id=\"d0c7991\" data-element_type=\"widget\" data-e-type=\"widget\" data-widget_type=\"text-editor.default\">\n\t\t\t\t<div class=\"elementor-widget-container\">\n\t\t\t\t\t\t\t\t\t<p>Unlike other cities in the region, which grew notably due to the textile industry, Castelo Branco has always had a geostrategic and political importance in Portugal.<br \/>It is not, therefore, subject to the economic fluctuations that relocated textile companies &#8211; especially those with unskilled manual work &#8211; as happened in the northern region and in Cova da Beira. The predominant sociological composition is therefore also very different from other cities of working class culture.<br \/>It was considered in 2006, in a study prepared by DECO, the second district capital in the country with the best quality of life. In 2017, it is ranked 36th nationally, and 7th in the Center region, according to a study by Bloom Consulting.<\/p>\t\t\t\t\t\t\t\t<\/div>\n\t\t\t\t<\/div>\n\t\t\t\t<section class=\"elementor-section elementor-inner-section elementor-element elementor-element-7e5fc8a elementor-section-content-middle elementor-section-boxed elementor-section-height-default elementor-section-height-default\" data-id=\"7e5fc8a\" data-element_type=\"section\" data-e-type=\"section\">\n\t\t\t\t\t\t<div class=\"elementor-container elementor-column-gap-default\">\n\t\t\t\t\t<div class=\"elementor-column elementor-col-50 elementor-inner-column elementor-element elementor-element-5cfb98c\" data-id=\"5cfb98c\" data-element_type=\"column\" data-e-type=\"column\">\n\t\t\t<div class=\"elementor-widget-wrap elementor-element-populated\">\n\t\t\t\t\t\t<div class=\"elementor-element elementor-element-fb3f7ab elementor-widget elementor-widget-text-editor\" data-id=\"fb3f7ab\" data-element_type=\"widget\" data-e-type=\"widget\" data-widget_type=\"text-editor.default\">\n\t\t\t\t<div class=\"elementor-widget-container\">\n\t\t\t\t\t\t\t\t\t<h4><span style=\"color: #3f9191;\"><strong>Meteorology<\/strong><\/span><\/h4>\nThe climate in the municipality of Castelo Branco is Mediterranean temperate influenced by continentality, so it has little humidity throughout the year. The city&#8217;s location, in a transitory area between the Mediterranean Sea and the Atlantic Ocean, gives it many of the climatological properties it presents. The average air temperature is around 15.5 \u00b0C, reaching its minimum in January (with average minimum temperatures close to 1 \u00b0C) and with an average of 7.9 \u00b0C. At its maximum in July (where the temperature is, on average, around 25 \u00b0C).\t\t\t\t\t\t\t\t<\/div>\n\t\t\t\t<\/div>\n\t\t\t\t\t<\/div>\n\t\t<\/div>\n\t\t\t\t<div class=\"elementor-column elementor-col-50 elementor-inner-column elementor-element elementor-element-add3207\" data-id=\"add3207\" data-element_type=\"column\" data-e-type=\"column\">\n\t\t\t<div class=\"elementor-widget-wrap elementor-element-populated\">\n\t\t\t\t\t\t<div class=\"elementor-element elementor-element-fa1972a elementor-widget elementor-widget-image\" data-id=\"fa1972a\" data-element_type=\"widget\" data-e-type=\"widget\" data-widget_type=\"image.default\">\n\t\t\t\t<div class=\"elementor-widget-container\">\n\t\t\t\t\t\t\t\t\t\t\t\t\t\t\t<img decoding=\"async\" width=\"1192\" height=\"439\" src=\"https:\/\/s4agro.pt\/congresso\/wp-content\/uploads\/sites\/6\/2022\/09\/temperatura.png\" class=\"attachment-full size-full wp-image-6943\" alt=\"\" srcset=\"https:\/\/s4agro.pt\/congresso\/wp-content\/uploads\/sites\/6\/2022\/09\/temperatura.png 1192w, https:\/\/s4agro.pt\/congresso\/wp-content\/uploads\/sites\/6\/2022\/09\/temperatura-700x258.png 700w, https:\/\/s4agro.pt\/congresso\/wp-content\/uploads\/sites\/6\/2022\/09\/temperatura-1024x377.png 1024w, https:\/\/s4agro.pt\/congresso\/wp-content\/uploads\/sites\/6\/2022\/09\/temperatura-768x283.png 768w, https:\/\/s4agro.pt\/congresso\/wp-content\/uploads\/sites\/6\/2022\/09\/temperatura-600x221.png 600w\" sizes=\"(max-width: 1192px) 100vw, 1192px\" \/>\t\t\t\t\t\t\t\t\t\t\t\t\t\t\t<\/div>\n\t\t\t\t<\/div>\n\t\t\t\t\t<\/div>\n\t\t<\/div>\n\t\t\t\t\t<\/div>\n\t\t<\/section>\n\t\t\t\t\t<\/div>\n\t\t<\/div>\n\t\t\t\t\t<\/div>\n\t\t<\/section>\n\t\t\t\t<section class=\"elementor-section elementor-top-section elementor-element elementor-element-ae85eea elementor-section-full_width elementor-section-height-default elementor-section-height-default\" data-id=\"ae85eea\" data-element_type=\"section\" data-e-type=\"section\" data-settings=\"{&quot;background_background&quot;:&quot;classic&quot;,&quot;sticky&quot;:&quot;bottom&quot;,&quot;sticky_on&quot;:[&quot;desktop&quot;,&quot;tablet&quot;,&quot;mobile&quot;],&quot;sticky_offset&quot;:0,&quot;sticky_effects_offset&quot;:0}\">\n\t\t\t\t\t\t<div class=\"elementor-container elementor-column-gap-default\">\n\t\t\t\t\t<div class=\"elementor-column elementor-col-100 elementor-top-column elementor-element elementor-element-615176a9\" data-id=\"615176a9\" data-element_type=\"column\" data-e-type=\"column\">\n\t\t\t<div class=\"elementor-widget-wrap elementor-element-populated\">\n\t\t\t\t\t\t<div class=\"elementor-element elementor-element-22caff49 elementor-widget elementor-widget-image\" data-id=\"22caff49\" data-element_type=\"widget\" data-e-type=\"widget\" data-widget_type=\"image.default\">\n\t\t\t\t<div class=\"elementor-widget-container\">\n\t\t\t\t\t\t\t\t\t\t\t\t\t\t\t<img decoding=\"async\" src=\"https:\/\/s4agro.pt\/congresso\/wp-content\/uploads\/sites\/6\/elementor\/thumbs\/BARRA-COMPLETA-q1kuwqlf3tsb3qxd9hvrn3wm2mn3b4bqfbwqnmgawa.png\" title=\"BARRA COMPLETA\" alt=\"BARRA COMPLETA\" loading=\"lazy\" \/>\t\t\t\t\t\t\t\t\t\t\t\t\t\t\t<\/div>\n\t\t\t\t<\/div>\n\t\t\t\t\t<\/div>\n\t\t<\/div>\n\t\t\t\t\t<\/div>\n\t\t<\/section>\n\t\t\t\t<\/div>\n\t\t","protected":false},"excerpt":{"rendered":"<p>Congress Venue The S4agro International Congress will take place at Cine-Teatro Avenida in Castelo Branco &#8211; Portugal and will be organized by InovCluster &#8211; Cluster Agro-industrial do Centro, and hosted by the Castelo Branco City Council. Contacts Telephone contact: 272 349 560 Website: www.culturavibra.com Opening: Setembro de 2000 Intervention\/Activity Areas: Cinema, music, dance, theater, conferences&#8230;<\/p>\n","protected":false},"author":1,"featured_media":0,"parent":0,"menu_order":0,"comment_status":"closed","ping_status":"closed","template":"elementor_header_footer","meta":{"footnotes":""},"class_list":["post-7352","page","type-page","status-publish","hentry"],"aioseo_notices":[],"_links":{"self":[{"href":"https:\/\/s4agro.pt\/congresso\/wp-json\/wp\/v2\/pages\/7352","targetHints":{"allow":["GET"]}}],"collection":[{"href":"https:\/\/s4agro.pt\/congresso\/wp-json\/wp\/v2\/pages"}],"about":[{"href":"https:\/\/s4agro.pt\/congresso\/wp-json\/wp\/v2\/types\/page"}],"author":[{"embeddable":true,"href":"https:\/\/s4agro.pt\/congresso\/wp-json\/wp\/v2\/users\/1"}],"replies":[{"embeddable":true,"href":"https:\/\/s4agro.pt\/congresso\/wp-json\/wp\/v2\/comments?post=7352"}],"version-history":[{"count":13,"href":"https:\/\/s4agro.pt\/congresso\/wp-json\/wp\/v2\/pages\/7352\/revisions"}],"predecessor-version":[{"id":8334,"href":"https:\/\/s4agro.pt\/congresso\/wp-json\/wp\/v2\/pages\/7352\/revisions\/8334"}],"wp:attachment":[{"href":"https:\/\/s4agro.pt\/congresso\/wp-json\/wp\/v2\/media?parent=7352"}],"curies":[{"name":"wp","href":"https:\/\/api.w.org\/{rel}","templated":true}]}}