{"id":7128,"date":"2022-09-28T14:49:14","date_gmt":"2022-09-28T14:49:14","guid":{"rendered":"https:\/\/s4agro.pt\/congresso\/?page_id=7128"},"modified":"2023-01-26T09:14:53","modified_gmt":"2023-01-26T09:14:53","slug":"comissoes","status":"publish","type":"page","link":"https:\/\/s4agro.pt\/congresso\/comissoes\/","title":{"rendered":"Comiss\u00f5es"},"content":{"rendered":"\t\t<div data-elementor-type=\"wp-page\" data-elementor-id=\"7128\" class=\"elementor elementor-7128\">\n\t\t\t\t\t\t<section class=\"elementor-section elementor-top-section elementor-element elementor-element-cb38434 elementor-section-boxed elementor-section-height-default elementor-section-height-default\" data-id=\"cb38434\" data-element_type=\"section\" data-e-type=\"section\">\n\t\t\t\t\t\t<div class=\"elementor-container elementor-column-gap-default\">\n\t\t\t\t\t<div class=\"elementor-column elementor-col-100 elementor-top-column elementor-element elementor-element-aaf407d\" data-id=\"aaf407d\" data-element_type=\"column\" data-e-type=\"column\">\n\t\t\t<div class=\"elementor-widget-wrap elementor-element-populated\">\n\t\t\t\t\t\t<div class=\"elementor-element elementor-element-8943f59 elementor-widget elementor-widget-spacer\" data-id=\"8943f59\" data-element_type=\"widget\" data-e-type=\"widget\" data-widget_type=\"spacer.default\">\n\t\t\t\t<div class=\"elementor-widget-container\">\n\t\t\t\t\t\t\t<div class=\"elementor-spacer\">\n\t\t\t<div class=\"elementor-spacer-inner\"><\/div>\n\t\t<\/div>\n\t\t\t\t\t\t<\/div>\n\t\t\t\t<\/div>\n\t\t\t\t<div class=\"elementor-element elementor-element-7e320e8 elementor-widget elementor-widget-heading\" data-id=\"7e320e8\" data-element_type=\"widget\" data-e-type=\"widget\" data-widget_type=\"heading.default\">\n\t\t\t\t<div class=\"elementor-widget-container\">\n\t\t\t\t\t<h3 class=\"elementor-heading-title elementor-size-default\">Presidente<\/h3>\t\t\t\t<\/div>\n\t\t\t\t<\/div>\n\t\t\t\t<div class=\"elementor-element elementor-element-9d1d24f elementor-widget elementor-widget-text-editor\" data-id=\"9d1d24f\" data-element_type=\"widget\" data-e-type=\"widget\" data-widget_type=\"text-editor.default\">\n\t\t\t\t<div class=\"elementor-widget-container\">\n\t\t\t\t\t\t\t\t\t<p>Pedro Dinis Gaspar, <em>Universidade da Beira Interior, Portugal<\/em><\/p>\t\t\t\t\t\t\t\t<\/div>\n\t\t\t\t<\/div>\n\t\t\t\t\t<\/div>\n\t\t<\/div>\n\t\t\t\t\t<\/div>\n\t\t<\/section>\n\t\t\t\t<section class=\"elementor-section elementor-top-section elementor-element elementor-element-217766e elementor-section-boxed elementor-section-height-default elementor-section-height-default\" data-id=\"217766e\" data-element_type=\"section\" data-e-type=\"section\">\n\t\t\t\t\t\t<div class=\"elementor-container elementor-column-gap-default\">\n\t\t\t\t\t<div class=\"elementor-column elementor-col-50 elementor-top-column elementor-element elementor-element-c0917c2\" data-id=\"c0917c2\" data-element_type=\"column\" data-e-type=\"column\">\n\t\t\t<div class=\"elementor-widget-wrap elementor-element-populated\">\n\t\t\t\t\t\t<div class=\"elementor-element elementor-element-c479557 elementor-widget elementor-widget-heading\" data-id=\"c479557\" data-element_type=\"widget\" data-e-type=\"widget\" data-widget_type=\"heading.default\">\n\t\t\t\t<div class=\"elementor-widget-container\">\n\t\t\t\t\t<h4 class=\"elementor-heading-title elementor-size-default\">Comiss\u00e3o Organizadora:<\/h4>\t\t\t\t<\/div>\n\t\t\t\t<\/div>\n\t\t\t\t<div class=\"elementor-element elementor-element-87a9d6d elementor-widget elementor-widget-text-editor\" data-id=\"87a9d6d\" data-element_type=\"widget\" data-e-type=\"widget\" data-widget_type=\"text-editor.default\">\n\t\t\t\t<div class=\"elementor-widget-container\">\n\t\t\t\t\t\t\t\t\t<ul><li>Ana Cristina Agulheiro Santos, <em>Universidade de \u00c9vora, MED|CHANGE, Portugal<\/em><\/li><li>Ana Sargento, <em>Instituto<\/em><em> Polit\u00e9cnico de Leiria, Portugal<\/em><\/li><li>Carlos Dias Pereira, <em>Instituto Polit\u00e9cnico de Coimbra &#8211; Escola Superior Agr\u00e1ria de Coimbra, Portugal<\/em><\/li><li>Christelle Domingos, Inovcluster \u2013 Association of the Center Region Agro-Industrial Cluster, Portugal<\/li><li>Jo\u00e3o G\u00e2ndara, <em>Instituto Polit\u00e9cnico de Coimbra &#8211; Escola Superior Agr\u00e1ria de Coimbra, Portugal<\/em><\/li><li>Maria Eduarda Potes, <em>Universidade de \u00c9vora, MED|CHANGE, Portugal<\/em><\/li><li>Maria Manuel Gil, Polit\u00e9cnico de Leiria, Portugal<\/li><li>Marta Laranjo, <em>Universidade de \u00c9vora, MED|CHANGE, Portugal<\/em><\/li><li>M\u00e1rio Antunes, <em>Instituto<\/em> <em>Polit\u00e9cnico de Leiria, Portugal<\/em><\/li><li>Miguel Elias, <em>Universidade de \u00c9vora, MED|CHANGE, Portugal<\/em><\/li><li>Paula Coutinho<em>, Polytechnic Institute of Guarda, Portugal<\/em><\/li><li>Pedro Dinho da Silva, <em>Universidade da Beira Interior, Portugal<\/em><\/li><li>Pedro Dinis Gaspar, <em>Universidade da Beira Interior, Portugal<\/em><\/li><li>Rita Pinheiro, <em>Instituto Polit\u00e9cnico de Viana do Castelo, Portugal<\/em><\/li><li>Susana Caio, Inovcluster \u2013 Association of the Center Region Agro-Industrial Cluster, Portugal<\/li><li>T\u00e2nia Miranda Lima, <em>Universidade da Beira Interior, Portugal<\/em><\/li><li>Teresa Paiva, <em>Instituto Polit\u00e9cnico da Guarda, Portugal<\/em><\/li><\/ul>\t\t\t\t\t\t\t\t<\/div>\n\t\t\t\t<\/div>\n\t\t\t\t\t<\/div>\n\t\t<\/div>\n\t\t\t\t<div class=\"elementor-column elementor-col-50 elementor-top-column elementor-element elementor-element-e08c49f\" data-id=\"e08c49f\" data-element_type=\"column\" data-e-type=\"column\">\n\t\t\t<div class=\"elementor-widget-wrap elementor-element-populated\">\n\t\t\t\t\t\t<div class=\"elementor-element elementor-element-a6af6cc elementor-widget elementor-widget-heading\" data-id=\"a6af6cc\" data-element_type=\"widget\" data-e-type=\"widget\" data-widget_type=\"heading.default\">\n\t\t\t\t<div class=\"elementor-widget-container\">\n\t\t\t\t\t<h4 class=\"elementor-heading-title elementor-size-default\">Comiss\u00e3o Cient\u00edfica:<\/h4>\t\t\t\t<\/div>\n\t\t\t\t<\/div>\n\t\t\t\t<div class=\"elementor-element elementor-element-535bd6d elementor-widget elementor-widget-text-editor\" data-id=\"535bd6d\" data-element_type=\"widget\" data-e-type=\"widget\" data-widget_type=\"text-editor.default\">\n\t\t\t\t<div class=\"elementor-widget-container\">\n\t\t\t\t\t\t\t\t\t<ul>\n \t<li>Alberta Ara\u00fajo, <em>CISAS-IPVC &#8211; Polytechnic Institute of Viana do Castelo (IPVC), Portugal<\/em><\/li>\n \t<li>Ana Cristina Agulheiro-Santos, <em>Universidade de \u00c9vora, MED|CHANGE, Portugal<\/em><\/li>\n \t<li>Ana Sargento, <em>Polit\u00e9cnico de Leiria (IPLeiria), Portugal<\/em><\/li>\n \t<li>Ant\u00f3nio Vicente,\u00a0<i>Universidade do Minho, Portugal<\/i><i><u><\/u>\u00a0<\/i><\/li>\n \t<li>Carlos Dias Pereira, <em>Polytechnic Institute of Coimbra (IPC), Portugal<\/em><\/li>\n \t<li>Carlos Rabad\u00e3o, <em>Polit\u00e9cnico de Leiria (IPLeiria), Portugal<\/em><\/li>\n \t<li>Diane Dodd, International Institute of Gastronomy, Culture, Arts and Tourism (IGCAT)<\/li>\n \t<li>F\u00e1tima Po\u00e7as,\u00a0<em>Escola Superior de Biotecnologia \u2013 Universidade Cat\u00f3lica Portuguesa, Portugal<\/em><\/li>\n \t<li>Ivo Rodrigues, <em>Polytechnic Institute of Coimbra (IPC), Portugal<\/em><\/li>\n \t<li>Jean-Louis Marty,\u00a0<em>University of Perpignan, France<\/em><\/li>\n \t<li>Joana Santos, <em>CISAS-IPVC &#8211; Polytechnic Institute of Viana do Castelo (IPVC), Portugal<\/em><\/li>\n \t<li>Jo\u00e3o G\u00e2ndara, <em>Polytechnic Institute of Coimbra (IPC), Portugal<\/em><\/li>\n \t<li>Jo\u00e3o Matias, <em>University of Aveiro (UA), Portugal<\/em><\/li>\n \t<li>Jos\u00e9 Carlos Martins da Fonseca, <em>Polytechnic Institute of Guarda (IPG), Portugal<\/em><\/li>\n \t<li>Jos\u00e9 Nunes, <em>Polytechnic Institute of Castelo Branco (IPCB), Portugal<\/em><\/li>\n \t<li>Joseph P. Kerry, <em>Food Packaging Group, University of Cork, Ireland<\/em><\/li>\n \t<li>Lu\u00eds Pinto de Andrade, <em>Polytechnic Institute of Castelo Branco (IPCB), Portugal<\/em><\/li>\n \t<li>Manuela Vaz Velho, <em>CISAS-IPVC &#8211; Polytechnic Institute of Viana do Castelo (IPVC), Portugal<\/em><\/li>\n \t<li>Maria Eduarda Potes, <em>Universidade de \u00c9vora, MED|CHANGE, Portugal<\/em><\/li>\n \t<li>Maria Manuel Gil, <em>Instituto<\/em><em> Polit\u00e9cnico de Leiria (IPLeiria), Portugal<\/em><\/li>\n \t<li>M\u00e1rio Antunes, <em>Instituto<\/em> <em>Polit\u00e9cnico de Leiria (IPLeiria), Portugal<\/em><\/li>\n \t<li>Marco Dalla Rosa,\u00a0<em>University of Bologne, Italy<\/em><\/p><\/li>\n \t<li>Marta Henriques, <em>Polytechnic Institute of Coimbra (IPC), Portugal<\/em><\/li>\n \t<li>Marta Laranjo, <em>Universidade de \u00c9vora, MED|CHANGE, Portugal<\/em><\/li>\n \t<li>Maximiano Ribeiro, <em>Polytechnic Institute of Guarda (IPG), Portugal<\/em><\/li>\n \t<li>Miguel Elias, <em>Universidade de \u00c9vora, MED|CHANGE, Portugal<\/em><\/li>\n \t<li>Miguel Cerqueira,\u00a0<em>International Iberian Nanotechnology Laboratory (INL), Portugal<\/em><\/li>\n \t<li>Miguel Teixeira<em>, Associa\u00e7\u00e3o Colab4Food \u2013 Laborat\u00f3rio Colaborativo Para a Inova\u00e7\u00e3o da Ind\u00fastria Agroalimentar, Portugal<\/em><\/li>\n \t<li>Paula Coutinho, <em>Polytechnic Institute of Guarda (IPG), Portugal<\/em><\/li>\n \t<li>Pedro Dinho da Silva, <em>University da Beira Interior (UBI), Portugal<\/em><\/li>\n \t<li>Pedro Dinis Gaspar, <em>University Beira Interior (UBI), Portugal<\/em><\/li>\n \t<li>Pedro Martinho, <em>Polit\u00e9cnico de Leiria (IPLeiria), Portugal<\/em><\/li>\n \t<li>Rita Pinheiro, <em>CISAS-IPVC &#8211; Polytechnic Institute of Viana do Castelo (IPVC), Portugal<\/em><\/li>\n \t<li>Rosalina Costa, <em>Universidade de \u00c9vora, Portugal<\/em><\/li>\n \t<li>Rui Costa, <em>Polytechnic Institute of Coimbra (IPC), Portugal<\/em><\/li>\n \t<li>T\u00e2nia Miranda Lima, <em>University Beira Interior (UBI), Portugal<\/em><\/li>\n \t<li>Teresa Paiva, <em>Polytechnic Institute of Guarda (IPG), Portugal<\/em><\/li>\n<\/ul>\t\t\t\t\t\t\t\t<\/div>\n\t\t\t\t<\/div>\n\t\t\t\t\t<\/div>\n\t\t<\/div>\n\t\t\t\t\t<\/div>\n\t\t<\/section>\n\t\t\t\t<section class=\"elementor-section elementor-top-section elementor-element elementor-element-54c5ca2b elementor-section-full_width elementor-section-height-default elementor-section-height-default\" data-id=\"54c5ca2b\" data-element_type=\"section\" data-e-type=\"section\" data-settings=\"{&quot;background_background&quot;:&quot;classic&quot;,&quot;sticky&quot;:&quot;bottom&quot;,&quot;sticky_on&quot;:[&quot;desktop&quot;,&quot;tablet&quot;,&quot;mobile&quot;],&quot;sticky_offset&quot;:0,&quot;sticky_effects_offset&quot;:0}\">\n\t\t\t\t\t\t<div class=\"elementor-container elementor-column-gap-default\">\n\t\t\t\t\t<div class=\"elementor-column elementor-col-100 elementor-top-column elementor-element elementor-element-5ad2fd53\" data-id=\"5ad2fd53\" data-element_type=\"column\" data-e-type=\"column\">\n\t\t\t<div class=\"elementor-widget-wrap elementor-element-populated\">\n\t\t\t\t\t\t<div class=\"elementor-element elementor-element-33cc55eb elementor-widget elementor-widget-image\" data-id=\"33cc55eb\" data-element_type=\"widget\" data-e-type=\"widget\" data-widget_type=\"image.default\">\n\t\t\t\t<div class=\"elementor-widget-container\">\n\t\t\t\t\t\t\t\t\t\t\t\t\t\t\t<img decoding=\"async\" src=\"https:\/\/s4agro.pt\/congresso\/wp-content\/uploads\/sites\/6\/elementor\/thumbs\/BARRA-COMPLETA-q1kuwqlf3tsb3qxd9hvrn3wm2mn3b4bqfbwqnmgawa.png\" title=\"BARRA COMPLETA\" alt=\"BARRA COMPLETA\" loading=\"lazy\" \/>\t\t\t\t\t\t\t\t\t\t\t\t\t\t\t<\/div>\n\t\t\t\t<\/div>\n\t\t\t\t\t<\/div>\n\t\t<\/div>\n\t\t\t\t\t<\/div>\n\t\t<\/section>\n\t\t\t\t<\/div>\n\t\t","protected":false},"excerpt":{"rendered":"<p>Presidente Pedro Dinis Gaspar, Universidade da Beira Interior, Portugal Comiss\u00e3o Organizadora: Ana Cristina Agulheiro Santos, Universidade de \u00c9vora, MED|CHANGE, Portugal Ana Sargento, Instituto Polit\u00e9cnico de Leiria, Portugal Carlos Dias Pereira, Instituto Polit\u00e9cnico de Coimbra &#8211; Escola Superior Agr\u00e1ria de Coimbra, Portugal Christelle Domingos, Inovcluster \u2013 Association of the Center Region Agro-Industrial Cluster, Portugal Jo\u00e3o G\u00e2ndara,&#8230;<\/p>\n","protected":false},"author":1,"featured_media":0,"parent":0,"menu_order":0,"comment_status":"closed","ping_status":"closed","template":"elementor_header_footer","meta":{"footnotes":""},"class_list":["post-7128","page","type-page","status-publish","hentry"],"aioseo_notices":[],"_links":{"self":[{"href":"https:\/\/s4agro.pt\/congresso\/wp-json\/wp\/v2\/pages\/7128","targetHints":{"allow":["GET"]}}],"collection":[{"href":"https:\/\/s4agro.pt\/congresso\/wp-json\/wp\/v2\/pages"}],"about":[{"href":"https:\/\/s4agro.pt\/congresso\/wp-json\/wp\/v2\/types\/page"}],"author":[{"embeddable":true,"href":"https:\/\/s4agro.pt\/congresso\/wp-json\/wp\/v2\/users\/1"}],"replies":[{"embeddable":true,"href":"https:\/\/s4agro.pt\/congresso\/wp-json\/wp\/v2\/comments?post=7128"}],"version-history":[{"count":26,"href":"https:\/\/s4agro.pt\/congresso\/wp-json\/wp\/v2\/pages\/7128\/revisions"}],"predecessor-version":[{"id":8955,"href":"https:\/\/s4agro.pt\/congresso\/wp-json\/wp\/v2\/pages\/7128\/revisions\/8955"}],"wp:attachment":[{"href":"https:\/\/s4agro.pt\/congresso\/wp-json\/wp\/v2\/media?parent=7128"}],"curies":[{"name":"wp","href":"https:\/\/api.w.org\/{rel}","templated":true}]}}