{"id":6939,"date":"2022-09-27T21:51:36","date_gmt":"2022-09-27T21:51:36","guid":{"rendered":"https:\/\/s4agro.pt\/congresso\/?page_id=6939"},"modified":"2023-02-02T17:50:59","modified_gmt":"2023-02-02T17:50:59","slug":"castelo-branco","status":"publish","type":"page","link":"https:\/\/s4agro.pt\/congresso\/castelo-branco\/","title":{"rendered":"Castelo Branco"},"content":{"rendered":"\t\t<div data-elementor-type=\"wp-page\" data-elementor-id=\"6939\" class=\"elementor elementor-6939\">\n\t\t\t\t\t\t<section class=\"elementor-section elementor-top-section elementor-element elementor-element-0f1bc93 elementor-section-boxed elementor-section-height-default elementor-section-height-default\" data-id=\"0f1bc93\" data-element_type=\"section\" data-e-type=\"section\">\n\t\t\t\t\t\t<div class=\"elementor-container elementor-column-gap-default\">\n\t\t\t\t\t<div class=\"elementor-column elementor-col-100 elementor-top-column elementor-element elementor-element-7dab8da\" data-id=\"7dab8da\" data-element_type=\"column\" data-e-type=\"column\">\n\t\t\t<div class=\"elementor-widget-wrap elementor-element-populated\">\n\t\t\t\t\t\t<section class=\"elementor-section elementor-inner-section elementor-element elementor-element-071f746 elementor-section-boxed elementor-section-height-default elementor-section-height-default\" data-id=\"071f746\" data-element_type=\"section\" data-e-type=\"section\">\n\t\t\t\t\t\t<div class=\"elementor-container elementor-column-gap-default\">\n\t\t\t\t\t<div class=\"elementor-column elementor-col-50 elementor-inner-column elementor-element elementor-element-0127f12\" data-id=\"0127f12\" data-element_type=\"column\" data-e-type=\"column\">\n\t\t\t<div class=\"elementor-widget-wrap elementor-element-populated\">\n\t\t\t\t\t\t<div class=\"elementor-element elementor-element-fc92518 elementor-widget elementor-widget-heading\" data-id=\"fc92518\" data-element_type=\"widget\" data-e-type=\"widget\" data-widget_type=\"heading.default\">\n\t\t\t\t<div class=\"elementor-widget-container\">\n\t\t\t\t\t<h2 class=\"elementor-heading-title elementor-size-default\">Local do Congresso<\/h2>\t\t\t\t<\/div>\n\t\t\t\t<\/div>\n\t\t\t\t<div class=\"elementor-element elementor-element-c8181c0 elementor-widget elementor-widget-text-editor\" data-id=\"c8181c0\" data-element_type=\"widget\" data-e-type=\"widget\" data-widget_type=\"text-editor.default\">\n\t\t\t\t<div class=\"elementor-widget-container\">\n\t\t\t\t\t\t\t\t\t<p>O Congresso Internacional S4agro ter\u00e1 lugar no <strong>Cine-Teatro Avenida em Castelo Branco &#8211; Portugal<\/strong> e ser\u00e1 organizado pelo<a href=\"http:\/\/www.inovcluster.pt\/\" target=\"_blank\" rel=\"noopener\"> InovCluster &#8211; Cluster Agro-industrial do Centro<\/a>, e acolhido pela <a href=\"https:\/\/www.cm-castelobranco.pt\/\" target=\"_blank\" rel=\"noopener\">C\u00e2mara Municipal de Castelo Branco<\/a>.<\/p>\t\t\t\t\t\t\t\t<\/div>\n\t\t\t\t<\/div>\n\t\t\t\t<div class=\"elementor-element elementor-element-4aebd2e elementor-widget elementor-widget-text-editor\" data-id=\"4aebd2e\" data-element_type=\"widget\" data-e-type=\"widget\" data-widget_type=\"text-editor.default\">\n\t\t\t\t<div class=\"elementor-widget-container\">\n\t\t\t\t\t\t\t\t\t<h3>Contactos<\/h3><p><strong>Contacto Telef\u00f3nico:<\/strong> 272 349 560<\/p><p><strong>Website:<\/strong> www.culturavibra.com<\/p><p><br \/><strong>Inaugura\u00e7\u00e3o:<\/strong> Setembro de 2000<br \/><strong>\u00c1reas Interven\u00e7\u00e3o\/Atua\u00e7\u00e3o:<\/strong> Cinema, m\u00fasica dan\u00e7a, teatro, confer\u00eancias<br \/><strong>Lota\u00e7\u00e3o:<\/strong> 700 lugares<\/p>\t\t\t\t\t\t\t\t<\/div>\n\t\t\t\t<\/div>\n\t\t\t\t\t<\/div>\n\t\t<\/div>\n\t\t\t\t<div class=\"elementor-column elementor-col-50 elementor-inner-column elementor-element elementor-element-0a3db10\" data-id=\"0a3db10\" data-element_type=\"column\" data-e-type=\"column\">\n\t\t\t<div class=\"elementor-widget-wrap elementor-element-populated\">\n\t\t\t\t\t\t<div class=\"elementor-element elementor-element-56ed256 elementor-arrows-position-inside elementor-widget elementor-widget-image-carousel\" data-id=\"56ed256\" data-element_type=\"widget\" data-e-type=\"widget\" data-settings=\"{&quot;slides_to_show&quot;:&quot;1&quot;,&quot;navigation&quot;:&quot;arrows&quot;,&quot;autoplay_speed&quot;:2000,&quot;autoplay&quot;:&quot;yes&quot;,&quot;pause_on_hover&quot;:&quot;yes&quot;,&quot;pause_on_interaction&quot;:&quot;yes&quot;,&quot;infinite&quot;:&quot;yes&quot;,&quot;effect&quot;:&quot;slide&quot;,&quot;speed&quot;:500}\" data-widget_type=\"image-carousel.default\">\n\t\t\t\t<div class=\"elementor-widget-container\">\n\t\t\t\t\t\t\t<div class=\"elementor-image-carousel-wrapper swiper\" role=\"region\" aria-roledescription=\"carousel\" aria-label=\"Carrossel de imagens\" dir=\"ltr\">\n\t\t\t<div class=\"elementor-image-carousel swiper-wrapper\" aria-live=\"off\">\n\t\t\t\t\t\t\t\t<div class=\"swiper-slide\" role=\"group\" aria-roledescription=\"slide\" aria-label=\"1 of 4\"><figure class=\"swiper-slide-inner\"><img decoding=\"async\" class=\"swiper-slide-image\" src=\"https:\/\/s4agro.pt\/congresso\/wp-content\/uploads\/sites\/6\/2022\/09\/cine-teatroCB-450x450.png\" alt=\"cine-teatroCB\" \/><\/figure><\/div><div class=\"swiper-slide\" role=\"group\" aria-roledescription=\"slide\" aria-label=\"2 of 4\"><figure class=\"swiper-slide-inner\"><img decoding=\"async\" class=\"swiper-slide-image\" src=\"https:\/\/s4agro.pt\/congresso\/wp-content\/uploads\/sites\/6\/2022\/09\/cinceTeatroCB.Hall_-450x450.png\" alt=\"cinceTeatroCB.Hall\" \/><\/figure><\/div><div class=\"swiper-slide\" role=\"group\" aria-roledescription=\"slide\" aria-label=\"3 of 4\"><figure class=\"swiper-slide-inner\"><img decoding=\"async\" class=\"swiper-slide-image\" src=\"https:\/\/s4agro.pt\/congresso\/wp-content\/uploads\/sites\/6\/2022\/09\/cine-teatroCB.chairs-450x450.png\" alt=\"cine-teatroCB.chairs\" \/><\/figure><\/div><div class=\"swiper-slide\" role=\"group\" aria-roledescription=\"slide\" aria-label=\"4 of 4\"><figure class=\"swiper-slide-inner\"><img decoding=\"async\" class=\"swiper-slide-image\" src=\"https:\/\/s4agro.pt\/congresso\/wp-content\/uploads\/sites\/6\/2022\/09\/cine-teatroCB2-450x450.png\" alt=\"cine-teatroCB2\" \/><\/figure><\/div>\t\t\t<\/div>\n\t\t\t\t\t\t\t\t\t\t\t\t<div class=\"elementor-swiper-button elementor-swiper-button-prev\" role=\"button\" tabindex=\"0\">\n\t\t\t\t\t\t<i aria-hidden=\"true\" class=\"eicon-chevron-left\"><\/i>\t\t\t\t\t<\/div>\n\t\t\t\t\t<div class=\"elementor-swiper-button elementor-swiper-button-next\" role=\"button\" tabindex=\"0\">\n\t\t\t\t\t\t<i aria-hidden=\"true\" class=\"eicon-chevron-right\"><\/i>\t\t\t\t\t<\/div>\n\t\t\t\t\n\t\t\t\t\t\t\t\t\t<\/div>\n\t\t\t\t\t\t<\/div>\n\t\t\t\t<\/div>\n\t\t\t\t\t<\/div>\n\t\t<\/div>\n\t\t\t\t\t<\/div>\n\t\t<\/section>\n\t\t\t\t\t<\/div>\n\t\t<\/div>\n\t\t\t\t\t<\/div>\n\t\t<\/section>\n\t\t\t\t<section class=\"elementor-section elementor-top-section elementor-element elementor-element-9f8a142 elementor-section-boxed elementor-section-height-default elementor-section-height-default\" data-id=\"9f8a142\" data-element_type=\"section\" data-e-type=\"section\">\n\t\t\t\t\t\t<div class=\"elementor-container elementor-column-gap-default\">\n\t\t\t\t\t<div class=\"elementor-column elementor-col-100 elementor-top-column elementor-element elementor-element-d086561\" data-id=\"d086561\" data-element_type=\"column\" data-e-type=\"column\">\n\t\t\t<div class=\"elementor-widget-wrap elementor-element-populated\">\n\t\t\t\t\t\t<div class=\"elementor-element elementor-element-6094fa5 elementor-widget elementor-widget-google_maps\" data-id=\"6094fa5\" data-element_type=\"widget\" data-e-type=\"widget\" data-widget_type=\"google_maps.default\">\n\t\t\t\t<div class=\"elementor-widget-container\">\n\t\t\t\t\t\t\t<div class=\"elementor-custom-embed\">\n\t\t\t<iframe loading=\"lazy\"\n\t\t\t\t\tsrc=\"https:\/\/maps.google.com\/maps?q=cine-teatro%20avenida%2C%20Castelo%20Branco%2C%20Portugal&#038;t=m&#038;z=15&#038;output=embed&#038;iwloc=near\"\n\t\t\t\t\ttitle=\"cine-teatro avenida, Castelo Branco, Portugal\"\n\t\t\t\t\taria-label=\"cine-teatro avenida, Castelo Branco, Portugal\"\n\t\t\t><\/iframe>\n\t\t<\/div>\n\t\t\t\t\t\t<\/div>\n\t\t\t\t<\/div>\n\t\t\t\t<div data-ep-wrapper-link=\"{&quot;url&quot;:&quot;https:\\\/\\\/castelobranco360.cm-castelobranco.pt\\\/&quot;,&quot;is_external&quot;:&quot;on&quot;,&quot;nofollow&quot;:&quot;&quot;,&quot;custom_attributes&quot;:&quot;&quot;}\" style=\"cursor: pointer\" class=\"bdt-element-link elementor-element elementor-element-f56ff28 elementor-absolute elementor-widget__width-initial elementor-invisible elementor-widget elementor-widget-rt-address-box\" data-id=\"f56ff28\" data-element_type=\"widget\" data-e-type=\"widget\" data-settings=\"{&quot;_position&quot;:&quot;absolute&quot;,&quot;_animation&quot;:&quot;fadeInUp&quot;,&quot;_animation_delay&quot;:300}\" data-widget_type=\"rt-address-box.default\">\n\t\t\t\t<div class=\"elementor-widget-container\">\n\t\t\t\t\t\n<div class=\"address-box box-v1 common-box\">\n    <div class=\"content-box\">\n                <div class=\"sub-title\">CASTELO BRANCO<\/div>\n                <h2 class=\"title\">Cine-Teatro Avenida<\/h2>\n                <div class=\"list-info\">\n            <ul>\n                                <li>\n                    Morada                    <p>Av. General Humberto Delgado 99,\n6000-81 Castelo Branco<\/p>\n                <\/li>\n                                <li>\n                    Contacto                    <p>(+351) 272 349 560<\/p>\n                <\/li>\n                                <li>\n                    Iniciar Mapa Virtual                    <p><\/p>\n                <\/li>\n                            <\/ul>\n        <\/div>\n            <\/div>\n<\/div>\t\t\t\t<\/div>\n\t\t\t\t<\/div>\n\t\t\t\t\t<\/div>\n\t\t<\/div>\n\t\t\t\t\t<\/div>\n\t\t<\/section>\n\t\t\t\t<section class=\"elementor-section elementor-top-section elementor-element elementor-element-f086d46 elementor-section-content-middle elementor-section-boxed elementor-section-height-default elementor-section-height-default\" data-id=\"f086d46\" data-element_type=\"section\" data-e-type=\"section\">\n\t\t\t\t\t\t<div class=\"elementor-container elementor-column-gap-default\">\n\t\t\t\t\t<div class=\"elementor-column elementor-col-50 elementor-top-column elementor-element elementor-element-61d843b\" data-id=\"61d843b\" data-element_type=\"column\" data-e-type=\"column\">\n\t\t\t<div class=\"elementor-widget-wrap elementor-element-populated\">\n\t\t\t\t\t\t<div class=\"elementor-element elementor-element-0014294 elementor-widget elementor-widget-heading\" data-id=\"0014294\" data-element_type=\"widget\" data-e-type=\"widget\" data-widget_type=\"heading.default\">\n\t\t\t\t<div class=\"elementor-widget-container\">\n\t\t\t\t\t<h2 class=\"elementor-heading-title elementor-size-default\">Cidade de Castelo Branco<\/h2>\t\t\t\t<\/div>\n\t\t\t\t<\/div>\n\t\t\t\t<div class=\"elementor-element elementor-element-59d424f elementor-widget elementor-widget-text-editor\" data-id=\"59d424f\" data-element_type=\"widget\" data-e-type=\"widget\" data-widget_type=\"text-editor.default\">\n\t\t\t\t<div class=\"elementor-widget-container\">\n\t\t\t\t\t\t\t\t\t<p>Castelo Branco \u00e9 uma cidade portuguesa, capital do distrito de Castelo Branco, situada na regi\u00e3o do Centro (Regi\u00e3o das Beiras) de Portugal, na sub-regi\u00e3o da Beira Interior Sul e na antiga prov\u00edncia da Beira Baixa, com cerca de 34.000 habitantes no seu per\u00edmetro urbano.<\/p><p>\u00c9 sede do terceiro maior munic\u00edpio portugu\u00eas, com 1.438,19 km\u00b2 de \u00e1rea e 56.109 habitantes (albicastrenses) (2011), subdividido em 19 freguesias. O munic\u00edpio \u00e9 limitado a norte pelo munic\u00edpio do Fund\u00e3o, a leste por Idanha-a-Nova, a sul pela Espanha, a sudoeste por Vila Velha de R\u00f3d\u00e3o e a oeste por Proen\u00e7a-a-Nova e por Oleiros. Localiza-se no interior de Portugal a aproximadamente de 50 km da fronteira com Espanha e dista cerca de 100 km da cidade da Guarda e 80 km da cidade de Portalegre, as capitais de distrito mais pr\u00f3ximas.<\/p>\t\t\t\t\t\t\t\t<\/div>\n\t\t\t\t<\/div>\n\t\t\t\t<section class=\"elementor-section elementor-inner-section elementor-element elementor-element-726bda8 elementor-section-boxed elementor-section-height-default elementor-section-height-default\" data-id=\"726bda8\" data-element_type=\"section\" data-e-type=\"section\">\n\t\t\t\t\t\t<div class=\"elementor-container elementor-column-gap-default\">\n\t\t\t\t\t<div class=\"elementor-column elementor-col-50 elementor-inner-column elementor-element elementor-element-9e508a4\" data-id=\"9e508a4\" data-element_type=\"column\" data-e-type=\"column\">\n\t\t\t<div class=\"elementor-widget-wrap elementor-element-populated\">\n\t\t\t\t\t\t<div class=\"elementor-element elementor-element-5fcbbbd elementor-align-center elementor-widget elementor-widget-elementskit-button\" data-id=\"5fcbbbd\" data-element_type=\"widget\" data-e-type=\"widget\" data-widget_type=\"elementskit-button.default\">\n\t\t\t\t<div class=\"elementor-widget-container\">\n\t\t\t\t\t<div class=\"ekit-wid-con\" >\t\t<div class=\"ekit-btn-wraper\">\n\t\t\t\t\t\t\t<a href=\"https:\/\/www.cm-castelobranco.pt\/visitante\/descanse-no-nosso-concelho\/\" class=\"elementskit-btn  whitespace--normal\" id=\"\">\n\t\t\t\t\t<i class=\"fas fa-hotel\"><\/i>Onde dormir\t\t\t\t<\/a>\n\t\t\t\t\t<\/div>\n        <\/div>\t\t\t\t<\/div>\n\t\t\t\t<\/div>\n\t\t\t\t\t<\/div>\n\t\t<\/div>\n\t\t\t\t<div class=\"elementor-column elementor-col-50 elementor-inner-column elementor-element elementor-element-e6279a4\" data-id=\"e6279a4\" data-element_type=\"column\" data-e-type=\"column\">\n\t\t\t<div class=\"elementor-widget-wrap elementor-element-populated\">\n\t\t\t\t\t\t<div class=\"elementor-element elementor-element-7d17246 elementor-align-center elementor-widget elementor-widget-elementskit-button\" data-id=\"7d17246\" data-element_type=\"widget\" data-e-type=\"widget\" data-widget_type=\"elementskit-button.default\">\n\t\t\t\t<div class=\"elementor-widget-container\">\n\t\t\t\t\t<div class=\"ekit-wid-con\" >\t\t<div class=\"ekit-btn-wraper\">\n\t\t\t\t\t\t\t<a href=\"https:\/\/www.cm-castelobranco.pt\/visitante\/a-beira-na-mesa\/\" class=\"elementskit-btn  whitespace--normal\" id=\"\">\n\t\t\t\t\t<i class=\"fas fa-pizza-slice\"><\/i>Onde comer\t\t\t\t<\/a>\n\t\t\t\t\t<\/div>\n        <\/div>\t\t\t\t<\/div>\n\t\t\t\t<\/div>\n\t\t\t\t\t<\/div>\n\t\t<\/div>\n\t\t\t\t\t<\/div>\n\t\t<\/section>\n\t\t\t\t\t<\/div>\n\t\t<\/div>\n\t\t\t\t<div class=\"elementor-column elementor-col-50 elementor-top-column elementor-element elementor-element-e051571\" data-id=\"e051571\" data-element_type=\"column\" data-e-type=\"column\">\n\t\t\t<div class=\"elementor-widget-wrap elementor-element-populated\">\n\t\t\t\t\t\t<div class=\"elementor-element elementor-element-18cef12 elementor-widget elementor-widget-image\" data-id=\"18cef12\" data-element_type=\"widget\" data-e-type=\"widget\" data-widget_type=\"image.default\">\n\t\t\t\t<div class=\"elementor-widget-container\">\n\t\t\t\t\t\t\t\t\t\t\t\t\t\t\t<img fetchpriority=\"high\" decoding=\"async\" width=\"1024\" height=\"673\" src=\"https:\/\/s4agro.pt\/congresso\/wp-content\/uploads\/sites\/6\/2022\/09\/277004952_4906045669517896_8141787389184178070_n-1024x673.jpg\" class=\"attachment-large size-large wp-image-6942\" alt=\"\" srcset=\"https:\/\/s4agro.pt\/congresso\/wp-content\/uploads\/sites\/6\/2022\/09\/277004952_4906045669517896_8141787389184178070_n-1024x673.jpg 1024w, https:\/\/s4agro.pt\/congresso\/wp-content\/uploads\/sites\/6\/2022\/09\/277004952_4906045669517896_8141787389184178070_n-700x460.jpg 700w, https:\/\/s4agro.pt\/congresso\/wp-content\/uploads\/sites\/6\/2022\/09\/277004952_4906045669517896_8141787389184178070_n-768x505.jpg 768w, https:\/\/s4agro.pt\/congresso\/wp-content\/uploads\/sites\/6\/2022\/09\/277004952_4906045669517896_8141787389184178070_n-600x395.jpg 600w, https:\/\/s4agro.pt\/congresso\/wp-content\/uploads\/sites\/6\/2022\/09\/277004952_4906045669517896_8141787389184178070_n.jpg 1399w\" sizes=\"(max-width: 1024px) 100vw, 1024px\" \/>\t\t\t\t\t\t\t\t\t\t\t\t\t\t\t<\/div>\n\t\t\t\t<\/div>\n\t\t\t\t\t<\/div>\n\t\t<\/div>\n\t\t\t\t\t<\/div>\n\t\t<\/section>\n\t\t\t\t<section class=\"elementor-section elementor-top-section elementor-element elementor-element-8e9d4eb elementor-section-boxed elementor-section-height-default elementor-section-height-default\" data-id=\"8e9d4eb\" data-element_type=\"section\" data-e-type=\"section\">\n\t\t\t\t\t\t<div class=\"elementor-container elementor-column-gap-default\">\n\t\t\t\t\t<div class=\"elementor-column elementor-col-100 elementor-top-column elementor-element elementor-element-3a58f33\" data-id=\"3a58f33\" data-element_type=\"column\" data-e-type=\"column\">\n\t\t\t<div class=\"elementor-widget-wrap elementor-element-populated\">\n\t\t\t\t\t\t<div class=\"elementor-element elementor-element-3e16413 elementor-widget elementor-widget-text-editor\" data-id=\"3e16413\" data-element_type=\"widget\" data-e-type=\"widget\" data-widget_type=\"text-editor.default\">\n\t\t\t\t<div class=\"elementor-widget-container\">\n\t\t\t\t\t\t\t\t\t<p>Ao contr\u00e1rio de outras cidades da regi\u00e3o, que cresceram notavelmente devido \u00e0 ind\u00fastria t\u00eaxtil, Castelo Branco sempre teve uma import\u00e2ncia geoestrat\u00e9gica e pol\u00edtica em Portugal.<br \/>N\u00e3o est\u00e1, por esse motivo, sujeita \u00e0s flutua\u00e7\u00f5es econ\u00f3micas que deslocalizaram empresas t\u00eaxteis &#8211; mormente de labora\u00e7\u00e3o manual desqualificada &#8211; como sucedeu na regi\u00e3o norte e na Cova da Beira. A composi\u00e7\u00e3o sociol\u00f3gica predominante \u00e9 por esse motivo tamb\u00e9m muito diferente de outras cidades de cultura do operariado.<br \/>Foi considerada em 2006, num estudo elaborado pela DECO, a segunda capital de distrito do pa\u00eds com melhor qualidade de vida. Em 2017, encontra-se em 36\u00ba lugar nacional, e 7\u00ba lugar da regi\u00e3o Centro, segundo um estudo pela consultora Bloom Consulting.<\/p>\t\t\t\t\t\t\t\t<\/div>\n\t\t\t\t<\/div>\n\t\t\t\t<section class=\"elementor-section elementor-inner-section elementor-element elementor-element-7e5fc8a elementor-section-content-middle elementor-section-boxed elementor-section-height-default elementor-section-height-default\" data-id=\"7e5fc8a\" data-element_type=\"section\" data-e-type=\"section\">\n\t\t\t\t\t\t<div class=\"elementor-container elementor-column-gap-default\">\n\t\t\t\t\t<div class=\"elementor-column elementor-col-50 elementor-inner-column elementor-element elementor-element-5cfb98c\" data-id=\"5cfb98c\" data-element_type=\"column\" data-e-type=\"column\">\n\t\t\t<div class=\"elementor-widget-wrap elementor-element-populated\">\n\t\t\t\t\t\t<div class=\"elementor-element elementor-element-fb3f7ab elementor-widget elementor-widget-text-editor\" data-id=\"fb3f7ab\" data-element_type=\"widget\" data-e-type=\"widget\" data-widget_type=\"text-editor.default\">\n\t\t\t\t<div class=\"elementor-widget-container\">\n\t\t\t\t\t\t\t\t\t<h4><span style=\"color: #3f9191;\"><strong>Meteorologia<\/strong><\/span><\/h4><p>O clima no concelho de Castelo Branco \u00e9 temperado mediterr\u00e2neo influenciado pela continentalidade pelo que apresenta pouca humidade ao longo do ano. A localiza\u00e7\u00e3o da cidade, numa zona transit\u00f3ria entre o Mar Mediterr\u00e2neo e o Oceano Atl\u00e2ntico, confere-lhe muitas das propriedades climatol\u00f3gica que apresenta. A temperatura m\u00e9dia do ar ronda os 15,5 \u00b0C, atingindo o seu m\u00ednimo em janeiro (com temperaturas m\u00e9dias m\u00ednimas pr\u00f3ximas de 1 \u00b0C) e com a m\u00e9dia de 7,9 \u00b0C. No seu m\u00e1ximo em julho (onde a temperatura se situa, em m\u00e9dia, na casa dos 25 \u00b0C).<\/p>\t\t\t\t\t\t\t\t<\/div>\n\t\t\t\t<\/div>\n\t\t\t\t\t<\/div>\n\t\t<\/div>\n\t\t\t\t<div class=\"elementor-column elementor-col-50 elementor-inner-column elementor-element elementor-element-add3207\" data-id=\"add3207\" data-element_type=\"column\" data-e-type=\"column\">\n\t\t\t<div class=\"elementor-widget-wrap elementor-element-populated\">\n\t\t\t\t\t\t<div class=\"elementor-element elementor-element-fa1972a elementor-widget elementor-widget-image\" data-id=\"fa1972a\" data-element_type=\"widget\" data-e-type=\"widget\" data-widget_type=\"image.default\">\n\t\t\t\t<div class=\"elementor-widget-container\">\n\t\t\t\t\t\t\t\t\t\t\t\t\t\t\t<img decoding=\"async\" width=\"1192\" height=\"439\" src=\"https:\/\/s4agro.pt\/congresso\/wp-content\/uploads\/sites\/6\/2022\/09\/temperatura.png\" class=\"attachment-full size-full wp-image-6943\" alt=\"\" srcset=\"https:\/\/s4agro.pt\/congresso\/wp-content\/uploads\/sites\/6\/2022\/09\/temperatura.png 1192w, https:\/\/s4agro.pt\/congresso\/wp-content\/uploads\/sites\/6\/2022\/09\/temperatura-700x258.png 700w, https:\/\/s4agro.pt\/congresso\/wp-content\/uploads\/sites\/6\/2022\/09\/temperatura-1024x377.png 1024w, https:\/\/s4agro.pt\/congresso\/wp-content\/uploads\/sites\/6\/2022\/09\/temperatura-768x283.png 768w, https:\/\/s4agro.pt\/congresso\/wp-content\/uploads\/sites\/6\/2022\/09\/temperatura-600x221.png 600w\" sizes=\"(max-width: 1192px) 100vw, 1192px\" \/>\t\t\t\t\t\t\t\t\t\t\t\t\t\t\t<\/div>\n\t\t\t\t<\/div>\n\t\t\t\t\t<\/div>\n\t\t<\/div>\n\t\t\t\t\t<\/div>\n\t\t<\/section>\n\t\t\t\t\t<\/div>\n\t\t<\/div>\n\t\t\t\t\t<\/div>\n\t\t<\/section>\n\t\t\t\t<section class=\"elementor-section elementor-top-section elementor-element elementor-element-76ea68c elementor-section-full_width elementor-section-height-default elementor-section-height-default\" data-id=\"76ea68c\" data-element_type=\"section\" data-e-type=\"section\" data-settings=\"{&quot;background_background&quot;:&quot;classic&quot;,&quot;sticky&quot;:&quot;bottom&quot;,&quot;sticky_on&quot;:[&quot;desktop&quot;,&quot;tablet&quot;,&quot;mobile&quot;],&quot;sticky_offset&quot;:0,&quot;sticky_effects_offset&quot;:0}\">\n\t\t\t\t\t\t<div class=\"elementor-container elementor-column-gap-default\">\n\t\t\t\t\t<div class=\"elementor-column elementor-col-100 elementor-top-column elementor-element elementor-element-473f60f\" data-id=\"473f60f\" data-element_type=\"column\" data-e-type=\"column\">\n\t\t\t<div class=\"elementor-widget-wrap elementor-element-populated\">\n\t\t\t\t\t\t<div class=\"elementor-element elementor-element-60dec8a elementor-widget elementor-widget-image\" data-id=\"60dec8a\" data-element_type=\"widget\" data-e-type=\"widget\" data-widget_type=\"image.default\">\n\t\t\t\t<div class=\"elementor-widget-container\">\n\t\t\t\t\t\t\t\t\t\t\t\t\t\t\t<img decoding=\"async\" src=\"https:\/\/s4agro.pt\/congresso\/wp-content\/uploads\/sites\/6\/elementor\/thumbs\/BARRA-COMPLETA-q1kuwqlf3tsb3qxd9hvrn3wm2mn3b4bqfbwqnmgawa.png\" title=\"BARRA COMPLETA\" alt=\"BARRA COMPLETA\" loading=\"lazy\" \/>\t\t\t\t\t\t\t\t\t\t\t\t\t\t\t<\/div>\n\t\t\t\t<\/div>\n\t\t\t\t\t<\/div>\n\t\t<\/div>\n\t\t\t\t\t<\/div>\n\t\t<\/section>\n\t\t\t\t<\/div>\n\t\t","protected":false},"excerpt":{"rendered":"<p>Local do Congresso O Congresso Internacional S4agro ter\u00e1 lugar no Cine-Teatro Avenida em Castelo Branco &#8211; Portugal e ser\u00e1 organizado pelo InovCluster &#8211; Cluster Agro-industrial do Centro, e acolhido pela C\u00e2mara Municipal de Castelo Branco. Contactos Contacto Telef\u00f3nico: 272 349 560 Website: www.culturavibra.com Inaugura\u00e7\u00e3o: Setembro de 2000\u00c1reas Interven\u00e7\u00e3o\/Atua\u00e7\u00e3o: Cinema, m\u00fasica dan\u00e7a, teatro, confer\u00eanciasLota\u00e7\u00e3o: 700 lugares&#8230;<\/p>\n","protected":false},"author":1,"featured_media":0,"parent":0,"menu_order":0,"comment_status":"closed","ping_status":"closed","template":"","meta":{"footnotes":""},"class_list":["post-6939","page","type-page","status-publish","hentry"],"aioseo_notices":[],"_links":{"self":[{"href":"https:\/\/s4agro.pt\/congresso\/wp-json\/wp\/v2\/pages\/6939","targetHints":{"allow":["GET"]}}],"collection":[{"href":"https:\/\/s4agro.pt\/congresso\/wp-json\/wp\/v2\/pages"}],"about":[{"href":"https:\/\/s4agro.pt\/congresso\/wp-json\/wp\/v2\/types\/page"}],"author":[{"embeddable":true,"href":"https:\/\/s4agro.pt\/congresso\/wp-json\/wp\/v2\/users\/1"}],"replies":[{"embeddable":true,"href":"https:\/\/s4agro.pt\/congresso\/wp-json\/wp\/v2\/comments?post=6939"}],"version-history":[{"count":84,"href":"https:\/\/s4agro.pt\/congresso\/wp-json\/wp\/v2\/pages\/6939\/revisions"}],"predecessor-version":[{"id":9135,"href":"https:\/\/s4agro.pt\/congresso\/wp-json\/wp\/v2\/pages\/6939\/revisions\/9135"}],"wp:attachment":[{"href":"https:\/\/s4agro.pt\/congresso\/wp-json\/wp\/v2\/media?parent=6939"}],"curies":[{"name":"wp","href":"https:\/\/api.w.org\/{rel}","templated":true}]}}