{"id":6528,"date":"2022-09-28T12:42:19","date_gmt":"2022-09-28T12:42:19","guid":{"rendered":"https:\/\/s4agro.pt\/congresso\/?page_id=6528"},"modified":"2023-01-06T14:59:00","modified_gmt":"2023-01-06T14:59:00","slug":"termos-condicoes","status":"publish","type":"page","link":"https:\/\/s4agro.pt\/congresso\/termos-condicoes\/","title":{"rendered":"Termos e Condi\u00e7\u00f5es"},"content":{"rendered":"\t\t<div data-elementor-type=\"wp-page\" data-elementor-id=\"6528\" class=\"elementor elementor-6528\">\n\t\t\t\t\t\t<section class=\"elementor-section elementor-top-section elementor-element elementor-element-fcd36c5 elementor-section-boxed elementor-section-height-default elementor-section-height-default\" data-id=\"fcd36c5\" data-element_type=\"section\" data-e-type=\"section\">\n\t\t\t\t\t\t<div class=\"elementor-container elementor-column-gap-default\">\n\t\t\t\t\t<div class=\"elementor-column elementor-col-100 elementor-top-column elementor-element elementor-element-ec0b3a5\" data-id=\"ec0b3a5\" data-element_type=\"column\" data-e-type=\"column\">\n\t\t\t<div class=\"elementor-widget-wrap elementor-element-populated\">\n\t\t\t\t\t\t<div class=\"elementor-element elementor-element-18ef24b elementor-widget elementor-widget-spacer\" data-id=\"18ef24b\" data-element_type=\"widget\" data-e-type=\"widget\" data-widget_type=\"spacer.default\">\n\t\t\t\t<div class=\"elementor-widget-container\">\n\t\t\t\t\t\t\t<div class=\"elementor-spacer\">\n\t\t\t<div class=\"elementor-spacer-inner\"><\/div>\n\t\t<\/div>\n\t\t\t\t\t\t<\/div>\n\t\t\t\t<\/div>\n\t\t\t\t<div class=\"elementor-element elementor-element-5f89ace elementor-widget elementor-widget-heading\" data-id=\"5f89ace\" data-element_type=\"widget\" data-e-type=\"widget\" data-widget_type=\"heading.default\">\n\t\t\t\t<div class=\"elementor-widget-container\">\n\t\t\t\t\t<h2 class=\"elementor-heading-title elementor-size-default\">Pol\u00edtica do Congresso<\/h2>\t\t\t\t<\/div>\n\t\t\t\t<\/div>\n\t\t\t\t<div class=\"elementor-element elementor-element-b8856e4 elementor-widget elementor-widget-text-editor\" data-id=\"b8856e4\" data-element_type=\"widget\" data-e-type=\"widget\" data-widget_type=\"text-editor.default\">\n\t\t\t\t<div class=\"elementor-widget-container\">\n\t\t\t\t\t\t\t\t\t<p>Ao submeter o trabalho para o Congresso Internacional S4agro 2023, todos os autores concordam em respeitar as regras de submiss\u00e3o de trabalhos, publica\u00e7\u00e3o e apresenta\u00e7\u00e3o. Nomeadamente, os autores confirmam que o trabalho \u00e9 original, n\u00e3o foi publicado em qualquer tipo de literatura anterior e n\u00e3o vai aparecer em mais nenhum trabalho em simult\u00e2neo com a submiss\u00e3o no Congresso Internacional S4agro ou at\u00e9 aparecer no Livro de Resumos do congresso S4agro (em caso de aceita\u00e7\u00e3o). Al\u00e9m disso, ap\u00f3s o trabalho ser aceite, os autores concordam em transferir os direitos de autor do documento aceite para o Congresso Internacional S4agro, e um dos autores ir\u00e1 registar o documento e apresent\u00e1-lo no evento. Qualquer pedido de ren\u00fancia de trabalhos apenas ser\u00e1 aceite por escrito atrav\u00e9s de e-mail ou carta para os organizadores do congresso. O congresso n\u00e3o \u00e9 respons\u00e1vel por qualquer uso indevido intencional ou acidental, m\u00e1 interpreta\u00e7\u00e3o ou falha ao seguir as regras e condi\u00e7\u00f5es acima descritas e n\u00e3o possui responsabilidade legal, civil ou outra por opini\u00f5es, conte\u00fado ou utiliza\u00e7\u00e3o de quaisquer m\u00e9todos ou algoritmos expressos nas atas do congresso.<\/p><p>Qualquer quest\u00e3o acerca da submiss\u00e3o de trabalhos ou dos workshops, por favor contacte os organizadores do congresso.<\/p>\t\t\t\t\t\t\t\t<\/div>\n\t\t\t\t<\/div>\n\t\t\t\t\t<\/div>\n\t\t<\/div>\n\t\t\t\t\t<\/div>\n\t\t<\/section>\n\t\t\t\t<section class=\"elementor-section elementor-top-section elementor-element elementor-element-207cc39 elementor-section-boxed elementor-section-height-default elementor-section-height-default\" data-id=\"207cc39\" data-element_type=\"section\" data-e-type=\"section\">\n\t\t\t\t\t\t<div class=\"elementor-container elementor-column-gap-default\">\n\t\t\t\t\t<div class=\"elementor-column elementor-col-100 elementor-top-column elementor-element elementor-element-f197ff2\" data-id=\"f197ff2\" data-element_type=\"column\" data-e-type=\"column\">\n\t\t\t<div class=\"elementor-widget-wrap elementor-element-populated\">\n\t\t\t\t\t\t<div class=\"elementor-element elementor-element-f51b764 elementor-widget elementor-widget-heading\" data-id=\"f51b764\" data-element_type=\"widget\" data-e-type=\"widget\" data-widget_type=\"heading.default\">\n\t\t\t\t<div class=\"elementor-widget-container\">\n\t\t\t\t\t<h2 class=\"elementor-heading-title elementor-size-default\">Inscri\u00e7\u00e3o no Congresso<\/h2>\t\t\t\t<\/div>\n\t\t\t\t<\/div>\n\t\t\t\t<div class=\"elementor-element elementor-element-500fb2a elementor-widget elementor-widget-text-editor\" data-id=\"500fb2a\" data-element_type=\"widget\" data-e-type=\"widget\" data-widget_type=\"text-editor.default\">\n\t\t\t\t<div class=\"elementor-widget-container\">\n\t\t\t\t\t\t\t\t\t<p>A entrada no evento para participantes sem apresenta\u00e7\u00e3o de trabalhos cient\u00edficos \u00e9 gratuita. Apenas \u00e9 requerido o registo nos Workshops por limita\u00e7\u00e3o do n\u00famero de participantes.<\/p><p>As taxas para a potencial publica\u00e7\u00e3o de trabalhos alargados numa edi\u00e7\u00e3o especial de revistas internacionais indexadas \u00e0 base de dados ISI\/Scopus devem ser suportadas pelos autores.<\/p><p>Cada orador registado pode submeter 2 artigos. Os artigos n\u00e3o ser\u00e3o publicados sem o registo pr\u00e9vio de um dos autores.<\/p>\t\t\t\t\t\t\t\t<\/div>\n\t\t\t\t<\/div>\n\t\t\t\t\t<\/div>\n\t\t<\/div>\n\t\t\t\t\t<\/div>\n\t\t<\/section>\n\t\t\t\t<section class=\"elementor-section elementor-top-section elementor-element elementor-element-096da9a elementor-section-boxed elementor-section-height-default elementor-section-height-default\" data-id=\"096da9a\" data-element_type=\"section\" data-e-type=\"section\">\n\t\t\t\t\t\t<div class=\"elementor-container elementor-column-gap-default\">\n\t\t\t\t\t<div class=\"elementor-column elementor-col-100 elementor-top-column elementor-element elementor-element-fc4a9b4\" data-id=\"fc4a9b4\" data-element_type=\"column\" data-e-type=\"column\">\n\t\t\t<div class=\"elementor-widget-wrap elementor-element-populated\">\n\t\t\t\t\t\t<div class=\"elementor-element elementor-element-bf786bb elementor-widget elementor-widget-heading\" data-id=\"bf786bb\" data-element_type=\"widget\" data-e-type=\"widget\" data-widget_type=\"heading.default\">\n\t\t\t\t<div class=\"elementor-widget-container\">\n\t\t\t\t\t<h2 class=\"elementor-heading-title elementor-size-default\">Submiss\u00e3o de Artigo Completo<\/h2>\t\t\t\t<\/div>\n\t\t\t\t<\/div>\n\t\t\t\t<div class=\"elementor-element elementor-element-ceb5f3d elementor-widget elementor-widget-text-editor\" data-id=\"ceb5f3d\" data-element_type=\"widget\" data-e-type=\"widget\" data-widget_type=\"text-editor.default\">\n\t\t\t\t<div class=\"elementor-widget-container\">\n\t\t\t\t\t\t\t\t\t<div>As atividades de\u00a0investiga\u00e7\u00e3o,\u00a0desenvolvimento e\u00a0inova\u00e7\u00e3o\u00a0(ID&amp;I) evoluem constantemente.<\/div><div><div>\u00a0<\/div><div>Deseja apresentar os seus trabalhos de ID&amp;I em curso?<\/div><div>\u00a0<\/div><div>Est\u00e1 disposto(a) a discutir uma ideia promissora com a comunidade do setor agro-alimentar?<\/div><div>\u00a0<\/div><div>Deseja apresentar o seu trabalho de investiga\u00e7\u00e3o?<\/div><div>\u00a0<\/div><div>\u00a0<\/div><div>Tem a possibilidade de apresentar as suas ideias, novos projetos ou mesmo os primeiros resultados de trabalhos de investiga\u00e7\u00e3o, relacionados com os temas do congresso. Durante o congresso, poder\u00e1 comunicar, discutir com colegas, investigadores\u00a0jovens ou\u00a0seniores, do setor acad\u00e9mico ou industrial.<\/div><div>\u00a0<\/div><div>At\u00e9\u00a0<b><u>1 de Fevereiro de 2023<\/u><\/b>, poder\u00e1 submeter o Resumo na plataforma e, sendo aceite pela Comiss\u00e3o Cient\u00edfica do Congresso, ter\u00e1 a oportunidade de apresentar o seu trabalho (oral ou poster).<\/div><\/div><div>\u00a0<\/div><h4><strong><b>Passos para a Submiss\u00e3o de Resumos\/Artigos<\/b><\/strong><\/h4><div><ul><li>Aceder ao Sistema de Submiss\u00e3o\u00a0 <strong><a href=\"https:\/\/easychair.org\/conferences\/?conf=s4agroconference2023\" target=\"_blank\" rel=\"noopener\" data-saferedirecturl=\"https:\/\/www.google.com\/url?q=https:\/\/easychair.org\/conferences\/?conf%3Ds4agroconference2023&amp;source=gmail&amp;ust=1671535330854000&amp;usg=AOvVaw1VFNI0rrIdV_ts8c2ORPfd\">https:\/\/easychair.org\/<wbr \/>conferences\/?conf=<wbr \/>s4agroconference2023<\/a><\/strong>.<\/li><li>Adicione os autores, os seus endere\u00e7os de correio eletr\u00f3nico e afilia\u00e7\u00f5es<\/li><li>Complete o t\u00edtulo, o resumo e as palavras-chave<\/li><li>Escolha o tipo de apresenta\u00e7\u00e3o (oral ou poster)<\/li><li>Escolha o tema<\/li><li>Submeta o seu resumo (.pdf apenas) seguindo o modelo (<a href=\"https:\/\/s4agro.pt\/congresso\/wp-content\/uploads\/sites\/6\/2022\/12\/S4Agro2023_Abstract.doc\" target=\"_blank\" rel=\"noopener\"><u><strong>Modelo<\/strong><\/u><\/a>)<\/li><li>Ap\u00f3s o congresso, os autores ser\u00e3o convidados a submeter o artigo completo a revistas internacionais de apoio ao congresso (nota: podem ser aplicadas taxas<\/li><\/ul><div>\u00a0<\/div><\/div><p>Ap\u00f3s o resumo aceite, poder\u00e1 elaborar o artigo completo (\u00a0<a href=\"https:\/\/s4agro.pt\/congresso\/wp-content\/uploads\/sites\/6\/2022\/12\/S4Agro2023_Abstract.doc\" target=\"_blank\" rel=\"noopener\"><u><strong>Modelo<\/strong><\/u><\/a>) que deve ser enviado atrav\u00e9s da Plataforma Online de Submiss\u00e3o:\u00a0<strong><a href=\"https:\/\/easychair.org\/conferences\/?conf=s4agroconference2023\" target=\"_blank\" rel=\"noopener\" data-saferedirecturl=\"https:\/\/www.google.com\/url?q=https:\/\/easychair.org\/conferences\/?conf%3Ds4agroconference2023&amp;source=gmail&amp;ust=1671535330854000&amp;usg=AOvVaw1VFNI0rrIdV_ts8c2ORPfd\">https:\/\/easychair.<wbr \/>org\/conferences\/?conf=<wbr \/>s4agroconference2023<\/a><\/strong>; (somente .pdf).\u00a0O artigo completo\u00a0ser\u00e1 recomendado para um n\u00famero especial de um jornal internacional indexado.<\/p><h4><strong>Pol\u00edtica em M\u00faltiplas Submiss\u00f5es<\/strong><\/h4><section><div><div><div><div><div><p>Se o autor cometer um ato de pl\u00e1gio, ser\u00e3o tomadas a\u00e7\u00f5es de san\u00e7\u00e3o de rejei\u00e7\u00e3o\u00a0do resumo\/artigo enviado ou sua exclus\u00e3o das publica\u00e7\u00f5es finais.<\/p><\/div><\/div><\/div><\/div><\/div><\/section><section><div><div><div><div><div>\u00a0<\/div><\/div><\/div><\/div><\/div><\/section>\t\t\t\t\t\t\t\t<\/div>\n\t\t\t\t<\/div>\n\t\t\t\t\t<\/div>\n\t\t<\/div>\n\t\t\t\t\t<\/div>\n\t\t<\/section>\n\t\t\t\t<section class=\"elementor-section elementor-top-section elementor-element elementor-element-d5e00e5 elementor-section-boxed elementor-section-height-default elementor-section-height-default\" data-id=\"d5e00e5\" data-element_type=\"section\" data-e-type=\"section\">\n\t\t\t\t\t\t<div class=\"elementor-container elementor-column-gap-default\">\n\t\t\t\t\t<div class=\"elementor-column elementor-col-100 elementor-top-column elementor-element elementor-element-8aa5796\" data-id=\"8aa5796\" data-element_type=\"column\" data-e-type=\"column\">\n\t\t\t<div class=\"elementor-widget-wrap elementor-element-populated\">\n\t\t\t\t\t\t<div class=\"elementor-element elementor-element-aab7ee2 elementor-widget elementor-widget-heading\" data-id=\"aab7ee2\" data-element_type=\"widget\" data-e-type=\"widget\" data-widget_type=\"heading.default\">\n\t\t\t\t<div class=\"elementor-widget-container\">\n\t\t\t\t\t<h2 class=\"elementor-heading-title elementor-size-default\">Datas Importantes<\/h2>\t\t\t\t<\/div>\n\t\t\t\t<\/div>\n\t\t\t\t<div class=\"elementor-element elementor-element-ae723f0 elementor-widget elementor-widget-text-editor\" data-id=\"ae723f0\" data-element_type=\"widget\" data-e-type=\"widget\" data-widget_type=\"text-editor.default\">\n\t\t\t\t<div class=\"elementor-widget-container\">\n\t\t\t\t\t\t\t\t\t<p>Para participar no evento, as inscri\u00e7\u00f5es est\u00e3o abertas at\u00e9 <span style=\"text-decoration: underline;\"><strong>2 de Mar\u00e7o de 2023<\/strong><\/span><\/p><ul><li><strong>2023\/01\/06<\/strong>: Inscri\u00e7\u00e3o no congresso (in\u00edcio)<\/li><li><strong>2023\/02\/01<\/strong>: Data limite de submiss\u00e3o dos resumos<\/li><li><strong>2023\/02\/01<\/strong>: Inscri\u00e7\u00e3o no congresso (normal)<\/li><li><strong>2023\/02\/15<\/strong>: Aceita\u00e7\u00e3o do resumo<\/li><li><strong>2023\/02\/15<\/strong>: Inscri\u00e7\u00e3o no congresso (tardia)<\/li><li><strong>2023\/03\/02<\/strong>: In\u00edcio do Congresso Internacional S4agro 2023<\/li><li><b><strong>2023\/03\/02<\/strong>:\u00a0<\/b>Convite \u00e0 submiss\u00e3o dos artigos completos \u00e0s revistas internacionais de suporte<\/li><\/ul><div><section><div><div><div><div><div><p>Tempo de apresenta\u00e7\u00e3o t\u00e9cnica\/cient\u00edfica: 20 min. (15 min. de apresenta\u00e7\u00e3o; 5 min. para discuss\u00e3o)<\/p><p>Tempo de apresenta\u00e7\u00e3o principal: 30 min. (25 min. de apresenta\u00e7\u00e3o; 5 min. para discuss\u00e3o)<\/p><p>Ficheiro\u00a0<em>Powerpoint<\/em>\/<wbr \/>Apresenta\u00e7\u00e3o a usar durante a sess\u00e3o:<strong><em>\u00a0\u00c9 DA RESPONSABILIDADE DO ORADOR TRAZER A APRESENTA\u00c7\u00c3O EM USB\u00a0<\/em><\/strong>(recomenda-se que tenha um\u00a0<em>backup<\/em>\u00a0da apresenta\u00e7\u00e3o no computador pessoal ou que seja enviada para o email\u00a0<u><a href=\"mailto:geral@maisagro.pt\" target=\"_blank\" rel=\"noopener\">geral@maisagro.pt<\/a><\/u>\u00a0antes do evento)<\/p><p>As apresenta\u00e7\u00f5es dos p\u00f3steres ser\u00e3o feitas em placas para cartazes ou cavaletes A0.<\/p><\/div><\/div><\/div><\/div><\/div><\/section><\/div>\t\t\t\t\t\t\t\t<\/div>\n\t\t\t\t<\/div>\n\t\t\t\t\t<\/div>\n\t\t<\/div>\n\t\t\t\t\t<\/div>\n\t\t<\/section>\n\t\t\t\t<section class=\"elementor-section elementor-top-section elementor-element elementor-element-1c7ac085 elementor-section-full_width elementor-section-height-default elementor-section-height-default\" data-id=\"1c7ac085\" data-element_type=\"section\" data-e-type=\"section\" data-settings=\"{&quot;background_background&quot;:&quot;classic&quot;,&quot;sticky&quot;:&quot;bottom&quot;,&quot;sticky_on&quot;:[&quot;desktop&quot;,&quot;tablet&quot;,&quot;mobile&quot;],&quot;sticky_offset&quot;:0,&quot;sticky_effects_offset&quot;:0}\">\n\t\t\t\t\t\t<div class=\"elementor-container elementor-column-gap-default\">\n\t\t\t\t\t<div class=\"elementor-column elementor-col-100 elementor-top-column elementor-element elementor-element-5094766c\" data-id=\"5094766c\" data-element_type=\"column\" data-e-type=\"column\">\n\t\t\t<div class=\"elementor-widget-wrap elementor-element-populated\">\n\t\t\t\t\t\t<div class=\"elementor-element elementor-element-2489b403 elementor-widget elementor-widget-image\" data-id=\"2489b403\" data-element_type=\"widget\" data-e-type=\"widget\" data-widget_type=\"image.default\">\n\t\t\t\t<div class=\"elementor-widget-container\">\n\t\t\t\t\t\t\t\t\t\t\t\t\t\t\t<img decoding=\"async\" src=\"https:\/\/s4agro.pt\/congresso\/wp-content\/uploads\/sites\/6\/elementor\/thumbs\/BARRA-COMPLETA-q1kuwqlf3tsb3qxd9hvrn3wm2mn3b4bqfbwqnmgawa.png\" title=\"BARRA COMPLETA\" alt=\"BARRA COMPLETA\" loading=\"lazy\" \/>\t\t\t\t\t\t\t\t\t\t\t\t\t\t\t<\/div>\n\t\t\t\t<\/div>\n\t\t\t\t\t<\/div>\n\t\t<\/div>\n\t\t\t\t\t<\/div>\n\t\t<\/section>\n\t\t\t\t<\/div>\n\t\t","protected":false},"excerpt":{"rendered":"<p>Pol\u00edtica do Congresso Ao submeter o trabalho para o Congresso Internacional S4agro 2023, todos os autores concordam em respeitar as regras de submiss\u00e3o de trabalhos, publica\u00e7\u00e3o e apresenta\u00e7\u00e3o. Nomeadamente, os autores confirmam que o trabalho \u00e9 original, n\u00e3o foi publicado em qualquer tipo de literatura anterior e n\u00e3o vai aparecer em mais nenhum trabalho em&#8230;<\/p>\n","protected":false},"author":1,"featured_media":0,"parent":0,"menu_order":0,"comment_status":"closed","ping_status":"closed","template":"elementor_header_footer","meta":{"footnotes":""},"class_list":["post-6528","page","type-page","status-publish","hentry"],"aioseo_notices":[],"_links":{"self":[{"href":"https:\/\/s4agro.pt\/congresso\/wp-json\/wp\/v2\/pages\/6528","targetHints":{"allow":["GET"]}}],"collection":[{"href":"https:\/\/s4agro.pt\/congresso\/wp-json\/wp\/v2\/pages"}],"about":[{"href":"https:\/\/s4agro.pt\/congresso\/wp-json\/wp\/v2\/types\/page"}],"author":[{"embeddable":true,"href":"https:\/\/s4agro.pt\/congresso\/wp-json\/wp\/v2\/users\/1"}],"replies":[{"embeddable":true,"href":"https:\/\/s4agro.pt\/congresso\/wp-json\/wp\/v2\/comments?post=6528"}],"version-history":[{"count":61,"href":"https:\/\/s4agro.pt\/congresso\/wp-json\/wp\/v2\/pages\/6528\/revisions"}],"predecessor-version":[{"id":8319,"href":"https:\/\/s4agro.pt\/congresso\/wp-json\/wp\/v2\/pages\/6528\/revisions\/8319"}],"wp:attachment":[{"href":"https:\/\/s4agro.pt\/congresso\/wp-json\/wp\/v2\/media?parent=6528"}],"curies":[{"name":"wp","href":"https:\/\/api.w.org\/{rel}","templated":true}]}}