{"id":3,"date":"2022-01-26T04:52:28","date_gmt":"2022-01-26T04:52:28","guid":{"rendered":"https:\/\/s4agro.pt\/congresso\/?page_id=3"},"modified":"2023-01-06T14:54:21","modified_gmt":"2023-01-06T14:54:21","slug":"politica-privacidade","status":"publish","type":"page","link":"https:\/\/s4agro.pt\/congresso\/politica-privacidade\/","title":{"rendered":"Pol\u00edtica de Privacidade"},"content":{"rendered":"\t\t<div data-elementor-type=\"wp-page\" data-elementor-id=\"3\" class=\"elementor elementor-3\">\n\t\t\t\t\t\t<section class=\"elementor-section elementor-top-section elementor-element elementor-element-3df2a0c elementor-section-boxed elementor-section-height-default elementor-section-height-default\" data-id=\"3df2a0c\" data-element_type=\"section\" data-e-type=\"section\">\n\t\t\t\t\t\t<div class=\"elementor-container elementor-column-gap-default\">\n\t\t\t\t\t<div class=\"elementor-column elementor-col-100 elementor-top-column elementor-element elementor-element-ce4e5c2\" data-id=\"ce4e5c2\" data-element_type=\"column\" data-e-type=\"column\">\n\t\t\t<div class=\"elementor-widget-wrap elementor-element-populated\">\n\t\t\t\t\t\t<div class=\"elementor-element elementor-element-871f1fc elementor-widget elementor-widget-spacer\" data-id=\"871f1fc\" data-element_type=\"widget\" data-e-type=\"widget\" data-widget_type=\"spacer.default\">\n\t\t\t\t<div class=\"elementor-widget-container\">\n\t\t\t\t\t\t\t<div class=\"elementor-spacer\">\n\t\t\t<div class=\"elementor-spacer-inner\"><\/div>\n\t\t<\/div>\n\t\t\t\t\t\t<\/div>\n\t\t\t\t<\/div>\n\t\t\t\t<div class=\"elementor-element elementor-element-6cdf117 elementor-widget elementor-widget-heading\" data-id=\"6cdf117\" data-element_type=\"widget\" data-e-type=\"widget\" data-widget_type=\"heading.default\">\n\t\t\t\t<div class=\"elementor-widget-container\">\n\t\t\t\t\t<h2 class=\"elementor-heading-title elementor-size-default\">Pol\u00edtica de Privacidade e Seguran\u00e7a<\/h2>\t\t\t\t<\/div>\n\t\t\t\t<\/div>\n\t\t\t\t<div class=\"elementor-element elementor-element-fa836ba elementor-widget elementor-widget-text-editor\" data-id=\"fa836ba\" data-element_type=\"widget\" data-e-type=\"widget\" data-widget_type=\"text-editor.default\">\n\t\t\t\t<div class=\"elementor-widget-container\">\n\t\t\t\t\t\t\t\t\t<h4 style=\"color: #3f9191;\"><strong>O que s\u00e3o cookies?<\/strong><\/h4><p>A p\u00e1gina do Congresso Internacional S4agro 2022 utiliza cookies no <a href=\"https:\/\/s4agro.pt\/congresso\">site<\/a>\u00a0para melhorar o seu desempenho e a experi\u00eancia do utilizador. Cookies s\u00e3o ficheiros de texto que s\u00e3o armazenados no computador ou no dispositivo m\u00f3vel do utilizador atrav\u00e9s do navegador de internet, retendo apenas informa\u00e7\u00e3o relacionada com as suas prefer\u00eancias, n\u00e3o incluindo, como tal, dados de cariz pessoal e\/ou confidencial.<\/p><p>Os cookies utilizados na p\u00e1gina n\u00e3o recolhem informa\u00e7\u00e3o que identifica o utilizador, apenas informa\u00e7\u00f5es gen\u00e9ricas, nomeadamente, a forma como os utilizadores chegam e utilizam o site ou a zona do pa\u00eds\/pa\u00edses atrav\u00e9s do qual acedem, etc. Os cookies ret\u00eam somente informa\u00e7\u00e3o relacionada com a prefer\u00eancia do utilizador, no entanto, a qualquer momento, o utilizador pode, atrav\u00e9s do seu navegador de internet decidir ser notificado sobre a rece\u00e7\u00e3o de cookies, bem como bloquear a respetiva entrada no seu dispositivo.<\/p><p>A recusa de uso de cookies no site pode resultar na impossibilidade de ter acesso a algumas das suas \u00e1reas ou de receber informa\u00e7\u00e3o personalizada.<\/p><p style=\"text-align: right;\"><strong><span style=\"background-color: #eeeeee; color: #646464; font-family: 'Courier 10 Pitch', Courier, monospace; font-size: 1em;\">Atualizado a 28\/09\/2022<\/span><\/strong><\/p>\t\t\t\t\t\t\t\t<\/div>\n\t\t\t\t<\/div>\n\t\t\t\t\t<\/div>\n\t\t<\/div>\n\t\t\t\t\t<\/div>\n\t\t<\/section>\n\t\t\t\t<section class=\"elementor-section elementor-top-section elementor-element elementor-element-5ff21782 elementor-section-full_width elementor-section-height-default elementor-section-height-default\" data-id=\"5ff21782\" data-element_type=\"section\" data-e-type=\"section\" data-settings=\"{&quot;background_background&quot;:&quot;classic&quot;,&quot;sticky&quot;:&quot;bottom&quot;,&quot;sticky_on&quot;:[&quot;desktop&quot;,&quot;tablet&quot;,&quot;mobile&quot;],&quot;sticky_offset&quot;:0,&quot;sticky_effects_offset&quot;:0}\">\n\t\t\t\t\t\t<div class=\"elementor-container elementor-column-gap-default\">\n\t\t\t\t\t<div class=\"elementor-column elementor-col-100 elementor-top-column elementor-element elementor-element-746081fd\" data-id=\"746081fd\" data-element_type=\"column\" data-e-type=\"column\">\n\t\t\t<div class=\"elementor-widget-wrap elementor-element-populated\">\n\t\t\t\t\t\t<div class=\"elementor-element elementor-element-772caf19 elementor-widget elementor-widget-image\" data-id=\"772caf19\" data-element_type=\"widget\" data-e-type=\"widget\" data-widget_type=\"image.default\">\n\t\t\t\t<div class=\"elementor-widget-container\">\n\t\t\t\t\t\t\t\t\t\t\t\t\t\t\t<img decoding=\"async\" src=\"https:\/\/s4agro.pt\/congresso\/wp-content\/uploads\/sites\/6\/elementor\/thumbs\/BARRA-COMPLETA-q1kuwqlf3tsb3qxd9hvrn3wm2mn3b4bqfbwqnmgawa.png\" title=\"BARRA COMPLETA\" alt=\"BARRA COMPLETA\" loading=\"lazy\" \/>\t\t\t\t\t\t\t\t\t\t\t\t\t\t\t<\/div>\n\t\t\t\t<\/div>\n\t\t\t\t\t<\/div>\n\t\t<\/div>\n\t\t\t\t\t<\/div>\n\t\t<\/section>\n\t\t\t\t<\/div>\n\t\t","protected":false},"excerpt":{"rendered":"<p>Pol\u00edtica de Privacidade e Seguran\u00e7a O que s\u00e3o cookies? A p\u00e1gina do Congresso Internacional S4agro 2022 utiliza cookies no site\u00a0para melhorar o seu desempenho e a experi\u00eancia do utilizador. Cookies s\u00e3o ficheiros de texto que s\u00e3o armazenados no computador ou no dispositivo m\u00f3vel do utilizador atrav\u00e9s do navegador de internet, retendo apenas informa\u00e7\u00e3o relacionada com&#8230;<\/p>\n","protected":false},"author":1,"featured_media":0,"parent":0,"menu_order":0,"comment_status":"closed","ping_status":"open","template":"","meta":{"footnotes":""},"class_list":["post-3","page","type-page","status-publish","hentry"],"aioseo_notices":[],"_links":{"self":[{"href":"https:\/\/s4agro.pt\/congresso\/wp-json\/wp\/v2\/pages\/3","targetHints":{"allow":["GET"]}}],"collection":[{"href":"https:\/\/s4agro.pt\/congresso\/wp-json\/wp\/v2\/pages"}],"about":[{"href":"https:\/\/s4agro.pt\/congresso\/wp-json\/wp\/v2\/types\/page"}],"author":[{"embeddable":true,"href":"https:\/\/s4agro.pt\/congresso\/wp-json\/wp\/v2\/users\/1"}],"replies":[{"embeddable":true,"href":"https:\/\/s4agro.pt\/congresso\/wp-json\/wp\/v2\/comments?post=3"}],"version-history":[{"count":21,"href":"https:\/\/s4agro.pt\/congresso\/wp-json\/wp\/v2\/pages\/3\/revisions"}],"predecessor-version":[{"id":8298,"href":"https:\/\/s4agro.pt\/congresso\/wp-json\/wp\/v2\/pages\/3\/revisions\/8298"}],"wp:attachment":[{"href":"https:\/\/s4agro.pt\/congresso\/wp-json\/wp\/v2\/media?parent=3"}],"curies":[{"name":"wp","href":"https:\/\/api.w.org\/{rel}","templated":true}]}}