{"id":10171,"date":"2023-02-24T09:26:44","date_gmt":"2023-02-24T09:26:44","guid":{"rendered":"https:\/\/s4agro.pt\/congresso\/?page_id=10171"},"modified":"2023-02-24T09:28:35","modified_gmt":"2023-02-24T09:28:35","slug":"speaker-joao-borga","status":"publish","type":"page","link":"https:\/\/s4agro.pt\/congresso\/en\/speaker-joao-borga\/","title":{"rendered":"Jo\u00e3o Borga"},"content":{"rendered":"\t\t<div data-elementor-type=\"wp-page\" data-elementor-id=\"10171\" class=\"elementor elementor-10171\">\n\t\t\t\t\t\t<section class=\"elementor-section elementor-top-section elementor-element elementor-element-e7c58c8 elementor-section-full_width elementor-section-content-middle elementor-section-stretched elementor-reverse-mobile elementor-section-height-default elementor-section-height-default\" data-id=\"e7c58c8\" data-element_type=\"section\" data-e-type=\"section\" data-settings=\"{&quot;stretch_section&quot;:&quot;section-stretched&quot;,&quot;background_background&quot;:&quot;classic&quot;}\">\n\t\t\t\t\t\t<div class=\"elementor-container elementor-column-gap-default\">\n\t\t\t\t\t<div class=\"elementor-column elementor-col-66 elementor-top-column elementor-element elementor-element-ab26842\" data-id=\"ab26842\" data-element_type=\"column\" data-e-type=\"column\">\n\t\t\t<div class=\"elementor-widget-wrap elementor-element-populated\">\n\t\t\t\t\t\t<div class=\"elementor-element elementor-element-41ffcef elementor-widget elementor-widget-heading\" data-id=\"41ffcef\" data-element_type=\"widget\" data-e-type=\"widget\" data-widget_type=\"heading.default\">\n\t\t\t\t<div class=\"elementor-widget-container\">\n\t\t\t\t\t<h2 class=\"elementor-heading-title elementor-size-default\">Jo\u00e3o Borga<\/h2>\t\t\t\t<\/div>\n\t\t\t\t<\/div>\n\t\t\t\t<div class=\"elementor-element elementor-element-b2e4d43 elementor-widget elementor-widget-heading\" data-id=\"b2e4d43\" data-element_type=\"widget\" data-e-type=\"widget\" data-widget_type=\"heading.default\">\n\t\t\t\t<div class=\"elementor-widget-container\">\n\t\t\t\t\t<h4 class=\"elementor-heading-title elementor-size-default\">Ag\u00eancia Nacional de Inova\u00e7\u00e3o<\/h4>\t\t\t\t<\/div>\n\t\t\t\t<\/div>\n\t\t\t\t<div class=\"elementor-element elementor-element-c924833 elementor-widget elementor-widget-text-editor\" data-id=\"c924833\" data-element_type=\"widget\" data-e-type=\"widget\" data-widget_type=\"text-editor.default\">\n\t\t\t\t<div class=\"elementor-widget-container\">\n\t\t\t\t\t\t\t\t\t<p>Jo\u00e3o Mendes Borga graduated in Food Technology and Safety from Nova University Lisbon, in 2005, and is also a Master in Management and Business Administration from the University of Manchester, an MBA he finished in 2013 and after which he had the opportunity of engaging in a technology transfer by launching Spinn-offs in the British market.<\/p><p>He returned to Portugal during the peak of the crises period, motivated by the civic public service duty, and joined the Startup Lisbon team before launching the Center for Innovation Companies in Castelo Branco, which he managed for 3 years.<\/p><p>In 2016, he was nominated as the head for the Portuguese Nacional Incubator Network, an initiative that coordinates the efforts of 165 institutions that support about 2100 Startups, and was also a founding member of Startup Portugal, where he took on Chief Executive Officer duties, under the support initiatives to new entrepreneurship and implementation and monitoring projects of the national entrepreneurship strategy.<\/p>\t\t\t\t\t\t\t\t<\/div>\n\t\t\t\t<\/div>\n\t\t\t\t\t<\/div>\n\t\t<\/div>\n\t\t\t\t<div class=\"elementor-column elementor-col-33 elementor-top-column elementor-element elementor-element-3aef48c\" data-id=\"3aef48c\" data-element_type=\"column\" data-e-type=\"column\">\n\t\t\t<div class=\"elementor-widget-wrap elementor-element-populated\">\n\t\t\t\t\t\t<div class=\"elementor-element elementor-element-a9f2f92 elementor-widget elementor-widget-image\" data-id=\"a9f2f92\" data-element_type=\"widget\" data-e-type=\"widget\" data-widget_type=\"image.default\">\n\t\t\t\t<div class=\"elementor-widget-container\">\n\t\t\t\t\t\t\t\t\t\t\t\t\t\t\t<img fetchpriority=\"high\" decoding=\"async\" width=\"450\" height=\"450\" src=\"https:\/\/s4agro.pt\/congresso\/wp-content\/uploads\/sites\/6\/2023\/02\/joaoBorga400.jpg\" class=\"attachment-large size-large wp-image-10161\" alt=\"\" srcset=\"https:\/\/s4agro.pt\/congresso\/wp-content\/uploads\/sites\/6\/2023\/02\/joaoBorga400.jpg 450w, https:\/\/s4agro.pt\/congresso\/wp-content\/uploads\/sites\/6\/2023\/02\/joaoBorga400-150x150.jpg 150w\" sizes=\"(max-width: 450px) 100vw, 450px\" \/>\t\t\t\t\t\t\t\t\t\t\t\t\t\t\t<\/div>\n\t\t\t\t<\/div>\n\t\t\t\t\t<\/div>\n\t\t<\/div>\n\t\t\t\t\t<\/div>\n\t\t<\/section>\n\t\t\t\t<section class=\"elementor-section elementor-top-section elementor-element elementor-element-2fcdeeb elementor-section-boxed elementor-section-height-default elementor-section-height-default\" data-id=\"2fcdeeb\" data-element_type=\"section\" data-e-type=\"section\">\n\t\t\t\t\t\t<div class=\"elementor-container elementor-column-gap-default\">\n\t\t\t\t\t<div class=\"elementor-column elementor-col-100 elementor-top-column elementor-element elementor-element-ae2045c\" data-id=\"ae2045c\" data-element_type=\"column\" data-e-type=\"column\">\n\t\t\t<div class=\"elementor-widget-wrap elementor-element-populated\">\n\t\t\t\t\t\t<div class=\"elementor-element elementor-element-44ac020 elementor-widget elementor-widget-spacer\" data-id=\"44ac020\" data-element_type=\"widget\" data-e-type=\"widget\" data-widget_type=\"spacer.default\">\n\t\t\t\t<div class=\"elementor-widget-container\">\n\t\t\t\t\t\t\t<div class=\"elementor-spacer\">\n\t\t\t<div class=\"elementor-spacer-inner\"><\/div>\n\t\t<\/div>\n\t\t\t\t\t\t<\/div>\n\t\t\t\t<\/div>\n\t\t\t\t<div class=\"elementor-element elementor-element-299e9b0 elementor-widget elementor-widget-heading\" data-id=\"299e9b0\" data-element_type=\"widget\" data-e-type=\"widget\" data-widget_type=\"heading.default\">\n\t\t\t\t<div class=\"elementor-widget-container\">\n\t\t\t\t\t<h2 class=\"elementor-heading-title elementor-size-default\">Sessions:<\/h2>\t\t\t\t<\/div>\n\t\t\t\t<\/div>\n\t\t\t\t\t<\/div>\n\t\t<\/div>\n\t\t\t\t\t<\/div>\n\t\t<\/section>\n\t\t\t\t<section class=\"elementor-section elementor-top-section elementor-element elementor-element-2605c28 elementor-section-boxed elementor-section-height-default elementor-section-height-default\" data-id=\"2605c28\" data-element_type=\"section\" data-e-type=\"section\" data-settings=\"{&quot;background_background&quot;:&quot;classic&quot;}\">\n\t\t\t\t\t\t<div class=\"elementor-container elementor-column-gap-default\">\n\t\t\t\t\t<div class=\"elementor-column elementor-col-100 elementor-top-column elementor-element elementor-element-802b8fe\" data-id=\"802b8fe\" data-element_type=\"column\" data-e-type=\"column\" data-settings=\"{&quot;background_background&quot;:&quot;classic&quot;}\">\n\t\t\t<div class=\"elementor-widget-wrap elementor-element-populated\">\n\t\t\t\t\t\t<div class=\"elementor-element elementor-element-f2f8be5 elementor-widget elementor-widget-heading\" data-id=\"f2f8be5\" data-element_type=\"widget\" data-e-type=\"widget\" data-widget_type=\"heading.default\">\n\t\t\t\t<div class=\"elementor-widget-container\">\n\t\t\t\t\t<h4 class=\"elementor-heading-title elementor-size-default\">03 of March - Friday<\/h4>\t\t\t\t<\/div>\n\t\t\t\t<\/div>\n\t\t\t\t<div class=\"elementor-element elementor-element-5ee2e7f elementor-widget elementor-widget-text-editor\" data-id=\"5ee2e7f\" data-element_type=\"widget\" data-e-type=\"widget\" data-widget_type=\"text-editor.default\">\n\t\t\t\t<div class=\"elementor-widget-container\">\n\t\t\t\t\t\t\t\t\t<h5 style=\"margin: 0;\">Round Table \u2013 Cooperation towards Innovation &#8211; What Oportunities?<\/h5><div><h5 style=\"margin-right: 0px; margin-bottom: 0px; margin-left: 0px;\"><span style=\"font-weight: 400;\">15:30h<\/span> &#8211; Auditorium 2<\/h5><\/div>\t\t\t\t\t\t\t\t<\/div>\n\t\t\t\t<\/div>\n\t\t\t\t\t<\/div>\n\t\t<\/div>\n\t\t\t\t\t<\/div>\n\t\t<\/section>\n\t\t\t\t<section class=\"elementor-section elementor-top-section elementor-element elementor-element-41925a9 elementor-section-full_width elementor-section-stretched elementor-section-height-default elementor-section-height-default\" data-id=\"41925a9\" data-element_type=\"section\" data-e-type=\"section\" data-settings=\"{&quot;background_background&quot;:&quot;classic&quot;,&quot;sticky&quot;:&quot;bottom&quot;,&quot;stretch_section&quot;:&quot;section-stretched&quot;,&quot;sticky_on&quot;:[&quot;desktop&quot;,&quot;tablet&quot;,&quot;mobile&quot;],&quot;sticky_offset&quot;:0,&quot;sticky_effects_offset&quot;:0}\">\n\t\t\t\t\t\t<div class=\"elementor-container elementor-column-gap-default\">\n\t\t\t\t\t<div class=\"elementor-column elementor-col-100 elementor-top-column elementor-element elementor-element-6ec69f8\" data-id=\"6ec69f8\" data-element_type=\"column\" data-e-type=\"column\">\n\t\t\t<div class=\"elementor-widget-wrap elementor-element-populated\">\n\t\t\t\t\t\t<div class=\"elementor-element elementor-element-13995c7 elementor-widget elementor-widget-image\" data-id=\"13995c7\" data-element_type=\"widget\" data-e-type=\"widget\" data-widget_type=\"image.default\">\n\t\t\t\t<div class=\"elementor-widget-container\">\n\t\t\t\t\t\t\t\t\t\t\t\t\t\t\t<img decoding=\"async\" src=\"https:\/\/s4agro.pt\/congresso\/wp-content\/uploads\/sites\/6\/elementor\/thumbs\/BARRA-COMPLETA-q1kuwqlf3tsb3qxd9hvrn3wm2mn3b4bqfbwqnmgawa.png\" title=\"BARRA COMPLETA\" alt=\"BARRA COMPLETA\" loading=\"lazy\" \/>\t\t\t\t\t\t\t\t\t\t\t\t\t\t\t<\/div>\n\t\t\t\t<\/div>\n\t\t\t\t\t<\/div>\n\t\t<\/div>\n\t\t\t\t\t<\/div>\n\t\t<\/section>\n\t\t\t\t<\/div>\n\t\t","protected":false},"excerpt":{"rendered":"<p>Jo\u00e3o Borga Ag\u00eancia Nacional de Inova\u00e7\u00e3o Jo\u00e3o Mendes Borga graduated in Food Technology and Safety from Nova University Lisbon, in 2005, and is also a Master in Management and Business Administration from the University of Manchester, an MBA he finished in 2013 and after which he had the opportunity of engaging in a technology transfer&#8230;<\/p>\n","protected":false},"author":1,"featured_media":0,"parent":0,"menu_order":0,"comment_status":"closed","ping_status":"closed","template":"elementor_header_footer","meta":{"footnotes":""},"class_list":["post-10171","page","type-page","status-publish","hentry"],"aioseo_notices":[],"_links":{"self":[{"href":"https:\/\/s4agro.pt\/congresso\/wp-json\/wp\/v2\/pages\/10171","targetHints":{"allow":["GET"]}}],"collection":[{"href":"https:\/\/s4agro.pt\/congresso\/wp-json\/wp\/v2\/pages"}],"about":[{"href":"https:\/\/s4agro.pt\/congresso\/wp-json\/wp\/v2\/types\/page"}],"author":[{"embeddable":true,"href":"https:\/\/s4agro.pt\/congresso\/wp-json\/wp\/v2\/users\/1"}],"replies":[{"embeddable":true,"href":"https:\/\/s4agro.pt\/congresso\/wp-json\/wp\/v2\/comments?post=10171"}],"version-history":[{"count":4,"href":"https:\/\/s4agro.pt\/congresso\/wp-json\/wp\/v2\/pages\/10171\/revisions"}],"predecessor-version":[{"id":10175,"href":"https:\/\/s4agro.pt\/congresso\/wp-json\/wp\/v2\/pages\/10171\/revisions\/10175"}],"wp:attachment":[{"href":"https:\/\/s4agro.pt\/congresso\/wp-json\/wp\/v2\/media?parent=10171"}],"curies":[{"name":"wp","href":"https:\/\/api.w.org\/{rel}","templated":true}]}}