{"id":10035,"date":"2023-02-21T21:41:46","date_gmt":"2023-02-21T21:41:46","guid":{"rendered":"https:\/\/s4agro.pt\/congresso\/?page_id=10035"},"modified":"2023-02-21T21:48:11","modified_gmt":"2023-02-21T21:48:11","slug":"catarina-cunha-martins","status":"publish","type":"page","link":"https:\/\/s4agro.pt\/congresso\/catarina-cunha-martins\/","title":{"rendered":"Catarina Cunha Martins"},"content":{"rendered":"\t\t<div data-elementor-type=\"wp-page\" data-elementor-id=\"10035\" class=\"elementor elementor-10035\">\n\t\t\t\t\t\t<section class=\"elementor-section elementor-top-section elementor-element elementor-element-e7c58c8 elementor-section-full_width elementor-section-content-middle elementor-section-stretched elementor-reverse-mobile elementor-section-height-default elementor-section-height-default\" data-id=\"e7c58c8\" data-element_type=\"section\" data-e-type=\"section\" data-settings=\"{&quot;stretch_section&quot;:&quot;section-stretched&quot;,&quot;background_background&quot;:&quot;classic&quot;}\">\n\t\t\t\t\t\t<div class=\"elementor-container elementor-column-gap-default\">\n\t\t\t\t\t<div class=\"elementor-column elementor-col-66 elementor-top-column elementor-element elementor-element-ab26842\" data-id=\"ab26842\" data-element_type=\"column\" data-e-type=\"column\">\n\t\t\t<div class=\"elementor-widget-wrap elementor-element-populated\">\n\t\t\t\t\t\t<div class=\"elementor-element elementor-element-41ffcef elementor-widget elementor-widget-heading\" data-id=\"41ffcef\" data-element_type=\"widget\" data-e-type=\"widget\" data-widget_type=\"heading.default\">\n\t\t\t\t<div class=\"elementor-widget-container\">\n\t\t\t\t\t<h2 class=\"elementor-heading-title elementor-size-default\">Catarina Cunha Martins<\/h2>\t\t\t\t<\/div>\n\t\t\t\t<\/div>\n\t\t\t\t<div class=\"elementor-element elementor-element-b2e4d43 elementor-widget elementor-widget-heading\" data-id=\"b2e4d43\" data-element_type=\"widget\" data-e-type=\"widget\" data-widget_type=\"heading.default\">\n\t\t\t\t<div class=\"elementor-widget-container\">\n\t\t\t\t\t<h4 class=\"elementor-heading-title elementor-size-default\">CATAA<\/h4>\t\t\t\t<\/div>\n\t\t\t\t<\/div>\n\t\t\t\t<div class=\"elementor-element elementor-element-c924833 elementor-widget elementor-widget-text-editor\" data-id=\"c924833\" data-element_type=\"widget\" data-e-type=\"widget\" data-widget_type=\"text-editor.default\">\n\t\t\t\t<div class=\"elementor-widget-container\">\n\t\t\t\t\t\t\t\t\t<p>Catarina Cunha Martins, \u00e9 licenciada em engenharia Agron\u00f3mica &#8211; Ramo Florestal pela Escola Superior Agraria de Castelo Branco \u00e9 mestre em Forestry, Water and Landscape pela Faculty of Forestry and Wood Sciences &#8211; Czech University of Life Sciences Prague. <br \/><br \/>Em 2011 enquanto bolseira ao abrigo do programa Erasmus fez parte da equipa do Forest Management Institute Brand\u00fds nad Labem. O programa de est\u00e1gio destinado a acompanhar o invent\u00e1rio florestal da Rep\u00fablica Checa, onde foi poss\u00edvel desenvolver compet\u00eancias na implementa\u00e7\u00e3o, execu\u00e7\u00e3o e administra\u00e7\u00e3o dos dados referentes aos planos regionais de desenvolvimento florestal, incluindo o sistema tipol\u00f3gico florestal nacional. E aquisi\u00e7\u00e3o de compet\u00eancias na gest\u00e3o de Informa\u00e7\u00e3o e base de dados no ramo da silvicultura, pesca e ca\u00e7a e na recolha de dados no terreno.<\/p><p>Em 2014 iniciou a carreira enquanto T\u00e9cnico Superior na empresa SILVAPOR &#8211; Ambiente e Inova\u00e7\u00e3o, LDA sediada em Idanha-a-Nova, onde acompanhou a produ\u00e7\u00e3o, manuseamento e instala\u00e7\u00e3o de plantas florestais. Elaborou e acompanhou Planos de Gest\u00e3o Florestal e desempenhou fun\u00e7\u00f5es de acompanhamento e gest\u00e3o de equipas, em trabalhos florestais e de manuten\u00e7\u00e3o rodovi\u00e1ria. Foi respons\u00e1vel pela gest\u00e3o de meios e equipas no terreno no controlo do nem\u00e1todo da madeira do pinheiro (NMP) e a implementa\u00e7\u00e3o das medidas de prote\u00e7\u00e3o fitossanit\u00e1ria impostas pela legisla\u00e7\u00e3o, trabalhando diretamente com o Instituto Conserva\u00e7\u00e3o Natureza e Florestas (ICNF). Na parte administrativa deu apoio na reorganiza\u00e7\u00e3o do manual e os demais procedimentos, do Sistema de Gest\u00e3o de Qualidade. Foi formadora na \u00e1rea florestal e em higiene e seguran\u00e7a no trabalho.<\/p><p>Foi no ano de 2016 que ingressou a equipa da ASK ME ABOUT TEAM, LDA, uma empresa albicastrence onde foi respons\u00e1vel pela elabora\u00e7\u00e3o e acompanhamento de projetos florestais no \u00e2mbito do PRODer e PDR2020 e elabora\u00e7\u00e3o de PGF (Plano de Gest\u00e3o Florestal). Prestou assessoria t\u00e9cnica de \u00e2mbito florestal e agr\u00edcola, fez o acompanhamento de opera\u00e7\u00f5es silv\u00edcolas no terreno. Foi respons\u00e1vel pela recolha de dados cadastrais rurais com recurso a GPS e edi\u00e7\u00e3o cartografia atrav\u00e9s de sistemas de informa\u00e7\u00e3o geogr\u00e1fica (ARCGis e QGIS).<\/p><p>Fez parte da equipa da SGS Portugal &#8211; Sociedade Geral de Superintend\u00eancia S.A em 2019 e 2020. Onde realizou a\u00e7\u00f5es de controlo f\u00edsico e por teledete\u00e7\u00e3o, elabora\u00e7\u00e3o de relat\u00f3rios finais de controlo e acompanhamento de a\u00e7\u00f5es no terreno no \u00e2mbito das ajudas e dos apoios financeiros concedidos pelo IFAP.IP, no territ\u00f3rio de Portugal Continental. Esteve em contacto directo com agricultores e com a DRAPC.<\/p><p>Ingressou no CATAA em 2021 como membro da equipa do projeto CULTIVAR com o intuito de estabelecer o contacto direto com agricultores e produtores e dar apoio na realiza\u00e7\u00e3o de ensaios, levantamentos e colheita de dados em campo com e sem recurso a Sistemas de Informa\u00e7\u00e3o Geogr\u00e1fica e GPS. Realiza tamb\u00e9m a interpreta\u00e7\u00e3o de resultados e elabora\u00e7\u00e3o dos respetivos relat\u00f3rios e mapas em QGIS e SIG<\/p><p>Simultaneamente integrou a equipa de I&amp;D do CATAA em Unidades Piloto de produ\u00e7\u00e3o de alimentos apoiando o funcionamento de equipamentos, instala\u00e7\u00f5es e estabelecimento de protocolos. Teve participa\u00e7\u00e3o ativa em trabalhos de desenvolvimento e produ\u00e7\u00e3o de novos produtos \u00e0 escala piloto e otimiza\u00e7\u00e3o de processos de fabrico.<\/p><p>Actualmente exerce fun\u00e7\u00f5es na gest\u00e3o de projetos onde d\u00e1 suporte t\u00e9cnico e administrativo na elabora\u00e7\u00e3o e implementa\u00e7\u00e3o de projetos nacionais e internacionais.<\/p><p>Participa ativamente em atividades de investiga\u00e7\u00e3o (I&amp;D) e promo\u00e7\u00e3o a decorrer no \u00e2mbito dos projetos CULTIVAR e FUSILLI. Trabalha em equipa e associa\u00e7\u00e3o com pessoal investigador e\/ou docente superior.<\/p><p>\u00c9 co-autora de publica\u00e7\u00f5es cient\u00edficas. <\/p>\t\t\t\t\t\t\t\t<\/div>\n\t\t\t\t<\/div>\n\t\t\t\t\t<\/div>\n\t\t<\/div>\n\t\t\t\t<div class=\"elementor-column elementor-col-33 elementor-top-column elementor-element elementor-element-3aef48c\" data-id=\"3aef48c\" data-element_type=\"column\" data-e-type=\"column\">\n\t\t\t<div class=\"elementor-widget-wrap elementor-element-populated\">\n\t\t\t\t\t\t<div class=\"elementor-element elementor-element-a9f2f92 elementor-widget elementor-widget-image\" data-id=\"a9f2f92\" data-element_type=\"widget\" data-e-type=\"widget\" data-widget_type=\"image.default\">\n\t\t\t\t<div class=\"elementor-widget-container\">\n\t\t\t\t\t\t\t\t\t\t\t\t\t\t\t<img fetchpriority=\"high\" decoding=\"async\" width=\"600\" height=\"644\" src=\"https:\/\/s4agro.pt\/congresso\/wp-content\/uploads\/sites\/6\/2023\/02\/catarinaMartins.png\" class=\"attachment-large size-large wp-image-10021\" alt=\"\" srcset=\"https:\/\/s4agro.pt\/congresso\/wp-content\/uploads\/sites\/6\/2023\/02\/catarinaMartins.png 600w, https:\/\/s4agro.pt\/congresso\/wp-content\/uploads\/sites\/6\/2023\/02\/catarinaMartins-559x600.png 559w\" sizes=\"(max-width: 600px) 100vw, 600px\" \/>\t\t\t\t\t\t\t\t\t\t\t\t\t\t\t<\/div>\n\t\t\t\t<\/div>\n\t\t\t\t\t<\/div>\n\t\t<\/div>\n\t\t\t\t\t<\/div>\n\t\t<\/section>\n\t\t\t\t<section class=\"elementor-section elementor-top-section elementor-element elementor-element-2fcdeeb elementor-section-boxed elementor-section-height-default elementor-section-height-default\" data-id=\"2fcdeeb\" data-element_type=\"section\" data-e-type=\"section\">\n\t\t\t\t\t\t<div class=\"elementor-container elementor-column-gap-default\">\n\t\t\t\t\t<div class=\"elementor-column elementor-col-100 elementor-top-column elementor-element elementor-element-ae2045c\" data-id=\"ae2045c\" data-element_type=\"column\" data-e-type=\"column\">\n\t\t\t<div class=\"elementor-widget-wrap elementor-element-populated\">\n\t\t\t\t\t\t<div class=\"elementor-element elementor-element-44ac020 elementor-widget elementor-widget-spacer\" data-id=\"44ac020\" data-element_type=\"widget\" data-e-type=\"widget\" data-widget_type=\"spacer.default\">\n\t\t\t\t<div class=\"elementor-widget-container\">\n\t\t\t\t\t\t\t<div class=\"elementor-spacer\">\n\t\t\t<div class=\"elementor-spacer-inner\"><\/div>\n\t\t<\/div>\n\t\t\t\t\t\t<\/div>\n\t\t\t\t<\/div>\n\t\t\t\t<div class=\"elementor-element elementor-element-299e9b0 elementor-widget elementor-widget-heading\" data-id=\"299e9b0\" data-element_type=\"widget\" data-e-type=\"widget\" data-widget_type=\"heading.default\">\n\t\t\t\t<div class=\"elementor-widget-container\">\n\t\t\t\t\t<h2 class=\"elementor-heading-title elementor-size-default\">Sess\u00f5es:<\/h2>\t\t\t\t<\/div>\n\t\t\t\t<\/div>\n\t\t\t\t\t<\/div>\n\t\t<\/div>\n\t\t\t\t\t<\/div>\n\t\t<\/section>\n\t\t\t\t<section class=\"elementor-section elementor-top-section elementor-element elementor-element-2605c28 elementor-section-boxed elementor-section-height-default elementor-section-height-default\" data-id=\"2605c28\" data-element_type=\"section\" data-e-type=\"section\" data-settings=\"{&quot;background_background&quot;:&quot;classic&quot;}\">\n\t\t\t\t\t\t<div class=\"elementor-container elementor-column-gap-default\">\n\t\t\t\t\t<div class=\"elementor-column elementor-col-100 elementor-top-column elementor-element elementor-element-802b8fe\" data-id=\"802b8fe\" data-element_type=\"column\" data-e-type=\"column\" data-settings=\"{&quot;background_background&quot;:&quot;classic&quot;}\">\n\t\t\t<div class=\"elementor-widget-wrap elementor-element-populated\">\n\t\t\t\t\t\t<div class=\"elementor-element elementor-element-f2f8be5 elementor-widget elementor-widget-heading\" data-id=\"f2f8be5\" data-element_type=\"widget\" data-e-type=\"widget\" data-widget_type=\"heading.default\">\n\t\t\t\t<div class=\"elementor-widget-container\">\n\t\t\t\t\t<h4 class=\"elementor-heading-title elementor-size-default\">02 de Mar\u00e7o  - 5\u00aa feira<\/h4>\t\t\t\t<\/div>\n\t\t\t\t<\/div>\n\t\t\t\t<div class=\"elementor-element elementor-element-5ee2e7f elementor-widget elementor-widget-text-editor\" data-id=\"5ee2e7f\" data-element_type=\"widget\" data-e-type=\"widget\" data-widget_type=\"text-editor.default\">\n\t\t\t\t<div class=\"elementor-widget-container\">\n\t\t\t\t\t\t\t\t\t<h5 style=\"margin: 0;\">Boas Pr\u00e1ticas para a Agroind\u00fastria mais Verde e mais Digital<\/h5><div><h5 style=\"margin-right: 0px; margin-bottom: 0px; margin-left: 0px;\"><span style=\"font-weight: 400;\">14:00h<\/span> &#8211; Audit\u00f3rio Principal<\/h5><\/div>\t\t\t\t\t\t\t\t<\/div>\n\t\t\t\t<\/div>\n\t\t\t\t\t<\/div>\n\t\t<\/div>\n\t\t\t\t\t<\/div>\n\t\t<\/section>\n\t\t\t\t<section class=\"elementor-section elementor-top-section elementor-element elementor-element-41925a9 elementor-section-full_width elementor-section-stretched elementor-section-height-default elementor-section-height-default\" data-id=\"41925a9\" data-element_type=\"section\" data-e-type=\"section\" data-settings=\"{&quot;background_background&quot;:&quot;classic&quot;,&quot;sticky&quot;:&quot;bottom&quot;,&quot;stretch_section&quot;:&quot;section-stretched&quot;,&quot;sticky_on&quot;:[&quot;desktop&quot;,&quot;tablet&quot;,&quot;mobile&quot;],&quot;sticky_offset&quot;:0,&quot;sticky_effects_offset&quot;:0}\">\n\t\t\t\t\t\t<div class=\"elementor-container elementor-column-gap-default\">\n\t\t\t\t\t<div class=\"elementor-column elementor-col-100 elementor-top-column elementor-element elementor-element-6ec69f8\" data-id=\"6ec69f8\" data-element_type=\"column\" data-e-type=\"column\">\n\t\t\t<div class=\"elementor-widget-wrap elementor-element-populated\">\n\t\t\t\t\t\t<div class=\"elementor-element elementor-element-13995c7 elementor-widget elementor-widget-image\" data-id=\"13995c7\" data-element_type=\"widget\" data-e-type=\"widget\" data-widget_type=\"image.default\">\n\t\t\t\t<div class=\"elementor-widget-container\">\n\t\t\t\t\t\t\t\t\t\t\t\t\t\t\t<img decoding=\"async\" src=\"https:\/\/s4agro.pt\/congresso\/wp-content\/uploads\/sites\/6\/elementor\/thumbs\/BARRA-COMPLETA-q1kuwqlf3tsb3qxd9hvrn3wm2mn3b4bqfbwqnmgawa.png\" title=\"BARRA COMPLETA\" alt=\"BARRA COMPLETA\" loading=\"lazy\" \/>\t\t\t\t\t\t\t\t\t\t\t\t\t\t\t<\/div>\n\t\t\t\t<\/div>\n\t\t\t\t\t<\/div>\n\t\t<\/div>\n\t\t\t\t\t<\/div>\n\t\t<\/section>\n\t\t\t\t<\/div>\n\t\t","protected":false},"excerpt":{"rendered":"<p>Catarina Cunha Martins CATAA Catarina Cunha Martins, \u00e9 licenciada em engenharia Agron\u00f3mica &#8211; Ramo Florestal pela Escola Superior Agraria de Castelo Branco \u00e9 mestre em Forestry, Water and Landscape pela Faculty of Forestry and Wood Sciences &#8211; Czech University of Life Sciences Prague. Em 2011 enquanto bolseira ao abrigo do programa Erasmus fez parte da&#8230;<\/p>\n","protected":false},"author":1,"featured_media":0,"parent":0,"menu_order":0,"comment_status":"closed","ping_status":"closed","template":"elementor_header_footer","meta":{"footnotes":""},"class_list":["post-10035","page","type-page","status-publish","hentry"],"aioseo_notices":[],"_links":{"self":[{"href":"https:\/\/s4agro.pt\/congresso\/wp-json\/wp\/v2\/pages\/10035","targetHints":{"allow":["GET"]}}],"collection":[{"href":"https:\/\/s4agro.pt\/congresso\/wp-json\/wp\/v2\/pages"}],"about":[{"href":"https:\/\/s4agro.pt\/congresso\/wp-json\/wp\/v2\/types\/page"}],"author":[{"embeddable":true,"href":"https:\/\/s4agro.pt\/congresso\/wp-json\/wp\/v2\/users\/1"}],"replies":[{"embeddable":true,"href":"https:\/\/s4agro.pt\/congresso\/wp-json\/wp\/v2\/comments?post=10035"}],"version-history":[{"count":4,"href":"https:\/\/s4agro.pt\/congresso\/wp-json\/wp\/v2\/pages\/10035\/revisions"}],"predecessor-version":[{"id":10044,"href":"https:\/\/s4agro.pt\/congresso\/wp-json\/wp\/v2\/pages\/10035\/revisions\/10044"}],"wp:attachment":[{"href":"https:\/\/s4agro.pt\/congresso\/wp-json\/wp\/v2\/media?parent=10035"}],"curies":[{"name":"wp","href":"https:\/\/api.w.org\/{rel}","templated":true}]}}